{"id":7078,"date":"2026-02-03T09:54:28","date_gmt":"2026-02-03T09:54:28","guid":{"rendered":"https:\/\/gravel-bikes.cc\/?post_type=product&#038;p=7078"},"modified":"2026-02-03T10:02:09","modified_gmt":"2026-02-03T10:02:09","slug":"sram-rival-12-velocidades-desgaste-copy","status":"publish","type":"product","link":"https:\/\/gravel-bikes.cc\/es\/produkt\/sram-rival-12-velocidades-desgaste-copy\/","title":{"rendered":"SRAM Force 12 velocidades Desgaste"},"content":{"rendered":"<h2 class=\"product-detail-description__title\">Juego de desgaste SRAM FORCE &#8211; Cassette XG-1270 + Cadena | 12 velocidades | E1<\/h2>\n<div class=\"product-detail-description__content\">\n<div class=\"cms-content\">\n<p>Juego de desgaste con cassette XG-1270 y cadena Flattop.<\/p>\n<p>No importa cu\u00e1les sean tus aspiraciones o estilos de conducci\u00f3n, SRAM Force te cubre. Personaliza tu transmisi\u00f3n para tus necesidades con 12 velocidades ofrecidas en un rango de 10-28T, 10-30T, 10-33T o 10-36T. Comb\u00ednalo con cualquiera de los platos SRAM para la configuraci\u00f3n de engranajes de tus sue\u00f1os.  <\/p>\n<p>El engranaje <strong>X-Range<\/strong> te ofrece m\u00e1s rango y una progresi\u00f3n de marchas m\u00e1s suave, para que siempre est\u00e9s en la marcha correcta.<\/p>\n<p>Niquelado cromado mate para mayor silencio y durabilidad.<\/p>\n<p>Construcci\u00f3n FULL PIN para mayor durabilidad y ligereza.<\/p>\n<p>Dise\u00f1ado para funcionar con un cuerpo de buje libre XDR.<\/p>\n<p>Adecuado para transmisiones de 1&#215;12 o 2&#215;12 velocidades y cadenas Road Flattop D1, Road Flattop E1.<\/p>\n<p><strong>Relaci\u00f3n de pi\u00f1ones:<\/strong><br \/>\n10-28t &#8211; 10,11,12,13,14,15,16,17,19,21,24,28<\/p>\n<p>10-30t &#8211; 10,11,12,13,14,15,17,19,21,24,27,30<\/p>\n<p>10-33t &#8211; 10,11,12,13,14,15,17,19,21,24,28,33<\/p>\n<p>10-36t &#8211; 10,11,12,13,15,17,19,21,24,28,32,36<\/p>\n<\/div>\n<\/div>\n","protected":false},"excerpt":{"rendered":"<p>Juego de desgaste SRAM FORCE &#8211; Cassette XG-1270 + Cadena | 12 velocidades | E1 Juego de desgaste con cassette XG-1270 y cadena Flattop. No importa cu\u00e1les sean tus aspiraciones o estilos de conducci\u00f3n, SRAM Force te cubre. Personaliza tu transmisi\u00f3n para tus necesidades con 12 velocidades ofrecidas en un rango de 10-28T, 10-30T, 10-33T [&hellip;]<\/p>\n","protected":false},"featured_media":7084,"template":"","meta":{"_et_pb_use_builder":"","_et_pb_old_content":"","_et_gb_content_width":""},"pwb-brand":[],"product_brand":[],"product_cat":[574,451],"product_tag":[],"class_list":{"0":"post-7078","1":"product","2":"type-product","3":"status-publish","4":"has-post-thumbnail","6":"product_cat-cadenas-y-cassettes","7":"product_cat-sin-categorizar","9":"first","10":"instock","11":"sale","12":"taxable","13":"shipping-taxable","14":"purchasable","15":"product-type-variable"},"aioseo_notices":[],"brands":[],"_links":{"self":[{"href":"https:\/\/gravel-bikes.cc\/es\/wp-json\/wp\/v2\/product\/7078","targetHints":{"allow":["GET"]}}],"collection":[{"href":"https:\/\/gravel-bikes.cc\/es\/wp-json\/wp\/v2\/product"}],"about":[{"href":"https:\/\/gravel-bikes.cc\/es\/wp-json\/wp\/v2\/types\/product"}],"wp:featuredmedia":[{"embeddable":true,"href":"https:\/\/gravel-bikes.cc\/es\/wp-json\/wp\/v2\/media\/7084"}],"wp:attachment":[{"href":"https:\/\/gravel-bikes.cc\/es\/wp-json\/wp\/v2\/media?parent=7078"}],"wp:term":[{"taxonomy":"pwb-brand","embeddable":true,"href":"https:\/\/gravel-bikes.cc\/es\/wp-json\/wp\/v2\/pwb-brand?post=7078"},{"taxonomy":"product_brand","embeddable":true,"href":"https:\/\/gravel-bikes.cc\/es\/wp-json\/wp\/v2\/product_brand?post=7078"},{"taxonomy":"product_cat","embeddable":true,"href":"https:\/\/gravel-bikes.cc\/es\/wp-json\/wp\/v2\/product_cat?post=7078"},{"taxonomy":"product_tag","embeddable":true,"href":"https:\/\/gravel-bikes.cc\/es\/wp-json\/wp\/v2\/product_tag?post=7078"}],"curies":[{"name":"wp","href":"https:\/\/api.w.org\/{rel}","templated":true}]}}