{"id":7089,"date":"2026-02-03T10:10:29","date_gmt":"2026-02-03T10:10:29","guid":{"rendered":"https:\/\/gravel-bikes.cc\/produkt\/arana-de-potenciometro-quarq-axs-dzero-dub-non-hidden-bolt-110-bcd-compact\/"},"modified":"2026-02-03T10:10:29","modified_gmt":"2026-02-03T10:10:29","slug":"arana-de-potenciometro-quarq-axs-dzero-dub-non-hidden-bolt-110-bcd-compact","status":"publish","type":"product","link":"https:\/\/gravel-bikes.cc\/es\/produkt\/arana-de-potenciometro-quarq-axs-dzero-dub-non-hidden-bolt-110-bcd-compact\/","title":{"rendered":"Ara\u00f1a de potenci\u00f3metro QUARQ AXS DZero DUB &#8211; Non-Hidden Bolt &#8211; 110 BCD &#8211; Compact"},"content":{"rendered":"<h2 class=\"product-detail-description__title\">Ara\u00f1a de potenci\u00f3metro QUARQ AXS DZero DUB &#8211; Non-Hidden Bolt &#8211; 110 BCD &#8211; Compact<\/h2>\n<div class=\"product-detail-description__content\">\n<div class=\"cms-content\">\n<h3>Quarq DZero: 10 a\u00f1os de innovaci\u00f3n<\/h3>\n<p>Descubre DZero, la plataforma de nueva generaci\u00f3n en potenci\u00f3metros, que incluye 10 a\u00f1os de innovaciones t\u00e9cnicas, adem\u00e1s de nuevas funciones como la calibraci\u00f3n MagicZero\u2122 y Bluetooth de bajo consumo dual, una l\u00ednea de productos simplificada y circuitos revisados. Los potenci\u00f3metros DZero a\u00fan mantienen los principios inflexibles de Quarq: m\u00e9tricas que importan, resoluci\u00f3n de problemas reales, facilidad de uso y mejora de tu rendimiento. <\/p>\n<p>Cuando Quarq se propuso construir el potenci\u00f3metro Quarq de nueva generaci\u00f3n, quer\u00edan construir el potenci\u00f3metro de mejor rendimiento para cada faceta del ciclismo y para ciclistas de todos los niveles. Al igual que sus hermanos Quarq, el nuevo DZero mide la potencia en el coraz\u00f3n de la bicicleta: la ara\u00f1a del juego de bielas, cient\u00edficamente probado como el lugar para la medici\u00f3n m\u00e1s precisa. <\/p>\n<h3>Caracter\u00edsticas y detalles t\u00e9cnicos del potenci\u00f3metro<\/h3>\n<ul>\n<li>Compensaci\u00f3n de temperatura 10K<\/li>\n<li>MagicZero\u2122: calibraci\u00f3n autom\u00e1tica<\/li>\n<li>Aceler\u00f3metro AxCad para medir la cadencia (no requiere im\u00e1n)<\/li>\n<li>OmniCal: cambia los platos sin afectar la precisi\u00f3n<\/li>\n<li>Precisi\u00f3n: dentro del 1,5 %, medici\u00f3n en ambos lados<\/li>\n<li>Tecnolog\u00eda Bluetooth de bajo consumo y transferencia inal\u00e1mbrica de datos ANT+<\/li>\n<li>Bater\u00eda: CR2032, duraci\u00f3n de la bater\u00eda de 200 horas, cambio sin herramientas<\/li>\n<li>Clasificaci\u00f3n de impermeabilidad IPX7<\/li>\n<\/ul>\n<p>Las ara\u00f1as de potenci\u00f3metro DZero funcionan con los platos de 5 tornillos de la mayor\u00eda de los fabricantes.<br \/>\n<span class=\"text-bold\">Versi\u00f3n Non-Hidden Bolt con un di\u00e1metro de c\u00edrculo de pernos de 110 mm.<\/span><\/p>\n<h3>Tecnolog\u00edas de la ara\u00f1a Quarq AXS DZero DUB<\/h3>\n<h4>MagicZero\u2122<\/h4>\n<p>Calibraci\u00f3n autom\u00e1tica mientras pedaleas. No es necesario pedalear hacia atr\u00e1s ni calibrar manualmente a trav\u00e9s de tu unidad principal. <\/p>\n<h4>Compensaci\u00f3n de temperatura 10K<\/h4>\n<p>Elimina las variables causadas por el calor y el fr\u00edo para proporcionar un registro inquebrantable de tu rendimiento en todas las condiciones.<\/p>\n<h4>Construido para durar<\/h4>\n<p>Una clasificaci\u00f3n de impermeabilidad IPX7, una bater\u00eda CR2032 f\u00e1cil de reemplazar, una garant\u00eda de 2 a\u00f1os, actualizaciones de firmware gratuitas y un aclamado soporte mundial.<\/p>\n<h4>F\u00e1cil de usar (y reutilizar)<\/h4>\n<p>La puesta a cero manual y autom\u00e1tica hacen que los potenci\u00f3metros Quarq se configuren y se olviden de verdad. Los platos son reemplazables si tu bicicleta, disciplina o habilidad cambian. <\/p>\n<\/div>\n<\/div>\n","protected":false},"excerpt":{"rendered":"<p>Ara\u00f1a de potenci\u00f3metro QUARQ AXS DZero DUB &#8211; Non-Hidden Bolt &#8211; 110 BCD &#8211; Compact Quarq DZero: 10 a\u00f1os de innovaci\u00f3n Descubre DZero, la plataforma de nueva generaci\u00f3n en potenci\u00f3metros, que incluye 10 a\u00f1os de innovaciones t\u00e9cnicas, adem\u00e1s de nuevas funciones como la calibraci\u00f3n MagicZero\u2122 y Bluetooth de bajo consumo dual, una l\u00ednea de productos [&hellip;]<\/p>\n","protected":false},"featured_media":7086,"template":"","meta":{"_et_pb_use_builder":"","_et_pb_old_content":"","_et_gb_content_width":""},"pwb-brand":[],"product_brand":[],"product_cat":[659],"product_tag":[],"class_list":{"0":"post-7089","1":"product","2":"type-product","3":"status-publish","4":"has-post-thumbnail","6":"product_cat-medidores-de-potencia","7":"product_shipping_class-piezas-pequenas","9":"first","10":"instock","11":"sale","12":"taxable","13":"shipping-taxable","14":"purchasable","15":"product-type-simple"},"aioseo_notices":[],"brands":[],"_links":{"self":[{"href":"https:\/\/gravel-bikes.cc\/es\/wp-json\/wp\/v2\/product\/7089","targetHints":{"allow":["GET"]}}],"collection":[{"href":"https:\/\/gravel-bikes.cc\/es\/wp-json\/wp\/v2\/product"}],"about":[{"href":"https:\/\/gravel-bikes.cc\/es\/wp-json\/wp\/v2\/types\/product"}],"wp:featuredmedia":[{"embeddable":true,"href":"https:\/\/gravel-bikes.cc\/es\/wp-json\/wp\/v2\/media\/7086"}],"wp:attachment":[{"href":"https:\/\/gravel-bikes.cc\/es\/wp-json\/wp\/v2\/media?parent=7089"}],"wp:term":[{"taxonomy":"pwb-brand","embeddable":true,"href":"https:\/\/gravel-bikes.cc\/es\/wp-json\/wp\/v2\/pwb-brand?post=7089"},{"taxonomy":"product_brand","embeddable":true,"href":"https:\/\/gravel-bikes.cc\/es\/wp-json\/wp\/v2\/product_brand?post=7089"},{"taxonomy":"product_cat","embeddable":true,"href":"https:\/\/gravel-bikes.cc\/es\/wp-json\/wp\/v2\/product_cat?post=7089"},{"taxonomy":"product_tag","embeddable":true,"href":"https:\/\/gravel-bikes.cc\/es\/wp-json\/wp\/v2\/product_tag?post=7089"}],"curies":[{"name":"wp","href":"https:\/\/api.w.org\/{rel}","templated":true}]}}