{"id":7167,"date":"2026-02-04T08:31:39","date_gmt":"2026-02-04T08:31:39","guid":{"rendered":"https:\/\/gravel-bikes.cc\/produkt\/sillin-sq-lab-ergowave-2-2-carbono\/"},"modified":"2026-02-04T08:43:21","modified_gmt":"2026-02-04T08:43:21","slug":"sillin-sq-lab-ergowave-2-2-carbono","status":"publish","type":"product","link":"https:\/\/gravel-bikes.cc\/es\/produkt\/sillin-sq-lab-ergowave-2-2-carbono\/","title":{"rendered":"Sill\u00edn SQ LAB ERGOWAVE 612"},"content":{"rendered":"","protected":false},"excerpt":{"rendered":"<h3 class=\"h2 text-media-teaser__headline\">Parte trasera deportiva<\/h3>\n<div class=\"richtext text-media-teaser__text\">\n<div class=\"richtext__text-container\">La llamativa parte trasera del 612 R ERGOWAVE\u00ae estabiliza la posici\u00f3n del asiento y alivia los huesos isqui\u00e1ticos. As\u00ed, el cuerpo mantiene una postura \u00f3ptima, ideal para arranques intensos, ascensos pronunciados y una posici\u00f3n de asiento deportiva y aerodin\u00e1mica. El resultado: mayor eficiencia y una mejor transmisi\u00f3n de potencia en cada pedalada.  <\/div>\n<\/div>\n","protected":false},"featured_media":7185,"template":"","meta":{"_et_pb_use_builder":"","_et_pb_old_content":"","_et_gb_content_width":"","om_disable_all_campaigns":false,"_monsterinsights_skip_tracking":false,"_monsterinsights_sitenote_active":false,"_monsterinsights_sitenote_note":"","_monsterinsights_sitenote_category":0},"pwb-brand":[],"product_brand":[685],"product_cat":[534,451],"product_tag":[],"class_list":{"0":"post-7167","1":"product","2":"type-product","3":"status-publish","4":"has-post-thumbnail","6":"product_brand-sqlab","7":"product_cat-sillines","8":"product_cat-sin-categorizar","10":"first","11":"instock","12":"taxable","13":"shipping-taxable","14":"purchasable","15":"product-type-variable"},"aioseo_notices":[],"brands":[],"_links":{"self":[{"href":"https:\/\/gravel-bikes.cc\/es\/wp-json\/wp\/v2\/product\/7167","targetHints":{"allow":["GET"]}}],"collection":[{"href":"https:\/\/gravel-bikes.cc\/es\/wp-json\/wp\/v2\/product"}],"about":[{"href":"https:\/\/gravel-bikes.cc\/es\/wp-json\/wp\/v2\/types\/product"}],"wp:featuredmedia":[{"embeddable":true,"href":"https:\/\/gravel-bikes.cc\/es\/wp-json\/wp\/v2\/media\/7185"}],"wp:attachment":[{"href":"https:\/\/gravel-bikes.cc\/es\/wp-json\/wp\/v2\/media?parent=7167"}],"wp:term":[{"taxonomy":"pwb-brand","embeddable":true,"href":"https:\/\/gravel-bikes.cc\/es\/wp-json\/wp\/v2\/pwb-brand?post=7167"},{"taxonomy":"product_brand","embeddable":true,"href":"https:\/\/gravel-bikes.cc\/es\/wp-json\/wp\/v2\/product_brand?post=7167"},{"taxonomy":"product_cat","embeddable":true,"href":"https:\/\/gravel-bikes.cc\/es\/wp-json\/wp\/v2\/product_cat?post=7167"},{"taxonomy":"product_tag","embeddable":true,"href":"https:\/\/gravel-bikes.cc\/es\/wp-json\/wp\/v2\/product_tag?post=7167"}],"curies":[{"name":"wp","href":"https:\/\/api.w.org\/{rel}","templated":true}]}}