{"id":7177,"date":"2026-02-04T08:27:09","date_gmt":"2026-02-04T08:27:09","guid":{"rendered":"https:\/\/gravel-bikes.cc\/produkt\/sillin-sq-lab-ergowave-2-2-carbono-2\/"},"modified":"2026-02-04T08:27:09","modified_gmt":"2026-02-04T08:27:09","slug":"sillin-sq-lab-ergowave-2-2-carbono-2","status":"publish","type":"product","link":"https:\/\/gravel-bikes.cc\/es\/produkt\/sillin-sq-lab-ergowave-2-2-carbono-2\/","title":{"rendered":"Sill\u00edn SQ LAB ERGOWAVE 2.2 Carbono"},"content":{"rendered":"","protected":false},"excerpt":{"rendered":"<div class=\"content-section__headline-container\">\n<h3 class=\"content-section__headline\">Ligereza y rendimiento se unen<\/h3>\n<\/div>\n<div class=\"content-section__inner--space content-section__inner\">\n<div class=\"richtext storyblok__outline\" data-blok-c=\"undefined\" data-blok-uid=\"undefined\">\n<div class=\"richtext__text-container\">\n<p>El 612 ERGOWAVE\u00ae Carbono es el sill\u00edn definitivo para corredores de carretera y MTB que no renuncian a nada. Con solo 147 g, combina una optimizaci\u00f3n de peso consecuente con una precisi\u00f3n ergon\u00f3mica. Su forma de sill\u00edn ondulada y la parte trasera elevada garantizan una distribuci\u00f3n perfecta de la presi\u00f3n y una sujeci\u00f3n segura, para una transmisi\u00f3n de potencia directa y el m\u00e1ximo rendimiento, incluso en largas distancias.  <\/p>\n<\/div>\n<\/div>\n<\/div>\n","protected":false},"featured_media":7154,"template":"","meta":{"_et_pb_use_builder":"","_et_pb_old_content":"","_et_gb_content_width":"","om_disable_all_campaigns":false,"_monsterinsights_skip_tracking":false,"_monsterinsights_sitenote_active":false,"_monsterinsights_sitenote_note":"","_monsterinsights_sitenote_category":0},"pwb-brand":[],"product_brand":[685],"product_cat":[534,451],"product_tag":[],"class_list":{"0":"post-7177","1":"product","2":"type-product","3":"status-publish","4":"has-post-thumbnail","6":"product_brand-sqlab","7":"product_cat-sillines","8":"product_cat-sin-categorizar","10":"first","11":"instock","12":"taxable","13":"shipping-taxable","14":"purchasable","15":"product-type-variable"},"aioseo_notices":[],"brands":[],"_links":{"self":[{"href":"https:\/\/gravel-bikes.cc\/es\/wp-json\/wp\/v2\/product\/7177","targetHints":{"allow":["GET"]}}],"collection":[{"href":"https:\/\/gravel-bikes.cc\/es\/wp-json\/wp\/v2\/product"}],"about":[{"href":"https:\/\/gravel-bikes.cc\/es\/wp-json\/wp\/v2\/types\/product"}],"wp:featuredmedia":[{"embeddable":true,"href":"https:\/\/gravel-bikes.cc\/es\/wp-json\/wp\/v2\/media\/7154"}],"wp:attachment":[{"href":"https:\/\/gravel-bikes.cc\/es\/wp-json\/wp\/v2\/media?parent=7177"}],"wp:term":[{"taxonomy":"pwb-brand","embeddable":true,"href":"https:\/\/gravel-bikes.cc\/es\/wp-json\/wp\/v2\/pwb-brand?post=7177"},{"taxonomy":"product_brand","embeddable":true,"href":"https:\/\/gravel-bikes.cc\/es\/wp-json\/wp\/v2\/product_brand?post=7177"},{"taxonomy":"product_cat","embeddable":true,"href":"https:\/\/gravel-bikes.cc\/es\/wp-json\/wp\/v2\/product_cat?post=7177"},{"taxonomy":"product_tag","embeddable":true,"href":"https:\/\/gravel-bikes.cc\/es\/wp-json\/wp\/v2\/product_tag?post=7177"}],"curies":[{"name":"wp","href":"https:\/\/api.w.org\/{rel}","templated":true}]}}