{"id":7191,"date":"2026-02-04T08:43:30","date_gmt":"2026-02-04T08:43:30","guid":{"rendered":"https:\/\/gravel-bikes.cc\/?post_type=product&#038;p=7191"},"modified":"2026-02-04T09:01:37","modified_gmt":"2026-02-04T09:01:37","slug":"sillin-sq-lab-ergowave-612-copy","status":"publish","type":"product","link":"https:\/\/gravel-bikes.cc\/es\/produkt\/sillin-sq-lab-ergowave-612-copy\/","title":{"rendered":"Sill\u00edn SQ LAB ERGOWAVE 612 Carbono"},"content":{"rendered":"","protected":false},"excerpt":{"rendered":"<p>Nuestros corredores de equipo no solo aportan talento a la bicicleta, sino tambi\u00e9n valiosa informaci\u00f3n para nuestro desarrollo. Su pasi\u00f3n, su dedicaci\u00f3n, tanto en la pista como fuera de ella, nos impulsa a mejorar cada d\u00eda. <\/p>\n<p>Como muestra de nuestro aprecio y del camino que recorremos juntos, hemos dise\u00f1ado nuestro mejor sill\u00edn de carretera, el 612 ERGOWAVE\u00ae R Carbon, en una edici\u00f3n limitada del equipo. Para un rendimiento real y una conexi\u00f3n real. <\/p>\n","protected":false},"featured_media":7199,"template":"","meta":{"_et_pb_use_builder":"","_et_pb_old_content":"","_et_gb_content_width":"","om_disable_all_campaigns":false,"_monsterinsights_skip_tracking":false,"_monsterinsights_sitenote_active":false,"_monsterinsights_sitenote_note":"","_monsterinsights_sitenote_category":0},"pwb-brand":[],"product_brand":[685],"product_cat":[534,451],"product_tag":[],"class_list":{"0":"post-7191","1":"product","2":"type-product","3":"status-publish","4":"has-post-thumbnail","6":"product_brand-sqlab","7":"product_cat-sillines","8":"product_cat-sin-categorizar","10":"first","11":"instock","12":"taxable","13":"shipping-taxable","14":"purchasable","15":"product-type-variable"},"aioseo_notices":[],"brands":[],"_links":{"self":[{"href":"https:\/\/gravel-bikes.cc\/es\/wp-json\/wp\/v2\/product\/7191","targetHints":{"allow":["GET"]}}],"collection":[{"href":"https:\/\/gravel-bikes.cc\/es\/wp-json\/wp\/v2\/product"}],"about":[{"href":"https:\/\/gravel-bikes.cc\/es\/wp-json\/wp\/v2\/types\/product"}],"wp:featuredmedia":[{"embeddable":true,"href":"https:\/\/gravel-bikes.cc\/es\/wp-json\/wp\/v2\/media\/7199"}],"wp:attachment":[{"href":"https:\/\/gravel-bikes.cc\/es\/wp-json\/wp\/v2\/media?parent=7191"}],"wp:term":[{"taxonomy":"pwb-brand","embeddable":true,"href":"https:\/\/gravel-bikes.cc\/es\/wp-json\/wp\/v2\/pwb-brand?post=7191"},{"taxonomy":"product_brand","embeddable":true,"href":"https:\/\/gravel-bikes.cc\/es\/wp-json\/wp\/v2\/product_brand?post=7191"},{"taxonomy":"product_cat","embeddable":true,"href":"https:\/\/gravel-bikes.cc\/es\/wp-json\/wp\/v2\/product_cat?post=7191"},{"taxonomy":"product_tag","embeddable":true,"href":"https:\/\/gravel-bikes.cc\/es\/wp-json\/wp\/v2\/product_tag?post=7191"}],"curies":[{"name":"wp","href":"https:\/\/api.w.org\/{rel}","templated":true}]}}