{"id":7213,"date":"2026-02-04T09:15:19","date_gmt":"2026-02-04T09:15:19","guid":{"rendered":"https:\/\/gravel-bikes.cc\/produkt\/cinta-de-manillar-3t\/"},"modified":"2026-02-04T09:15:19","modified_gmt":"2026-02-04T09:15:19","slug":"cinta-de-manillar-3t","status":"publish","type":"product","link":"https:\/\/gravel-bikes.cc\/es\/produkt\/cinta-de-manillar-3t\/","title":{"rendered":"Cinta de manillar 3T"},"content":{"rendered":"","protected":false},"excerpt":{"rendered":"<h4 class=\"title-info-product\">Descripci\u00f3n: 3T Cycling &#8211; Cinta de manillar 3T PRENDO Speed<\/h4>\n<div class=\"product-description\">\n<ul>\n<li>Dise\u00f1ada para carretera, esta cinta de manillar combina un material de PU suave, c\u00f3modo y ligero.<\/li>\n<li>El acabado adherente garantiza un agarre seguro en todas las condiciones.<\/li>\n<li>El patr\u00f3n especial con logotipos de 3T y el acabado adherente garantizan el mejor agarre.<\/li>\n<li>Nuestro dise\u00f1o texturizado con logotipos de 3T, adem\u00e1s de la cinta de acabado incluida, le da un aspecto muy elegante a tu puesto de conducci\u00f3n.<\/li>\n<li>Ideal para tu Exploro o para una Strada extra c\u00f3moda.<\/li>\n<\/ul>\n<\/div>\n","protected":false},"featured_media":7212,"template":"","meta":{"_et_pb_use_builder":"","_et_pb_old_content":"","_et_gb_content_width":""},"pwb-brand":[],"product_brand":[],"product_cat":[232,459],"product_tag":[],"class_list":{"0":"post-7213","1":"product","2":"type-product","3":"status-publish","4":"has-post-thumbnail","6":"product_cat-3t","7":"product_cat-cinta-de-manillar","9":"first","10":"instock","11":"taxable","12":"shipping-taxable","13":"purchasable","14":"product-type-simple"},"aioseo_notices":[],"brands":[],"_links":{"self":[{"href":"https:\/\/gravel-bikes.cc\/es\/wp-json\/wp\/v2\/product\/7213","targetHints":{"allow":["GET"]}}],"collection":[{"href":"https:\/\/gravel-bikes.cc\/es\/wp-json\/wp\/v2\/product"}],"about":[{"href":"https:\/\/gravel-bikes.cc\/es\/wp-json\/wp\/v2\/types\/product"}],"wp:featuredmedia":[{"embeddable":true,"href":"https:\/\/gravel-bikes.cc\/es\/wp-json\/wp\/v2\/media\/7212"}],"wp:attachment":[{"href":"https:\/\/gravel-bikes.cc\/es\/wp-json\/wp\/v2\/media?parent=7213"}],"wp:term":[{"taxonomy":"pwb-brand","embeddable":true,"href":"https:\/\/gravel-bikes.cc\/es\/wp-json\/wp\/v2\/pwb-brand?post=7213"},{"taxonomy":"product_brand","embeddable":true,"href":"https:\/\/gravel-bikes.cc\/es\/wp-json\/wp\/v2\/product_brand?post=7213"},{"taxonomy":"product_cat","embeddable":true,"href":"https:\/\/gravel-bikes.cc\/es\/wp-json\/wp\/v2\/product_cat?post=7213"},{"taxonomy":"product_tag","embeddable":true,"href":"https:\/\/gravel-bikes.cc\/es\/wp-json\/wp\/v2\/product_tag?post=7213"}],"curies":[{"name":"wp","href":"https:\/\/api.w.org\/{rel}","templated":true}]}}