{"id":7222,"date":"2026-02-04T09:20:51","date_gmt":"2026-02-04T09:20:51","guid":{"rendered":"https:\/\/gravel-bikes.cc\/produkt\/luz-trasera-con-bateria-reco-80-link-radar\/"},"modified":"2026-02-04T09:39:49","modified_gmt":"2026-02-04T09:39:49","slug":"luz-trasera-con-bateria-reco-80-link-radar","status":"publish","type":"product","link":"https:\/\/gravel-bikes.cc\/es\/produkt\/luz-trasera-con-bateria-reco-80-link-radar\/","title":{"rendered":"Luz trasera con bater\u00eda Reco 80 Link Radar"},"content":{"rendered":"<p>\u00a1Luz trasera SIGMA Reco 80 Link Radar! La Sigma RECO 80 Link combina un radar inteligente y una luz trasera brillante que cumple con la normativa StVZO para una m\u00e1xima seguridad. Detecta veh\u00edculos a una distancia de hasta 140 m, te avisa en tiempo real y ofrece luces de freno y de emergencia. Ideal para ordenadores GPS y sistemas de iluminaci\u00f3n en red.   <\/p>\n<p>Tu escudo de 140 metros: \u00a1el radar para bicicleta RECO 80 LINK! Con el RECO 80 LINK, obtienes una soluci\u00f3n inteligente 2 en 1: una luz trasera que cumple con la normativa StVZO y un radar para bicicleta fiable. El sistema detecta hasta ocho veh\u00edculos que se acercan a una distancia de hasta 140 metros y te avisa a trav\u00e9s de tu ordenador para bicicleta compatible con ANT+. Adem\u00e1s, la luz de freno LED integrada y la luz de freno de emergencia aumentan notablemente tu seguridad en el tr\u00e1fico rodado. Con un alcance de 500 metros y una duraci\u00f3n de la bater\u00eda de 15 horas en modo alto, el RECO 80 LINK es el compa\u00f1ero ideal para rutas largas, de d\u00eda y de noche.    <\/p>\n<ul>\n<li>Seguridad inteligente integral: La luz trasera con radar detecta hasta 8 veh\u00edculos que se acercan a una distancia de hasta 140 metros y distingue entre aproximaciones normales y r\u00e1pidas.<\/li>\n<li>Alta visibilidad: Luz trasera que cumple con la normativa StVZO con un alcance de 500 metros, un \u00e1ngulo de visi\u00f3n de 220\u00b0 y luces de freno y de emergencia para una m\u00e1xima seguridad de d\u00eda y de noche.<\/li>\n<li>Compatible y conectado: Se conecta a trav\u00e9s de ANT+ a todos los ordenadores para bicicleta con perfiles de radar y a trav\u00e9s de BLE a la aplicaci\u00f3n SIGMA RIDE para actualizaciones y visualizaci\u00f3n del estado.<\/li>\n<li>Sistema de advertencia para ciclistas y tr\u00e1fico: Una luz de advertencia brillante alerta a los conductores, mientras que los ordenadores para bicicleta compatibles env\u00edan avisos visuales y sonoros al ciclista.<\/li>\n<li>Dise\u00f1o bien pensado Detecci\u00f3n: Un \u00e1ngulo de haz de 2 x 30\u00b0 garantiza una detecci\u00f3n fiable en un amplio corredor detr\u00e1s de la bicicleta.<\/li>\n<li>Potente duraci\u00f3n de la bater\u00eda: Hasta 15 horas de autonom\u00eda, recarga completa a trav\u00e9s de USB-C en aproximadamente 3 horas.<\/li>\n<li>Opciones de combinaci\u00f3n flexibles: Compatible con la luz delantera SIGMA AURA 100 Link: ambos dispositivos se pueden controlar con un solo bot\u00f3n para una configuraci\u00f3n de iluminaci\u00f3n inteligente.<\/li>\n<li>Montaje vers\u00e1til y resistente a la intemperie: Protecci\u00f3n IP67, robusto soporte de bloqueo por giro y adaptadores compatibles para tijas de sill\u00edn redondas, aerodin\u00e1micas y en forma de D.<\/li>\n<\/ul>\n","protected":false},"excerpt":{"rendered":"<p>\u00a1Luz trasera SIGMA Reco 80 Link Radar! La Sigma RECO 80 Link combina un radar inteligente y una luz trasera brillante que cumple con la normativa StVZO para una m\u00e1xima seguridad. Detecta veh\u00edculos a una distancia de hasta 140 m, te avisa en tiempo real y ofrece luces de freno y de emergencia. Ideal para [&hellip;]<\/p>\n","protected":false},"featured_media":7223,"template":"","meta":{"_et_pb_use_builder":"","_et_pb_old_content":"","_et_gb_content_width":""},"pwb-brand":[],"product_brand":[],"product_cat":[583,451],"product_tag":[],"class_list":{"0":"post-7222","1":"product","2":"type-product","3":"status-publish","4":"has-post-thumbnail","6":"product_cat-luces","7":"product_cat-sin-categorizar","8":"product_shipping_class-piezas-pequenas","10":"first","11":"instock","12":"taxable","13":"shipping-taxable","14":"purchasable","15":"product-type-simple"},"aioseo_notices":[],"brands":[],"_links":{"self":[{"href":"https:\/\/gravel-bikes.cc\/es\/wp-json\/wp\/v2\/product\/7222","targetHints":{"allow":["GET"]}}],"collection":[{"href":"https:\/\/gravel-bikes.cc\/es\/wp-json\/wp\/v2\/product"}],"about":[{"href":"https:\/\/gravel-bikes.cc\/es\/wp-json\/wp\/v2\/types\/product"}],"wp:featuredmedia":[{"embeddable":true,"href":"https:\/\/gravel-bikes.cc\/es\/wp-json\/wp\/v2\/media\/7223"}],"wp:attachment":[{"href":"https:\/\/gravel-bikes.cc\/es\/wp-json\/wp\/v2\/media?parent=7222"}],"wp:term":[{"taxonomy":"pwb-brand","embeddable":true,"href":"https:\/\/gravel-bikes.cc\/es\/wp-json\/wp\/v2\/pwb-brand?post=7222"},{"taxonomy":"product_brand","embeddable":true,"href":"https:\/\/gravel-bikes.cc\/es\/wp-json\/wp\/v2\/product_brand?post=7222"},{"taxonomy":"product_cat","embeddable":true,"href":"https:\/\/gravel-bikes.cc\/es\/wp-json\/wp\/v2\/product_cat?post=7222"},{"taxonomy":"product_tag","embeddable":true,"href":"https:\/\/gravel-bikes.cc\/es\/wp-json\/wp\/v2\/product_tag?post=7222"}],"curies":[{"name":"wp","href":"https:\/\/api.w.org\/{rel}","templated":true}]}}