{"id":7232,"date":"2026-02-04T09:23:28","date_gmt":"2026-02-04T09:23:28","guid":{"rendered":"https:\/\/gravel-bikes.cc\/produkt\/bolsa-de-sillin-mwave-5l\/"},"modified":"2026-02-04T09:24:32","modified_gmt":"2026-02-04T09:24:32","slug":"bolsa-de-sillin-mwave-5l","status":"publish","type":"product","link":"https:\/\/gravel-bikes.cc\/es\/produkt\/bolsa-de-sillin-mwave-5l\/","title":{"rendered":"Bolsa de sill\u00edn MWAVE 5L"},"content":{"rendered":"<ul>\n<li class=\"item\">Tejido Ripstop para una alta resistencia al desgarro<\/li>\n<li class=\"item\">Forro interior impermeable<\/li>\n<li class=\"item\">Cierre enrollable variable<\/li>\n<li class=\"item\">Transporte de grandes cantidades de equipaje sin portaequipajes<\/li>\n<li class=\"item\">100 % impermeable<\/li>\n<li class=\"item\">Fijaci\u00f3n con cierre(s) de velcro<\/li>\n<li class=\"item\">Red de sujeci\u00f3n para cascos, &#8230;<\/li>\n<li class=\"item\">Bucle de sujeci\u00f3n para luz trasera<\/li>\n<\/ul>\n","protected":false},"excerpt":{"rendered":"<p>Tejido Ripstop para una alta resistencia al desgarro Forro interior impermeable Cierre enrollable variable Transporte de grandes cantidades de equipaje sin portaequipajes 100 % impermeable Fijaci\u00f3n con cierre(s) de velcro Red de sujeci\u00f3n para cascos, &#8230; Bucle de sujeci\u00f3n para luz trasera<\/p>\n","protected":false},"featured_media":7233,"template":"","meta":{"_et_pb_use_builder":"","_et_pb_old_content":"","_et_gb_content_width":"","om_disable_all_campaigns":false,"_monsterinsights_skip_tracking":false,"_monsterinsights_sitenote_active":false,"_monsterinsights_sitenote_note":"","_monsterinsights_sitenote_category":0},"pwb-brand":[],"product_brand":[],"product_cat":[256,451],"product_tag":[],"class_list":{"0":"post-7232","1":"product","2":"type-product","3":"status-publish","4":"has-post-thumbnail","6":"product_cat-bolsas-para-cicloviaje","7":"product_cat-sin-categorizar","9":"first","10":"instock","11":"taxable","12":"shipping-taxable","13":"product-type-simple"},"aioseo_notices":[],"brands":[],"_links":{"self":[{"href":"https:\/\/gravel-bikes.cc\/es\/wp-json\/wp\/v2\/product\/7232","targetHints":{"allow":["GET"]}}],"collection":[{"href":"https:\/\/gravel-bikes.cc\/es\/wp-json\/wp\/v2\/product"}],"about":[{"href":"https:\/\/gravel-bikes.cc\/es\/wp-json\/wp\/v2\/types\/product"}],"wp:featuredmedia":[{"embeddable":true,"href":"https:\/\/gravel-bikes.cc\/es\/wp-json\/wp\/v2\/media\/7233"}],"wp:attachment":[{"href":"https:\/\/gravel-bikes.cc\/es\/wp-json\/wp\/v2\/media?parent=7232"}],"wp:term":[{"taxonomy":"pwb-brand","embeddable":true,"href":"https:\/\/gravel-bikes.cc\/es\/wp-json\/wp\/v2\/pwb-brand?post=7232"},{"taxonomy":"product_brand","embeddable":true,"href":"https:\/\/gravel-bikes.cc\/es\/wp-json\/wp\/v2\/product_brand?post=7232"},{"taxonomy":"product_cat","embeddable":true,"href":"https:\/\/gravel-bikes.cc\/es\/wp-json\/wp\/v2\/product_cat?post=7232"},{"taxonomy":"product_tag","embeddable":true,"href":"https:\/\/gravel-bikes.cc\/es\/wp-json\/wp\/v2\/product_tag?post=7232"}],"curies":[{"name":"wp","href":"https:\/\/api.w.org\/{rel}","templated":true}]}}