{"id":7239,"date":"2026-02-04T09:30:03","date_gmt":"2026-02-04T09:30:03","guid":{"rendered":"https:\/\/gravel-bikes.cc\/produkt\/bolsa-de-bikepacking-mwave-11-l\/"},"modified":"2026-02-04T17:27:12","modified_gmt":"2026-02-04T17:27:12","slug":"bolsa-de-bikepacking-mwave-11-l","status":"publish","type":"product","link":"https:\/\/gravel-bikes.cc\/es\/produkt\/bolsa-de-bikepacking-mwave-11-l\/","title":{"rendered":"Bolsa de bikepacking MWAVE 11 L"},"content":{"rendered":"<ul>\n<li><strong>Color:<\/strong> Amarillo ne\u00f3n<\/li>\n<li><strong>Volumen:<\/strong> 11 litros<\/li>\n<li><strong>Altura:<\/strong> 130 mm<\/li>\n<li><strong>Ancho\/Profundidad:<\/strong> 150 mm<\/li>\n<li><strong>Longitud:<\/strong> 530 mm<\/li>\n<li><strong>Material:<\/strong> Tejido Ripstop para alta resistencia al desgarro, forro interior impermeable<\/li>\n<li><strong>Impermeabilidad:<\/strong> 100 % impermeable<\/li>\n<li><strong>Reflectante:<\/strong> Con impresi\u00f3n reflectante<\/li>\n<li><strong>Tipo de soporte:<\/strong> Fijaci\u00f3n con cierre de velcro<\/li>\n<li><strong>Detalles:<\/strong> Cierre enrollable variable, transporte de grandes cantidades de equipaje sin portaequipajes<\/li>\n<li><strong>Compartimentos y bolsillos adicionales:<\/strong> Red de sujeci\u00f3n para cascos, presilla de sujeci\u00f3n para luz trasera, posibilidad de fijaci\u00f3n adicional de guardabarros, bombas de aire, etc. en la parte inferior mediante correas<\/li>\n<\/ul>\n","protected":false},"excerpt":{"rendered":"<p>Color: Amarillo ne\u00f3n Volumen: 11 litros Altura: 130 mm Ancho\/Profundidad: 150 mm Longitud: 530 mm Material: Tejido Ripstop para alta resistencia al desgarro, forro interior impermeable Impermeabilidad: 100 % impermeable Reflectante: Con impresi\u00f3n reflectante Tipo de soporte: Fijaci\u00f3n con cierre de velcro Detalles: Cierre enrollable variable, transporte de grandes cantidades de equipaje sin portaequipajes Compartimentos [&hellip;]<\/p>\n","protected":false},"featured_media":7240,"template":"","meta":{"_et_pb_use_builder":"","_et_pb_old_content":"","_et_gb_content_width":"","om_disable_all_campaigns":false,"_monsterinsights_skip_tracking":false,"_monsterinsights_sitenote_active":false,"_monsterinsights_sitenote_note":"","_monsterinsights_sitenote_category":0},"pwb-brand":[],"product_brand":[],"product_cat":[256,451],"product_tag":[],"class_list":{"0":"post-7239","1":"product","2":"type-product","3":"status-publish","4":"has-post-thumbnail","6":"product_cat-bolsas-para-cicloviaje","7":"product_cat-sin-categorizar","8":"product_shipping_class-piezas-pequenas","10":"first","11":"instock","12":"sale","13":"taxable","14":"shipping-taxable","15":"purchasable","16":"product-type-simple"},"aioseo_notices":[],"brands":[],"_links":{"self":[{"href":"https:\/\/gravel-bikes.cc\/es\/wp-json\/wp\/v2\/product\/7239","targetHints":{"allow":["GET"]}}],"collection":[{"href":"https:\/\/gravel-bikes.cc\/es\/wp-json\/wp\/v2\/product"}],"about":[{"href":"https:\/\/gravel-bikes.cc\/es\/wp-json\/wp\/v2\/types\/product"}],"wp:featuredmedia":[{"embeddable":true,"href":"https:\/\/gravel-bikes.cc\/es\/wp-json\/wp\/v2\/media\/7240"}],"wp:attachment":[{"href":"https:\/\/gravel-bikes.cc\/es\/wp-json\/wp\/v2\/media?parent=7239"}],"wp:term":[{"taxonomy":"pwb-brand","embeddable":true,"href":"https:\/\/gravel-bikes.cc\/es\/wp-json\/wp\/v2\/pwb-brand?post=7239"},{"taxonomy":"product_brand","embeddable":true,"href":"https:\/\/gravel-bikes.cc\/es\/wp-json\/wp\/v2\/product_brand?post=7239"},{"taxonomy":"product_cat","embeddable":true,"href":"https:\/\/gravel-bikes.cc\/es\/wp-json\/wp\/v2\/product_cat?post=7239"},{"taxonomy":"product_tag","embeddable":true,"href":"https:\/\/gravel-bikes.cc\/es\/wp-json\/wp\/v2\/product_tag?post=7239"}],"curies":[{"name":"wp","href":"https:\/\/api.w.org\/{rel}","templated":true}]}}