{"id":7409,"date":"2026-02-07T07:50:35","date_gmt":"2026-02-07T07:50:35","guid":{"rendered":"https:\/\/gravel-bikes.cc\/produkt\/desviador-delantero-shimano-grx-812\/"},"modified":"2026-02-07T07:50:35","modified_gmt":"2026-02-07T07:50:35","slug":"desviador-delantero-shimano-grx-812","status":"publish","type":"product","link":"https:\/\/gravel-bikes.cc\/es\/produkt\/desviador-delantero-shimano-grx-812\/","title":{"rendered":"Desviador delantero SHIMANO GRX 812"},"content":{"rendered":"<p>DESVIADOR DELANTERO, FD-RX810,<\/p>\n<p>GRX, PARA 11 VELOCIDADES TRASERAS,<\/p>\n<p>DESPLAZAMIENTO DESCENDENTE, CABLE DE ACCIONAMIENTO INFERIOR,<\/p>\n<p>TIPO SOLDADO,<\/p>\n<p>\u00c1NGULO CS:61-66,<\/p>\n<p>PARA PI\u00d1\u00d3N SUPERIOR:46-50T,<\/p>\n<p>CL:46MM, EMBALAJE INDIVIDUAL<\/p>\n","protected":false},"excerpt":{"rendered":"<p>DESVIADOR DELANTERO, FD-RX810, GRX, PARA 11 VELOCIDADES TRASERAS, DESPLAZAMIENTO DESCENDENTE, CABLE DE ACCIONAMIENTO INFERIOR, TIPO SOLDADO, \u00c1NGULO CS:61-66, PARA PI\u00d1\u00d3N SUPERIOR:46-50T, CL:46MM, EMBALAJE INDIVIDUAL<\/p>\n","protected":false},"featured_media":0,"template":"","meta":{"_et_pb_use_builder":"","_et_pb_old_content":"","_et_gb_content_width":"","om_disable_all_campaigns":false,"_monsterinsights_skip_tracking":false,"_monsterinsights_sitenote_active":false,"_monsterinsights_sitenote_note":"","_monsterinsights_sitenote_category":0},"pwb-brand":[],"product_brand":[],"product_cat":[263],"product_tag":[],"class_list":{"0":"post-7409","1":"product","2":"type-product","3":"status-publish","5":"product_cat-shimano-fd","7":"first","8":"instock","9":"taxable","10":"shipping-taxable","11":"product-type-simple"},"aioseo_notices":[],"df_price":"","df_sale_price":"","df_regular_price":"","df_image_link":"https:\/\/gravel-bikes.cc\/wp-content\/uploads\/woocommerce-placeholder-300x300.webp","brands":[],"_links":{"self":[{"href":"https:\/\/gravel-bikes.cc\/es\/wp-json\/wp\/v2\/product\/7409","targetHints":{"allow":["GET"]}}],"collection":[{"href":"https:\/\/gravel-bikes.cc\/es\/wp-json\/wp\/v2\/product"}],"about":[{"href":"https:\/\/gravel-bikes.cc\/es\/wp-json\/wp\/v2\/types\/product"}],"wp:attachment":[{"href":"https:\/\/gravel-bikes.cc\/es\/wp-json\/wp\/v2\/media?parent=7409"}],"wp:term":[{"taxonomy":"pwb-brand","embeddable":true,"href":"https:\/\/gravel-bikes.cc\/es\/wp-json\/wp\/v2\/pwb-brand?post=7409"},{"taxonomy":"product_brand","embeddable":true,"href":"https:\/\/gravel-bikes.cc\/es\/wp-json\/wp\/v2\/product_brand?post=7409"},{"taxonomy":"product_cat","embeddable":true,"href":"https:\/\/gravel-bikes.cc\/es\/wp-json\/wp\/v2\/product_cat?post=7409"},{"taxonomy":"product_tag","embeddable":true,"href":"https:\/\/gravel-bikes.cc\/es\/wp-json\/wp\/v2\/product_tag?post=7409"}],"curies":[{"name":"wp","href":"https:\/\/api.w.org\/{rel}","templated":true}]}}