{"id":7638,"date":"2026-02-16T20:17:59","date_gmt":"2026-02-16T20:17:59","guid":{"rendered":"https:\/\/gravel-bikes.cc\/produkt\/kickr-core\/"},"modified":"2026-02-16T20:21:06","modified_gmt":"2026-02-16T20:21:06","slug":"kickr-core","status":"publish","type":"product","link":"https:\/\/gravel-bikes.cc\/es\/produkt\/kickr-core\/","title":{"rendered":"WAHOO KICKR CORE"},"content":{"rendered":"<p><span dir=\"auto\">KICKR en esencia:<\/span><\/p>\n<p><span dir=\"auto\">Gracias a su tecnolog\u00eda de volante de inercia probada y sus algoritmos avanzados, el KICKR CORE ofrece la experiencia de entrenamiento en interiores realista, precisa e inteligente que esperas de Wahoo. Fabricado en acero robusto para resistir a\u00f1os de uso intensivo, el KICKR CORE proporciona potencia, velocidad y distancia en tus sesiones bajo techo. Pedalea con el KICKR CORE en rutas virtuales y v\u00eddeos sincronizados para crear el trayecto perfecto y vivir la experiencia ciclista m\u00e1s realista. \u00a1Descarga Zwift, Fulgaz, Rouvy o Kinomap en tu tableta o smartphone para una experiencia \u00f3ptima! El KICKR CORE ofrece la precisi\u00f3n y capacidad de respuesta necesarias para superar incluso las sesiones de fuerza m\u00e1s exigentes. \u00a1Apps como Trainerroad o The Sufferfest pueden ayudarte a lograrlo! El ciclocomputador GPS ELEMNT controla directamente el KICKR CORE en varios modos, incluyendo la recreaci\u00f3n de rutas al aire libre, la importaci\u00f3n de entrenamientos planificados o el ajuste de tus objetivos de vatios. Para obtener los mejores resultados, instala las aplicaciones complementarias de Wahoo y ELEMNT. \u00a1Este KICKR CORE es el rodillo inteligente esencial de Wahoo!        <\/span><\/p>\n<p><span dir=\"auto\">Potencia m\u00e1xima: 1800 W<\/span><br \/>\n<span dir=\"auto\">Precisi\u00f3n: +\/- 2 %<\/span><br \/>\n<span dir=\"auto\">Inclinaci\u00f3n m\u00e1xima: 16 %<\/span><br \/>\n<span dir=\"auto\">Cassette no incluido<\/span><br \/>\n<span dir=\"auto\">Compatible con cassettes SRAM\/Shimano de 8, 9, 10 y 11 velocidades<\/span><br \/>\n<span dir=\"auto\">Adaptador y espaciadores incluidos<\/span><br \/>\n<span dir=\"auto\">Accesorios: KICKR CLIMB, KICKR DESK, KICKR HEADWIND, KICKR MAT y puls\u00f3metro TICKR (todos los accesorios se venden por separado)<\/span><br \/>\n<span dir=\"auto\">Tama\u00f1o de rueda trasera: Carretera: 24&#8221;, 650c, 700c. MTB: 24&#8221;, 26&#8221;, 650b, 29&#8221;. <\/span><br \/>\n<span dir=\"auto\">Conexi\u00f3n: v\u00eda Bluetooth, ANT+ y FE-C<\/span><br \/>\n<span dir=\"auto\">Compatibilidad: Apple, Android y Windows.<\/span><\/p>\n","protected":false},"excerpt":{"rendered":"<p>KICKR en esencia: Gracias a su tecnolog\u00eda de volante de inercia probada y sus algoritmos avanzados, el KICKR CORE ofrece la experiencia de entrenamiento en interiores realista, precisa e inteligente que esperas de Wahoo. Fabricado en acero robusto para resistir a\u00f1os de uso intensivo, el KICKR CORE proporciona potencia, velocidad y distancia en tus sesiones [&hellip;]<\/p>\n","protected":false},"featured_media":7639,"template":"","meta":{"_et_pb_use_builder":"","_et_pb_old_content":"","_et_gb_content_width":""},"pwb-brand":[],"product_brand":[93],"product_cat":[668],"product_tag":[],"class_list":{"0":"post-7638","1":"product","2":"type-product","3":"status-publish","4":"has-post-thumbnail","6":"product_brand-wahoo","7":"product_cat-wahoo","9":"first","10":"instock","11":"sale","12":"taxable","13":"shipping-taxable","14":"purchasable","15":"product-type-simple"},"aioseo_notices":[],"brands":[],"_links":{"self":[{"href":"https:\/\/gravel-bikes.cc\/es\/wp-json\/wp\/v2\/product\/7638","targetHints":{"allow":["GET"]}}],"collection":[{"href":"https:\/\/gravel-bikes.cc\/es\/wp-json\/wp\/v2\/product"}],"about":[{"href":"https:\/\/gravel-bikes.cc\/es\/wp-json\/wp\/v2\/types\/product"}],"wp:featuredmedia":[{"embeddable":true,"href":"https:\/\/gravel-bikes.cc\/es\/wp-json\/wp\/v2\/media\/7639"}],"wp:attachment":[{"href":"https:\/\/gravel-bikes.cc\/es\/wp-json\/wp\/v2\/media?parent=7638"}],"wp:term":[{"taxonomy":"pwb-brand","embeddable":true,"href":"https:\/\/gravel-bikes.cc\/es\/wp-json\/wp\/v2\/pwb-brand?post=7638"},{"taxonomy":"product_brand","embeddable":true,"href":"https:\/\/gravel-bikes.cc\/es\/wp-json\/wp\/v2\/product_brand?post=7638"},{"taxonomy":"product_cat","embeddable":true,"href":"https:\/\/gravel-bikes.cc\/es\/wp-json\/wp\/v2\/product_cat?post=7638"},{"taxonomy":"product_tag","embeddable":true,"href":"https:\/\/gravel-bikes.cc\/es\/wp-json\/wp\/v2\/product_tag?post=7638"}],"curies":[{"name":"wp","href":"https:\/\/api.w.org\/{rel}","templated":true}]}}