{"id":7644,"date":"2026-02-16T20:24:00","date_gmt":"2026-02-16T20:24:00","guid":{"rendered":"https:\/\/gravel-bikes.cc\/produkt\/wahoo-kickr-core-2\/"},"modified":"2026-02-16T20:24:00","modified_gmt":"2026-02-16T20:24:00","slug":"wahoo-kickr-core-2","status":"publish","type":"product","link":"https:\/\/gravel-bikes.cc\/es\/produkt\/wahoo-kickr-core-2\/","title":{"rendered":"WAHOO KICKR CORE 2"},"content":{"rendered":"<p><span dir=\"auto\">El KICKR CORE 2 recibe su primera gran actualizaci\u00f3n en siete a\u00f1os, llevando este popular rodillo inteligente al siguiente nivel. Con conectividad Wi-Fi, un dise\u00f1o renovado y sensores integrados, el CORE 2 no solo es m\u00e1s f\u00e1cil de usar, sino tambi\u00e9n un centro neur\u00e1lgico para todos tus datos de entrenamiento. Este rodillo combina la m\u00e1xima calidad con un precio muy atractivo, lo que lo hace ideal para cualquier ciclista.  <\/span><\/p>\n<p><span dir=\"auto\">Novedad: a\u00fan m\u00e1s conectividad y sencillez<\/span><br \/>\n<span dir=\"auto\">El CORE 2 ahora viene equipado con Wi-Fi, por lo que el emparejamiento con aplicaciones y dispositivos es m\u00e1s r\u00e1pido y estable que nunca. Gracias al Sensor Hub integrado, los puls\u00f3metros y controladores se pueden conectar al instante, mientras que las actualizaciones autom\u00e1ticas de firmware mantienen el rodillo siempre al d\u00eda. <\/span><\/p>\n<p><span dir=\"auto\">La facilidad de uso es la clave<\/span><br \/>\n<span dir=\"auto\">El CORE 2 presenta un nuevo dise\u00f1o estable de f\u00e1cil instalaci\u00f3n y luces LED de colores actualizadas que indican de inmediato cu\u00e1ndo el rodillo est\u00e1 listo para usarse. Con estas funciones inteligentes e intuitivas, los ciclistas pueden centrarse totalmente en su entrenamiento, sin complicaciones. <\/span><\/p>\n<p><span dir=\"auto\">Las caracter\u00edsticas m\u00e1s importantes de un vistazo:  <\/span><br \/>\n<span dir=\"auto\">&#8211; Resistencia m\u00e1xima de 1800 vatios para un pedaleo desafiante y realista<\/span><br \/>\n<span dir=\"auto\">&#8211; Conectividad mediante Wi-Fi, Bluetooth y ANT+ para un emparejamiento perfecto con apps y dispositivos<\/span><br \/>\n<span dir=\"auto\">&#8211; Sensor Hub: integra puls\u00f3metros y controladores directamente con el rodillo<\/span><br \/>\n<span dir=\"auto\">&#8211; Luces LED de colores actualizadas para una visi\u00f3n clara del estado y la conectividad.  <\/span><br \/>\n<span dir=\"auto\">&#8211; Actualizaciones autom\u00e1ticas de firmware: siempre con las \u00faltimas funciones y sin complicaciones<\/span><br \/>\n<span dir=\"auto\">&#8211; Race Mode: respuesta directa a cada esfuerzo<\/span><br \/>\n<span dir=\"auto\">&#8211; Calibraci\u00f3n autom\u00e1tica para mediciones precisas y un entrenamiento \u00f3ptimo<\/span><br \/>\n<span dir=\"auto\">&#8211; Cassette de 11 velocidades o Zwift Cog: totalmente adaptado a tu plataforma favorita<\/span><br \/>\n<span dir=\"auto\">&#8211; Cambio virtual: cambios de marcha realistas y fluidos durante el recorrido<\/span><\/p>\n","protected":false},"excerpt":{"rendered":"<p>El KICKR CORE 2 recibe su primera gran actualizaci\u00f3n en siete a\u00f1os, llevando este popular rodillo inteligente al siguiente nivel. Con conectividad Wi-Fi, un dise\u00f1o renovado y sensores integrados, el CORE 2 no solo es m\u00e1s f\u00e1cil de usar, sino tambi\u00e9n un centro neur\u00e1lgico para todos tus datos de entrenamiento. Este rodillo combina la m\u00e1xima [&hellip;]<\/p>\n","protected":false},"featured_media":7645,"template":"","meta":{"_et_pb_use_builder":"","_et_pb_old_content":"","_et_gb_content_width":"","om_disable_all_campaigns":false,"_monsterinsights_skip_tracking":false,"_monsterinsights_sitenote_active":false,"_monsterinsights_sitenote_note":"","_monsterinsights_sitenote_category":0},"pwb-brand":[],"product_brand":[],"product_cat":[668],"product_tag":[],"class_list":{"0":"post-7644","1":"product","2":"type-product","3":"status-publish","4":"has-post-thumbnail","6":"product_cat-wahoo","8":"first","9":"instock","10":"sale","11":"taxable","12":"shipping-taxable","13":"purchasable","14":"product-type-simple"},"aioseo_notices":[],"brands":[],"_links":{"self":[{"href":"https:\/\/gravel-bikes.cc\/es\/wp-json\/wp\/v2\/product\/7644","targetHints":{"allow":["GET"]}}],"collection":[{"href":"https:\/\/gravel-bikes.cc\/es\/wp-json\/wp\/v2\/product"}],"about":[{"href":"https:\/\/gravel-bikes.cc\/es\/wp-json\/wp\/v2\/types\/product"}],"wp:featuredmedia":[{"embeddable":true,"href":"https:\/\/gravel-bikes.cc\/es\/wp-json\/wp\/v2\/media\/7645"}],"wp:attachment":[{"href":"https:\/\/gravel-bikes.cc\/es\/wp-json\/wp\/v2\/media?parent=7644"}],"wp:term":[{"taxonomy":"pwb-brand","embeddable":true,"href":"https:\/\/gravel-bikes.cc\/es\/wp-json\/wp\/v2\/pwb-brand?post=7644"},{"taxonomy":"product_brand","embeddable":true,"href":"https:\/\/gravel-bikes.cc\/es\/wp-json\/wp\/v2\/product_brand?post=7644"},{"taxonomy":"product_cat","embeddable":true,"href":"https:\/\/gravel-bikes.cc\/es\/wp-json\/wp\/v2\/product_cat?post=7644"},{"taxonomy":"product_tag","embeddable":true,"href":"https:\/\/gravel-bikes.cc\/es\/wp-json\/wp\/v2\/product_tag?post=7644"}],"curies":[{"name":"wp","href":"https:\/\/api.w.org\/{rel}","templated":true}]}}