{"id":7664,"date":"2026-02-20T16:07:20","date_gmt":"2026-02-20T16:07:20","guid":{"rendered":"https:\/\/gravel-bikes.cc\/produkt\/apidura-bolsa-de-sillin-expedicion\/"},"modified":"2026-02-20T16:11:16","modified_gmt":"2026-02-20T16:11:16","slug":"apidura-bolsa-de-sillin-expedicion","status":"publish","type":"product","link":"https:\/\/gravel-bikes.cc\/es\/produkt\/apidura-bolsa-de-sillin-expedicion\/","title":{"rendered":"APIDURA Bolsa de Sill\u00edn Expedici\u00f3n"},"content":{"rendered":"","protected":false},"excerpt":{"rendered":"<p>Nuestra bolsa de sill\u00edn m\u00e1s duradera y espaciosa, dise\u00f1ada para guardar ropa y equipo en rutas de bikepacking de larga distancia.<\/p>\n<p>Nuestro sistema anti-balanceo mantiene tu equipo seguro bajo el sill\u00edn, sin necesidad de portabultos trasero. El cierre enrollable y la v\u00e1lvula de liberaci\u00f3n de aire te permiten personalizar la capacidad de la bolsa seg\u00fan tus necesidades, ya sea que ruedes durante d\u00edas, semanas o meses. <\/p>\n<p>\u2013 Construcci\u00f3n duradera<br \/>\n\u2013 V\u00e1lvula de liberaci\u00f3n de aire por compresi\u00f3n<br \/>\n\u2013 Fijaci\u00f3n anti-balanceo<br \/>\n\u2013 Capacidad flexible<br \/>\n\u2013 Impermeabilizaci\u00f3n con costuras selladas<\/p>\n","protected":false},"featured_media":7665,"template":"","meta":{"_et_pb_use_builder":"","_et_pb_old_content":"","_et_gb_content_width":""},"pwb-brand":[],"product_brand":[],"product_cat":[256],"product_tag":[],"class_list":{"0":"post-7664","1":"product","2":"type-product","3":"status-publish","4":"has-post-thumbnail","6":"product_cat-bolsas-para-cicloviaje","8":"first","9":"instock","10":"taxable","11":"shipping-taxable","12":"purchasable","13":"product-type-variable"},"aioseo_notices":[],"brands":[],"_links":{"self":[{"href":"https:\/\/gravel-bikes.cc\/es\/wp-json\/wp\/v2\/product\/7664","targetHints":{"allow":["GET"]}}],"collection":[{"href":"https:\/\/gravel-bikes.cc\/es\/wp-json\/wp\/v2\/product"}],"about":[{"href":"https:\/\/gravel-bikes.cc\/es\/wp-json\/wp\/v2\/types\/product"}],"wp:featuredmedia":[{"embeddable":true,"href":"https:\/\/gravel-bikes.cc\/es\/wp-json\/wp\/v2\/media\/7665"}],"wp:attachment":[{"href":"https:\/\/gravel-bikes.cc\/es\/wp-json\/wp\/v2\/media?parent=7664"}],"wp:term":[{"taxonomy":"pwb-brand","embeddable":true,"href":"https:\/\/gravel-bikes.cc\/es\/wp-json\/wp\/v2\/pwb-brand?post=7664"},{"taxonomy":"product_brand","embeddable":true,"href":"https:\/\/gravel-bikes.cc\/es\/wp-json\/wp\/v2\/product_brand?post=7664"},{"taxonomy":"product_cat","embeddable":true,"href":"https:\/\/gravel-bikes.cc\/es\/wp-json\/wp\/v2\/product_cat?post=7664"},{"taxonomy":"product_tag","embeddable":true,"href":"https:\/\/gravel-bikes.cc\/es\/wp-json\/wp\/v2\/product_tag?post=7664"}],"curies":[{"name":"wp","href":"https:\/\/api.w.org\/{rel}","templated":true}]}}