{"id":7675,"date":"2026-02-20T16:19:55","date_gmt":"2026-02-20T16:19:55","guid":{"rendered":"https:\/\/gravel-bikes.cc\/produkt\/bolsa-de-sillin-apidura-racing\/"},"modified":"2026-02-20T16:23:01","modified_gmt":"2026-02-20T16:23:01","slug":"bolsa-de-sillin-apidura-racing","status":"publish","type":"product","link":"https:\/\/gravel-bikes.cc\/es\/produkt\/bolsa-de-sillin-apidura-racing\/","title":{"rendered":"Bolsa de sill\u00edn APIDURA Racing"},"content":{"rendered":"<p>Una bolsa de sill\u00edn compacta y ligera, optimizada para competici\u00f3n de ultradistancia y rutas cortas de ritmo r\u00e1pido.<\/p>\n<p>Perfecta para guardar equipo ligero, su sistema de fijaci\u00f3n de tres puntos la mantiene segura y reduce la resistencia, mientras que los detalles reflectantes mejoran la visibilidad. Elige la de 3 L para rutas r\u00e1pidas y ligeras, carreras de un d\u00eda o Audax. Para carreras de varios d\u00edas, sugerimos la de 5 L o 7 L.  <\/p>\n<div class=\"ewa-rteLine\">\u2013 Construcci\u00f3n ligera<\/div>\n<div class=\"ewa-rteLine\">\u2013 V\u00e1lvula de liberaci\u00f3n de aire por compresi\u00f3n<\/div>\n<div class=\"ewa-rteLine\">\u2013 Fijaci\u00f3n anti-balanceo<\/div>\n<div class=\"ewa-rteLine\">\u2013 Capacidad flexible<\/div>\n<div class=\"ewa-rteLine\">\u2013 Impermeabilizaci\u00f3n con costuras selladas<\/div>\n","protected":false},"excerpt":{"rendered":"<p>Una bolsa de sill\u00edn compacta y ligera, optimizada para competici\u00f3n de ultradistancia y rutas cortas de ritmo r\u00e1pido. Perfecta para guardar equipo ligero, su sistema de fijaci\u00f3n de tres puntos la mantiene segura y reduce la resistencia, mientras que los detalles reflectantes mejoran la visibilidad. Elige la de 3 L para rutas r\u00e1pidas y ligeras, [&hellip;]<\/p>\n","protected":false},"featured_media":7676,"template":"","meta":{"_et_pb_use_builder":"","_et_pb_old_content":"","_et_gb_content_width":"","om_disable_all_campaigns":false,"_monsterinsights_skip_tracking":false,"_monsterinsights_sitenote_active":false,"_monsterinsights_sitenote_note":"","_monsterinsights_sitenote_category":0},"pwb-brand":[],"product_brand":[],"product_cat":[256,451],"product_tag":[700],"class_list":{"0":"post-7675","1":"product","2":"type-product","3":"status-publish","4":"has-post-thumbnail","6":"product_cat-bolsas-para-cicloviaje","7":"product_cat-sin-categorizar","8":"product_tag-bikepacking-hamburgo","10":"first","11":"outofstock","12":"taxable","13":"shipping-taxable","14":"product-type-variable"},"aioseo_notices":[],"brands":[],"_links":{"self":[{"href":"https:\/\/gravel-bikes.cc\/es\/wp-json\/wp\/v2\/product\/7675","targetHints":{"allow":["GET"]}}],"collection":[{"href":"https:\/\/gravel-bikes.cc\/es\/wp-json\/wp\/v2\/product"}],"about":[{"href":"https:\/\/gravel-bikes.cc\/es\/wp-json\/wp\/v2\/types\/product"}],"wp:featuredmedia":[{"embeddable":true,"href":"https:\/\/gravel-bikes.cc\/es\/wp-json\/wp\/v2\/media\/7676"}],"wp:attachment":[{"href":"https:\/\/gravel-bikes.cc\/es\/wp-json\/wp\/v2\/media?parent=7675"}],"wp:term":[{"taxonomy":"pwb-brand","embeddable":true,"href":"https:\/\/gravel-bikes.cc\/es\/wp-json\/wp\/v2\/pwb-brand?post=7675"},{"taxonomy":"product_brand","embeddable":true,"href":"https:\/\/gravel-bikes.cc\/es\/wp-json\/wp\/v2\/product_brand?post=7675"},{"taxonomy":"product_cat","embeddable":true,"href":"https:\/\/gravel-bikes.cc\/es\/wp-json\/wp\/v2\/product_cat?post=7675"},{"taxonomy":"product_tag","embeddable":true,"href":"https:\/\/gravel-bikes.cc\/es\/wp-json\/wp\/v2\/product_tag?post=7675"}],"curies":[{"name":"wp","href":"https:\/\/api.w.org\/{rel}","templated":true}]}}