{"id":7691,"date":"2026-02-20T17:06:11","date_gmt":"2026-02-20T17:06:11","guid":{"rendered":"https:\/\/gravel-bikes.cc\/produkt\/bolsa-de-sillin-apidura\/"},"modified":"2026-02-20T17:11:38","modified_gmt":"2026-02-20T17:11:38","slug":"bolsa-de-sillin-apidura","status":"publish","type":"product","link":"https:\/\/gravel-bikes.cc\/es\/produkt\/bolsa-de-sillin-apidura\/","title":{"rendered":"BOLSA DE SILL\u00cdN APIDURA"},"content":{"rendered":"<p>Una bolsa de sill\u00edn ultraresistente y ligera, optimizada para bicicletas con espacio limitado en la rueda trasera en rutas off-road.<\/p>\n<p>Perfectas para equipamiento ligero y comprimible, estas bolsas de sill\u00edn para mountain bike ofrecen un compartimento espacioso bajo el sill\u00edn. Se fijan mediante un sencillo sistema de tres puntos y est\u00e1n dise\u00f1adas para ser compatibles con tijas telesc\u00f3picas. El <a href=\"https:\/\/www.apidura.com\/shop\/backcountry-dropper-post-adapter\/\">Adaptador para Tija Telesc\u00f3pica<\/a> opcional proporciona soporte adicional y ayuda a mantener el espacio entre la bolsa y la rueda.  <\/p>\n<p>\u2013 Compatible con tija telesc\u00f3pica<br \/>\n\u2013 Paneles resistentes a la abrasi\u00f3n<br \/>\n\u2013 V\u00e1lvula de liberaci\u00f3n de aire por compresi\u00f3n<br \/>\n\u2013 Fijaci\u00f3n anti-balanceo<br \/>\n\u2013 Impermeabilizaci\u00f3n con costuras selladas<\/p>\n","protected":false},"excerpt":{"rendered":"<p>Una bolsa de sill\u00edn ultraresistente y ligera, optimizada para bicicletas con espacio limitado en la rueda trasera en rutas off-road. Perfectas para equipamiento ligero y comprimible, estas bolsas de sill\u00edn para mountain bike ofrecen un compartimento espacioso bajo el sill\u00edn. Se fijan mediante un sencillo sistema de tres puntos y est\u00e1n dise\u00f1adas para ser compatibles [&hellip;]<\/p>\n","protected":false},"featured_media":7692,"template":"","meta":{"_et_pb_use_builder":"","_et_pb_old_content":"","_et_gb_content_width":""},"pwb-brand":[701],"product_brand":[699],"product_cat":[256],"product_tag":[455],"class_list":{"0":"post-7691","1":"product","2":"type-product","3":"status-publish","4":"has-post-thumbnail","6":"pwb-brand-apidura","7":"product_brand-apidura","8":"product_cat-bolsas-para-cicloviaje","9":"product_tag-cicloturismo","11":"first","12":"instock","13":"taxable","14":"shipping-taxable","15":"purchasable","16":"product-type-variable"},"aioseo_notices":[],"brands":[{"id":701,"name":"APIDURA","slug":"apidura"}],"_links":{"self":[{"href":"https:\/\/gravel-bikes.cc\/es\/wp-json\/wp\/v2\/product\/7691","targetHints":{"allow":["GET"]}}],"collection":[{"href":"https:\/\/gravel-bikes.cc\/es\/wp-json\/wp\/v2\/product"}],"about":[{"href":"https:\/\/gravel-bikes.cc\/es\/wp-json\/wp\/v2\/types\/product"}],"wp:featuredmedia":[{"embeddable":true,"href":"https:\/\/gravel-bikes.cc\/es\/wp-json\/wp\/v2\/media\/7692"}],"wp:attachment":[{"href":"https:\/\/gravel-bikes.cc\/es\/wp-json\/wp\/v2\/media?parent=7691"}],"wp:term":[{"taxonomy":"pwb-brand","embeddable":true,"href":"https:\/\/gravel-bikes.cc\/es\/wp-json\/wp\/v2\/pwb-brand?post=7691"},{"taxonomy":"product_brand","embeddable":true,"href":"https:\/\/gravel-bikes.cc\/es\/wp-json\/wp\/v2\/product_brand?post=7691"},{"taxonomy":"product_cat","embeddable":true,"href":"https:\/\/gravel-bikes.cc\/es\/wp-json\/wp\/v2\/product_cat?post=7691"},{"taxonomy":"product_tag","embeddable":true,"href":"https:\/\/gravel-bikes.cc\/es\/wp-json\/wp\/v2\/product_tag?post=7691"}],"curies":[{"name":"wp","href":"https:\/\/api.w.org\/{rel}","templated":true}]}}