{"id":7707,"date":"2026-02-20T17:21:42","date_gmt":"2026-02-20T17:21:42","guid":{"rendered":"https:\/\/gravel-bikes.cc\/produkt\/apidura-frame-top-tube\/"},"modified":"2026-02-20T17:21:42","modified_gmt":"2026-02-20T17:21:42","slug":"apidura-frame-top-tube","status":"publish","type":"product","link":"https:\/\/gravel-bikes.cc\/es\/produkt\/apidura-frame-top-tube\/","title":{"rendered":"APIDURA Frame &amp; Top Tube"},"content":{"rendered":"<p>Un sistema modular de cuadro y tubo superior que mejora el rendimiento aerodin\u00e1mico, integr\u00e1ndose con tu bici para que seas m\u00e1s r\u00e1pido.<\/p>\n<p>El Aero System es una soluci\u00f3n de alto rendimiento para competiciones de gravel, desarrollada mediante rigurosos an\u00e1lisis de Din\u00e1mica de Fluidos Computacional (CFD). Con un ahorro medio de 5 W a velocidad de carrera, ha sido probado en t\u00fanel de viento y en competici\u00f3n al m\u00e1s alto nivel, demostrando beneficios en todas las bicis testadas.  <a href=\"https:\/\/www.apidura.com\/reports\/Aero-System-White-Paper.pdf\" target=\"_blank\" rel=\"noopener\">Ver los datos.<\/a><\/p>\n<p>El Aero System se dise\u00f1\u00f3 con el objetivo principal de mejorar la aerodin\u00e1mica, independientemente de lo que decidas llevar. Durante a\u00f1os hemos ayudado a los ciclistas a llegar m\u00e1s lejos; ahora les ayudamos a ir m\u00e1s r\u00e1pido.  <a href=\"https:\/\/www.apidura.com\/aero-system\/\">Descubre c\u00f3mo.<\/a><\/p>\n<p>\u2013 Los m\u00f3dulos trabajan juntos para mejorar la aerodin\u00e1mica<br \/>\n\u2013 La tecnolog\u00eda de panel de transferencia reduce la resistencia<br \/>\n\u2013 Acceso r\u00e1pido con una sola mano al m\u00f3dulo del tubo superior<br \/>\n\u2013 Base interior suave para proteger el contenido<br \/>\n\u2013 Construcci\u00f3n Hexagrid ultraligera<\/p>\n","protected":false},"excerpt":{"rendered":"<p>Un sistema modular de cuadro y tubo superior que mejora el rendimiento aerodin\u00e1mico, integr\u00e1ndose con tu bici para que seas m\u00e1s r\u00e1pido. El Aero System es una soluci\u00f3n de alto rendimiento para competiciones de gravel, desarrollada mediante rigurosos an\u00e1lisis de Din\u00e1mica de Fluidos Computacional (CFD). Con un ahorro medio de 5 W a velocidad de [&hellip;]<\/p>\n","protected":false},"featured_media":7708,"template":"","meta":{"_et_pb_use_builder":"","_et_pb_old_content":"","_et_gb_content_width":""},"pwb-brand":[],"product_brand":[],"product_cat":[451],"product_tag":[],"class_list":{"0":"post-7707","1":"product","2":"type-product","3":"status-publish","4":"has-post-thumbnail","6":"product_cat-sin-categorizar","8":"first","9":"outofstock","10":"taxable","11":"shipping-taxable","12":"product-type-variable"},"aioseo_notices":[],"brands":[],"_links":{"self":[{"href":"https:\/\/gravel-bikes.cc\/es\/wp-json\/wp\/v2\/product\/7707","targetHints":{"allow":["GET"]}}],"collection":[{"href":"https:\/\/gravel-bikes.cc\/es\/wp-json\/wp\/v2\/product"}],"about":[{"href":"https:\/\/gravel-bikes.cc\/es\/wp-json\/wp\/v2\/types\/product"}],"wp:featuredmedia":[{"embeddable":true,"href":"https:\/\/gravel-bikes.cc\/es\/wp-json\/wp\/v2\/media\/7708"}],"wp:attachment":[{"href":"https:\/\/gravel-bikes.cc\/es\/wp-json\/wp\/v2\/media?parent=7707"}],"wp:term":[{"taxonomy":"pwb-brand","embeddable":true,"href":"https:\/\/gravel-bikes.cc\/es\/wp-json\/wp\/v2\/pwb-brand?post=7707"},{"taxonomy":"product_brand","embeddable":true,"href":"https:\/\/gravel-bikes.cc\/es\/wp-json\/wp\/v2\/product_brand?post=7707"},{"taxonomy":"product_cat","embeddable":true,"href":"https:\/\/gravel-bikes.cc\/es\/wp-json\/wp\/v2\/product_cat?post=7707"},{"taxonomy":"product_tag","embeddable":true,"href":"https:\/\/gravel-bikes.cc\/es\/wp-json\/wp\/v2\/product_tag?post=7707"}],"curies":[{"name":"wp","href":"https:\/\/api.w.org\/{rel}","templated":true}]}}