{"id":7732,"date":"2026-02-20T17:38:37","date_gmt":"2026-02-20T17:38:37","guid":{"rendered":"https:\/\/gravel-bikes.cc\/produkt\/apidura-bolsa-de-herramientas\/"},"modified":"2026-02-20T17:41:54","modified_gmt":"2026-02-20T17:41:54","slug":"apidura-bolsa-de-herramientas","status":"publish","type":"product","link":"https:\/\/gravel-bikes.cc\/es\/produkt\/apidura-bolsa-de-herramientas\/","title":{"rendered":"APIDURA Bolsa de herramientas"},"content":{"rendered":"<p>&nbsp;<\/p>\n<p>\u2013 Construcci\u00f3n resistente<br \/>\n\u2013 Fijaci\u00f3n segura<br \/>\n\u2013 Dise\u00f1o de perfil bajo<br \/>\n\u2013 Capacidad flexible<br \/>\n\u2013 Impermeabilizaci\u00f3n con costuras soldadas<\/p>\n","protected":false},"excerpt":{"rendered":"<p>Una bolsa de herramientas ultracompacta e impermeable para guardar lo esencial de reparaci\u00f3n en tus salidas diarias.<\/p>\n<p>Con un dise\u00f1o c\u00f3nico y de perfil bajo, la Expedition Tool Pack se fija de forma segura bajo el sill\u00edn mediante una correa de velcro. Hay espacio para dos c\u00e1maras de carretera de repuesto, desmontables, una multiherramienta peque\u00f1a y un cartucho de CO2. Un tejido resistente e impermeable protege el contenido de las salpicaduras y la suciedad de la carretera.  <\/p>\n<p>&nbsp;<\/p>\n","protected":false},"featured_media":7733,"template":"","meta":{"_et_pb_use_builder":"","_et_pb_old_content":"","_et_gb_content_width":"","om_disable_all_campaigns":false,"_monsterinsights_skip_tracking":false,"_monsterinsights_sitenote_active":false,"_monsterinsights_sitenote_note":"","_monsterinsights_sitenote_category":0},"pwb-brand":[],"product_brand":[],"product_cat":[256,451],"product_tag":[],"class_list":{"0":"post-7732","1":"product","2":"type-product","3":"status-publish","4":"has-post-thumbnail","6":"product_cat-bolsas-para-cicloviaje","7":"product_cat-sin-categorizar","9":"first","10":"instock","11":"taxable","12":"shipping-taxable","13":"purchasable","14":"product-type-simple"},"aioseo_notices":[],"brands":[],"_links":{"self":[{"href":"https:\/\/gravel-bikes.cc\/es\/wp-json\/wp\/v2\/product\/7732","targetHints":{"allow":["GET"]}}],"collection":[{"href":"https:\/\/gravel-bikes.cc\/es\/wp-json\/wp\/v2\/product"}],"about":[{"href":"https:\/\/gravel-bikes.cc\/es\/wp-json\/wp\/v2\/types\/product"}],"wp:featuredmedia":[{"embeddable":true,"href":"https:\/\/gravel-bikes.cc\/es\/wp-json\/wp\/v2\/media\/7733"}],"wp:attachment":[{"href":"https:\/\/gravel-bikes.cc\/es\/wp-json\/wp\/v2\/media?parent=7732"}],"wp:term":[{"taxonomy":"pwb-brand","embeddable":true,"href":"https:\/\/gravel-bikes.cc\/es\/wp-json\/wp\/v2\/pwb-brand?post=7732"},{"taxonomy":"product_brand","embeddable":true,"href":"https:\/\/gravel-bikes.cc\/es\/wp-json\/wp\/v2\/product_brand?post=7732"},{"taxonomy":"product_cat","embeddable":true,"href":"https:\/\/gravel-bikes.cc\/es\/wp-json\/wp\/v2\/product_cat?post=7732"},{"taxonomy":"product_tag","embeddable":true,"href":"https:\/\/gravel-bikes.cc\/es\/wp-json\/wp\/v2\/product_tag?post=7732"}],"curies":[{"name":"wp","href":"https:\/\/api.w.org\/{rel}","templated":true}]}}