{"id":7738,"date":"2026-02-20T17:47:43","date_gmt":"2026-02-20T17:47:43","guid":{"rendered":"https:\/\/gravel-bikes.cc\/produkt\/apidura-frame-pack\/"},"modified":"2026-02-20T17:47:43","modified_gmt":"2026-02-20T17:47:43","slug":"apidura-frame-pack","status":"publish","type":"product","link":"https:\/\/gravel-bikes.cc\/es\/produkt\/apidura-frame-pack\/","title":{"rendered":"APIDURA FRAME PACK"},"content":{"rendered":"<p>Una bolsa de cuadro impermeable y resistente, hecha para ofrecer fiabilidad y versatilidad, dise\u00f1ada para salidas diarias y aventuras de varios d\u00edas.<\/p>\n<p>Se fija de forma segura al interior del cuadro; la Expedition Frame Pack ayuda a centrar el peso de la carga, para un manejo m\u00e1s natural de la bici. Su construcci\u00f3n impermeable, resistente y ligera la convierte en un componente clave en configuraciones de bikepacking m\u00e1s completas. Y su dise\u00f1o discreto la hace ideal para usarla sola en salidas diarias.  <\/p>\n<p>Disponible en varias opciones para adaptarse a distintos tama\u00f1os y formas de cuadro. Las bolsas compactas suelen ir mejor con geometr\u00edas modernas de cuadros de carbono o aluminio. Las bolsas altas est\u00e1n dise\u00f1adas para cuadros de acero o titanio con tubos de direcci\u00f3n m\u00e1s largos. Usa nuestra <a href=\"https:\/\/www.apidura.com\/frame-pack-sizing\/\">Herramienta de tallaje interactiva<\/a> para encontrar el ajuste perfecto para tu bici.   <\/p>\n<p>\u2013 Construcci\u00f3n resistente<br \/>\n\u2013 Compatible con bolsa de tubo superior<br \/>\n\u2013 Puerto para cable para cargar dispositivos<br \/>\n\u2013 Impermeabilizaci\u00f3n con costuras soldadas<\/p>\n<p>&nbsp;<\/p>\n","protected":false},"excerpt":{"rendered":"<p>Una bolsa de cuadro impermeable y resistente, hecha para ofrecer fiabilidad y versatilidad, dise\u00f1ada para salidas diarias y aventuras de varios d\u00edas. Se fija de forma segura al interior del cuadro; la Expedition Frame Pack ayuda a centrar el peso de la carga, para un manejo m\u00e1s natural de la bici. Su construcci\u00f3n impermeable, resistente [&hellip;]<\/p>\n","protected":false},"featured_media":7739,"template":"","meta":{"_et_pb_use_builder":"","_et_pb_old_content":"","_et_gb_content_width":"","om_disable_all_campaigns":false,"_monsterinsights_skip_tracking":false,"_monsterinsights_sitenote_active":false,"_monsterinsights_sitenote_note":"","_monsterinsights_sitenote_category":0},"pwb-brand":[],"product_brand":[],"product_cat":[256,451],"product_tag":[],"class_list":{"0":"post-7738","1":"product","2":"type-product","3":"status-publish","4":"has-post-thumbnail","6":"product_cat-bolsas-para-cicloviaje","7":"product_cat-sin-categorizar","9":"first","10":"instock","11":"taxable","12":"shipping-taxable","13":"product-type-simple"},"aioseo_notices":[],"brands":[],"_links":{"self":[{"href":"https:\/\/gravel-bikes.cc\/es\/wp-json\/wp\/v2\/product\/7738","targetHints":{"allow":["GET"]}}],"collection":[{"href":"https:\/\/gravel-bikes.cc\/es\/wp-json\/wp\/v2\/product"}],"about":[{"href":"https:\/\/gravel-bikes.cc\/es\/wp-json\/wp\/v2\/types\/product"}],"wp:featuredmedia":[{"embeddable":true,"href":"https:\/\/gravel-bikes.cc\/es\/wp-json\/wp\/v2\/media\/7739"}],"wp:attachment":[{"href":"https:\/\/gravel-bikes.cc\/es\/wp-json\/wp\/v2\/media?parent=7738"}],"wp:term":[{"taxonomy":"pwb-brand","embeddable":true,"href":"https:\/\/gravel-bikes.cc\/es\/wp-json\/wp\/v2\/pwb-brand?post=7738"},{"taxonomy":"product_brand","embeddable":true,"href":"https:\/\/gravel-bikes.cc\/es\/wp-json\/wp\/v2\/product_brand?post=7738"},{"taxonomy":"product_cat","embeddable":true,"href":"https:\/\/gravel-bikes.cc\/es\/wp-json\/wp\/v2\/product_cat?post=7738"},{"taxonomy":"product_tag","embeddable":true,"href":"https:\/\/gravel-bikes.cc\/es\/wp-json\/wp\/v2\/product_tag?post=7738"}],"curies":[{"name":"wp","href":"https:\/\/api.w.org\/{rel}","templated":true}]}}