{"id":7748,"date":"2026-02-20T17:58:42","date_gmt":"2026-02-20T17:58:42","guid":{"rendered":"https:\/\/gravel-bikes.cc\/produkt\/apidura-expedition-full-frame-pack\/"},"modified":"2026-02-20T17:58:42","modified_gmt":"2026-02-20T17:58:42","slug":"apidura-expedition-full-frame-pack","status":"publish","type":"product","link":"https:\/\/gravel-bikes.cc\/es\/produkt\/apidura-expedition-full-frame-pack\/","title":{"rendered":"APIDURA Expedition Full Frame Pack"},"content":{"rendered":"<p>Una bolsa de cuadro completo impermeable y resistente, dise\u00f1ada para maximizar el espacio de almacenamiento dentro del cuadro para rutas de varios d\u00edas.<\/p>\n<p>Al ocupar el tri\u00e1ngulo principal del cuadro, la Expedition Full Frame Pack crea un gran espacio para guardar equipo m\u00e1s pesado en rutas largas. El bajo centro de gravedad resultante garantiza un manejo natural de la bici, a la vez que ofrece un gran volumen de almacenamiento. Un complemento ideal para cualquier configuraci\u00f3n de bikepacking de larga distancia.  <\/p>\n<p>Esta bolsa es compatible con la <a href=\"https:\/\/www.apidura.com\/shop\/frame-pack-hydration-bladder\/\">vejiga de hidrataci\u00f3n para Frame Pack<\/a>, que permite llevar agua de f\u00e1cil acceso sin portabidones.<\/p>\n<p>\u2013 Construcci\u00f3n resistente<br \/>\n\u2013 Capacidad maximizada<br \/>\n\u2013 Compatible con bolsa de tubo superior<br \/>\n\u2013 Compatible con vejiga de hidrataci\u00f3n<br \/>\n\u2013 Impermeabilizaci\u00f3n con costuras soldadas<\/p>\n","protected":false},"excerpt":{"rendered":"<p>Una bolsa de cuadro completo impermeable y resistente, dise\u00f1ada para maximizar el espacio de almacenamiento dentro del cuadro para rutas de varios d\u00edas. Al ocupar el tri\u00e1ngulo principal del cuadro, la Expedition Full Frame Pack crea un gran espacio para guardar equipo m\u00e1s pesado en rutas largas. El bajo centro de gravedad resultante garantiza un [&hellip;]<\/p>\n","protected":false},"featured_media":7749,"template":"","meta":{"_et_pb_use_builder":"","_et_pb_old_content":"","_et_gb_content_width":"","om_disable_all_campaigns":false,"_monsterinsights_skip_tracking":false,"_monsterinsights_sitenote_active":false,"_monsterinsights_sitenote_note":"","_monsterinsights_sitenote_category":0},"pwb-brand":[],"product_brand":[699],"product_cat":[256],"product_tag":[],"class_list":{"0":"post-7748","1":"product","2":"type-product","3":"status-publish","4":"has-post-thumbnail","6":"product_brand-apidura","7":"product_cat-bolsas-para-cicloviaje","8":"product_shipping_class-piezas-pequenas","10":"first","11":"instock","12":"taxable","13":"shipping-taxable","14":"purchasable","15":"product-type-simple"},"aioseo_notices":[],"brands":[],"_links":{"self":[{"href":"https:\/\/gravel-bikes.cc\/es\/wp-json\/wp\/v2\/product\/7748","targetHints":{"allow":["GET"]}}],"collection":[{"href":"https:\/\/gravel-bikes.cc\/es\/wp-json\/wp\/v2\/product"}],"about":[{"href":"https:\/\/gravel-bikes.cc\/es\/wp-json\/wp\/v2\/types\/product"}],"wp:featuredmedia":[{"embeddable":true,"href":"https:\/\/gravel-bikes.cc\/es\/wp-json\/wp\/v2\/media\/7749"}],"wp:attachment":[{"href":"https:\/\/gravel-bikes.cc\/es\/wp-json\/wp\/v2\/media?parent=7748"}],"wp:term":[{"taxonomy":"pwb-brand","embeddable":true,"href":"https:\/\/gravel-bikes.cc\/es\/wp-json\/wp\/v2\/pwb-brand?post=7748"},{"taxonomy":"product_brand","embeddable":true,"href":"https:\/\/gravel-bikes.cc\/es\/wp-json\/wp\/v2\/product_brand?post=7748"},{"taxonomy":"product_cat","embeddable":true,"href":"https:\/\/gravel-bikes.cc\/es\/wp-json\/wp\/v2\/product_cat?post=7748"},{"taxonomy":"product_tag","embeddable":true,"href":"https:\/\/gravel-bikes.cc\/es\/wp-json\/wp\/v2\/product_tag?post=7748"}],"curies":[{"name":"wp","href":"https:\/\/api.w.org\/{rel}","templated":true}]}}