{"id":7760,"date":"2026-02-20T18:05:15","date_gmt":"2026-02-20T18:05:15","guid":{"rendered":"https:\/\/gravel-bikes.cc\/produkt\/maap-x-apidura-frame-pack-4l\/"},"modified":"2026-02-20T18:07:29","modified_gmt":"2026-02-20T18:07:29","slug":"maap-x-apidura-frame-pack-4l","status":"publish","type":"product","link":"https:\/\/gravel-bikes.cc\/es\/produkt\/maap-x-apidura-frame-pack-4l\/","title":{"rendered":"MAAP x APIDURA Frame Pack 4L"},"content":{"rendered":"<p>Una bolsa de cuadro ligera e impermeable, la compa\u00f1era ideal para aventuras de ultradistancia y rutas que abrazan la filosof\u00eda Alt Road de MAAP.<\/p>\n<p>La MAAP x Apidura Frame Pack ayuda a mantener un buen manejo de la bici centrando el peso dentro del cuadro. Una estructura de soporte integrada a\u00f1ade rigidez y permite que la bolsa de cuadro sea excepcionalmente minimalista y ligera, ideal para rutas largas y r\u00e1pidas. <\/p>\n<p>El bolsillo exterior de malla es el lugar perfecto para guardar envoltorios, cambio y otros objetos peque\u00f1os que los ciclistas de gravel recogen durante una ruta larga y remota. La carga sobre la marcha se facilita mediante un puerto de cable protegido en la parte delantera de la bolsa. <\/p>\n<p>Estas bolsas de colaboraci\u00f3n limitada combinan la est\u00e9tica funcional de Apidura con el caracter\u00edstico verde loam de MAAP y un contraste gr\u00e1fico llamativo, como parte de su colecci\u00f3n Alt Road.<\/p>\n<p>\u2013 Colorido exclusivo MAAP Alt Road<br \/>\n\u2013 Construcci\u00f3n ligera<br \/>\n\u2013 Puerto de cable para carga de dispositivos<br \/>\n\u2013 Impermeabilizaci\u00f3n con costuras selladas<\/p>\n","protected":false},"excerpt":{"rendered":"<p>Una bolsa de cuadro ligera e impermeable, la compa\u00f1era ideal para aventuras de ultradistancia y rutas que abrazan la filosof\u00eda Alt Road de MAAP. La MAAP x Apidura Frame Pack ayuda a mantener un buen manejo de la bici centrando el peso dentro del cuadro. Una estructura de soporte integrada a\u00f1ade rigidez y permite que [&hellip;]<\/p>\n","protected":false},"featured_media":7761,"template":"","meta":{"_et_pb_use_builder":"","_et_pb_old_content":"","_et_gb_content_width":"","om_disable_all_campaigns":false,"_monsterinsights_skip_tracking":false,"_monsterinsights_sitenote_active":false,"_monsterinsights_sitenote_note":"","_monsterinsights_sitenote_category":0},"pwb-brand":[],"product_brand":[],"product_cat":[256],"product_tag":[],"class_list":{"0":"post-7760","1":"product","2":"type-product","3":"status-publish","4":"has-post-thumbnail","6":"product_cat-bolsas-para-cicloviaje","7":"product_shipping_class-piezas-pequenas","9":"first","10":"instock","11":"taxable","12":"shipping-taxable","13":"purchasable","14":"product-type-simple"},"aioseo_notices":[],"brands":[],"_links":{"self":[{"href":"https:\/\/gravel-bikes.cc\/es\/wp-json\/wp\/v2\/product\/7760","targetHints":{"allow":["GET"]}}],"collection":[{"href":"https:\/\/gravel-bikes.cc\/es\/wp-json\/wp\/v2\/product"}],"about":[{"href":"https:\/\/gravel-bikes.cc\/es\/wp-json\/wp\/v2\/types\/product"}],"wp:featuredmedia":[{"embeddable":true,"href":"https:\/\/gravel-bikes.cc\/es\/wp-json\/wp\/v2\/media\/7761"}],"wp:attachment":[{"href":"https:\/\/gravel-bikes.cc\/es\/wp-json\/wp\/v2\/media?parent=7760"}],"wp:term":[{"taxonomy":"pwb-brand","embeddable":true,"href":"https:\/\/gravel-bikes.cc\/es\/wp-json\/wp\/v2\/pwb-brand?post=7760"},{"taxonomy":"product_brand","embeddable":true,"href":"https:\/\/gravel-bikes.cc\/es\/wp-json\/wp\/v2\/product_brand?post=7760"},{"taxonomy":"product_cat","embeddable":true,"href":"https:\/\/gravel-bikes.cc\/es\/wp-json\/wp\/v2\/product_cat?post=7760"},{"taxonomy":"product_tag","embeddable":true,"href":"https:\/\/gravel-bikes.cc\/es\/wp-json\/wp\/v2\/product_tag?post=7760"}],"curies":[{"name":"wp","href":"https:\/\/api.w.org\/{rel}","templated":true}]}}