{"id":8190,"date":"2026-03-01T11:49:12","date_gmt":"2026-03-01T11:49:12","guid":{"rendered":"https:\/\/gravel-bikes.cc\/?post_type=product&#038;p=8190"},"modified":"2026-03-01T11:56:07","modified_gmt":"2026-03-01T11:56:07","slug":"conti-terra-kit-tubeless-40mm-flancos-tostados-copy","status":"publish","type":"product","link":"https:\/\/gravel-bikes.cc\/es\/produkt\/conti-terra-kit-tubeless-40mm-flancos-tostados-copy\/","title":{"rendered":"KIT TUBELESS SCHWALBE G One 40 mm FLANCO MARR\u00d3N"},"content":{"rendered":"<p>2 x Schwalbe G One 40 mm<\/p>\n<p>V\u00e1lvulas tubeless Pirelli<\/p>\n<p>Las nuevas v\u00e1lvulas tubeless de Pirelli ofrecen compatibilidad universal y m\u00e1xima fiabilidad para todo tipo de ruedas. Cada pack contiene dos v\u00e1lvulas Presta con obuses desmontables (RVC), una herramienta de instalaci\u00f3n y tapones de pl\u00e1stico. <\/p>\n<p>Disponibles en tres longitudes (40 mm, 60 mm, 80 mm), son ligeras, robustas y garantizan una estanqueidad \u00f3ptima. Fabricadas en Italia, son la elecci\u00f3n ideal si buscas calidad, eficiencia y una instalaci\u00f3n tubeless sencilla. <\/p>\n<p>Sellador Tubeless Pirelli para dos neum\u00e1ticos 125 ml<\/p>\n<ul>\n<li><strong>Sin amon\u00edaco: protege la llanta y reduce la corrosi\u00f3n<\/strong><\/li>\n<li><strong>Sin l\u00e1tex ni prote\u00ednas para reducir el riesgo de reacciones al\u00e9rgicas cut\u00e1neas<\/strong><\/li>\n<li><strong>No deja residuos pegajosos en la cubierta<\/strong><\/li>\n<li><strong>Compatible con un amplio rango de temperaturas (-20 \u00b0C\/68 \u00b0F a 70 \u00b0C\/158 \u00b0F)<\/strong><\/li>\n<li><strong>Compatible con un amplio espectro de presiones (1 a 7 bar \/ 15 PSI a 100 PSI)<\/strong><\/li>\n<li><strong>Compatible con reparaciones de emergencia con CO2 (el CO2 acelera la coagulaci\u00f3n, por lo que el sellante debe sustituirse despu\u00e9s) <\/strong><\/li>\n<\/ul>\n<p>Fondo de llanta tubeless Schwalbe<\/p>\n","protected":false},"excerpt":{"rendered":"<p>2 x Schwalbe G One 40 mm V\u00e1lvulas tubeless Pirelli Las nuevas v\u00e1lvulas tubeless de Pirelli ofrecen compatibilidad universal y m\u00e1xima fiabilidad para todo tipo de ruedas. Cada pack contiene dos v\u00e1lvulas Presta con obuses desmontables (RVC), una herramienta de instalaci\u00f3n y tapones de pl\u00e1stico. Disponibles en tres longitudes (40 mm, 60 mm, 80 mm), [&hellip;]<\/p>\n","protected":false},"featured_media":8196,"template":"","meta":{"_et_pb_use_builder":"","_et_pb_old_content":"","_et_gb_content_width":"","om_disable_all_campaigns":false,"_monsterinsights_skip_tracking":false,"_monsterinsights_sitenote_active":false,"_monsterinsights_sitenote_note":"","_monsterinsights_sitenote_category":0},"pwb-brand":[],"product_brand":[612],"product_cat":[695,236],"product_tag":[709,714],"class_list":{"0":"post-8190","1":"product","2":"type-product","3":"status-publish","4":"has-post-thumbnail","6":"product_brand-schwalbe","7":"product_cat-cubiertas-y-kits-tubeless","8":"product_cat-neumaticos","9":"product_tag-neumaticos-de-gravel","10":"product_tag-neumaticos-schwalbe-para-gravel","11":"product_shipping_class-piezas-pequenas","13":"first","14":"instock","15":"sale","16":"taxable","17":"shipping-taxable","18":"purchasable","19":"product-type-variable"},"aioseo_notices":[],"brands":[],"_links":{"self":[{"href":"https:\/\/gravel-bikes.cc\/es\/wp-json\/wp\/v2\/product\/8190","targetHints":{"allow":["GET"]}}],"collection":[{"href":"https:\/\/gravel-bikes.cc\/es\/wp-json\/wp\/v2\/product"}],"about":[{"href":"https:\/\/gravel-bikes.cc\/es\/wp-json\/wp\/v2\/types\/product"}],"wp:featuredmedia":[{"embeddable":true,"href":"https:\/\/gravel-bikes.cc\/es\/wp-json\/wp\/v2\/media\/8196"}],"wp:attachment":[{"href":"https:\/\/gravel-bikes.cc\/es\/wp-json\/wp\/v2\/media?parent=8190"}],"wp:term":[{"taxonomy":"pwb-brand","embeddable":true,"href":"https:\/\/gravel-bikes.cc\/es\/wp-json\/wp\/v2\/pwb-brand?post=8190"},{"taxonomy":"product_brand","embeddable":true,"href":"https:\/\/gravel-bikes.cc\/es\/wp-json\/wp\/v2\/product_brand?post=8190"},{"taxonomy":"product_cat","embeddable":true,"href":"https:\/\/gravel-bikes.cc\/es\/wp-json\/wp\/v2\/product_cat?post=8190"},{"taxonomy":"product_tag","embeddable":true,"href":"https:\/\/gravel-bikes.cc\/es\/wp-json\/wp\/v2\/product_tag?post=8190"}],"curies":[{"name":"wp","href":"https:\/\/api.w.org\/{rel}","templated":true}]}}