{"id":8318,"date":"2026-03-01T13:15:07","date_gmt":"2026-03-01T13:15:07","guid":{"rendered":"https:\/\/gravel-bikes.cc\/produkt\/nova-ride-ccd-evo-12s-shimano-105\/"},"modified":"2026-03-22T12:15:43","modified_gmt":"2026-03-22T12:15:43","slug":"nova-ride-ccd-evo-12s-shimano-105","status":"publish","type":"product","link":"https:\/\/gravel-bikes.cc\/es\/produkt\/nova-ride-ccd-evo-12s-shimano-105\/","title":{"rendered":"Nova Ride CCD EVO 12s Shimano 105"},"content":{"rendered":"<p class=\"h2\">UNA EXPERIENCIA MEJORADA.<\/p>\n<p>Dise\u00f1ada por nuestro equipo de ingenieros, la caja de carbono sobredimensionada Nova Ride para cambio trasero mejora la transmisi\u00f3n de tu bicicleta, se instala f\u00e1cilmente en tu desviador y a\u00f1ade un toque de color a tu bici.<\/p>\n<p>Fabricada con materiales de muy alta gama para durar en el tiempo sin mantenimiento: fibra de carbono ultraligera, roldanas de aleaci\u00f3n 7075 y rodamientos cer\u00e1micos sellados.<\/p>\n","protected":false},"excerpt":{"rendered":"<p>UNA EXPERIENCIA MEJORADA. Dise\u00f1ada por nuestro equipo de ingenieros, la caja de carbono sobredimensionada Nova Ride para cambio trasero mejora la transmisi\u00f3n de tu bicicleta, se instala f\u00e1cilmente en tu desviador y a\u00f1ade un toque de color a tu bici. Fabricada con materiales de muy alta gama para durar en el tiempo sin mantenimiento: fibra [&hellip;]<\/p>\n","protected":false},"featured_media":8319,"template":"","meta":{"_et_pb_use_builder":"","_et_pb_old_content":"","_et_gb_content_width":"","om_disable_all_campaigns":false,"_monsterinsights_skip_tracking":false,"_monsterinsights_sitenote_active":false,"_monsterinsights_sitenote_note":"","_monsterinsights_sitenote_category":0},"pwb-brand":[],"product_brand":[],"product_cat":[724],"product_tag":[],"class_list":{"0":"post-8318","1":"product","2":"type-product","3":"status-publish","4":"has-post-thumbnail","6":"product_cat-nova-ride","8":"first","9":"instock","10":"sale","11":"taxable","12":"shipping-taxable","13":"purchasable","14":"product-type-simple"},"aioseo_notices":[],"brands":[],"_links":{"self":[{"href":"https:\/\/gravel-bikes.cc\/es\/wp-json\/wp\/v2\/product\/8318","targetHints":{"allow":["GET"]}}],"collection":[{"href":"https:\/\/gravel-bikes.cc\/es\/wp-json\/wp\/v2\/product"}],"about":[{"href":"https:\/\/gravel-bikes.cc\/es\/wp-json\/wp\/v2\/types\/product"}],"wp:featuredmedia":[{"embeddable":true,"href":"https:\/\/gravel-bikes.cc\/es\/wp-json\/wp\/v2\/media\/8319"}],"wp:attachment":[{"href":"https:\/\/gravel-bikes.cc\/es\/wp-json\/wp\/v2\/media?parent=8318"}],"wp:term":[{"taxonomy":"pwb-brand","embeddable":true,"href":"https:\/\/gravel-bikes.cc\/es\/wp-json\/wp\/v2\/pwb-brand?post=8318"},{"taxonomy":"product_brand","embeddable":true,"href":"https:\/\/gravel-bikes.cc\/es\/wp-json\/wp\/v2\/product_brand?post=8318"},{"taxonomy":"product_cat","embeddable":true,"href":"https:\/\/gravel-bikes.cc\/es\/wp-json\/wp\/v2\/product_cat?post=8318"},{"taxonomy":"product_tag","embeddable":true,"href":"https:\/\/gravel-bikes.cc\/es\/wp-json\/wp\/v2\/product_tag?post=8318"}],"curies":[{"name":"wp","href":"https:\/\/api.w.org\/{rel}","templated":true}]}}