{"id":8350,"date":"2026-03-05T11:38:36","date_gmt":"2026-03-05T11:38:36","guid":{"rendered":"https:\/\/gravel-bikes.cc\/?post_type=product&#038;p=8350"},"modified":"2026-03-22T12:17:04","modified_gmt":"2026-03-22T12:17:04","slug":"nova-ride-ccd-evo-12s-shimano-105-copy-2","status":"publish","type":"product","link":"https:\/\/gravel-bikes.cc\/es\/produkt\/nova-ride-ccd-evo-12s-shimano-105-copy-2\/","title":{"rendered":"Nova Ride CCD EVO 11v Shimano Ultegra Dura Ace"},"content":{"rendered":"<h2 class=\"h2\">Detalles del producto<\/h2>\n<p>Con su dise\u00f1o estilizado, la jaula sobredimensionada encaja a la perfecci\u00f3n con la est\u00e9tica de tu bici, a\u00f1adiendo un toque de color.<\/p>\n<p>Hecha a mano con materiales de alta calidad, combina ligereza y durabilidad. Tanto si eres ciclista profesional como aficionado apasionado, la jaula sobredimensionada de Nova Ride mejora tu experiencia sobre la bici al ofrecer un rendimiento superior y cambios m\u00e1s precisos. <\/p>\n","protected":false},"excerpt":{"rendered":"<p>Detalles del producto Con su dise\u00f1o estilizado, la jaula sobredimensionada encaja a la perfecci\u00f3n con la est\u00e9tica de tu bici, a\u00f1adiendo un toque de color. Hecha a mano con materiales de alta calidad, combina ligereza y durabilidad. Tanto si eres ciclista profesional como aficionado apasionado, la jaula sobredimensionada de Nova Ride mejora tu experiencia sobre [&hellip;]<\/p>\n","protected":false},"featured_media":8353,"template":"","meta":{"_et_pb_use_builder":"","_et_pb_old_content":"","_et_gb_content_width":"","om_disable_all_campaigns":false,"_monsterinsights_skip_tracking":false,"_monsterinsights_sitenote_active":false,"_monsterinsights_sitenote_note":"","_monsterinsights_sitenote_category":0},"pwb-brand":[],"product_brand":[],"product_cat":[724],"product_tag":[],"class_list":{"0":"post-8350","1":"product","2":"type-product","3":"status-publish","4":"has-post-thumbnail","6":"product_cat-nova-ride","8":"first","9":"instock","10":"sale","11":"taxable","12":"shipping-taxable","13":"purchasable","14":"product-type-simple"},"aioseo_notices":[],"brands":[],"_links":{"self":[{"href":"https:\/\/gravel-bikes.cc\/es\/wp-json\/wp\/v2\/product\/8350","targetHints":{"allow":["GET"]}}],"collection":[{"href":"https:\/\/gravel-bikes.cc\/es\/wp-json\/wp\/v2\/product"}],"about":[{"href":"https:\/\/gravel-bikes.cc\/es\/wp-json\/wp\/v2\/types\/product"}],"wp:featuredmedia":[{"embeddable":true,"href":"https:\/\/gravel-bikes.cc\/es\/wp-json\/wp\/v2\/media\/8353"}],"wp:attachment":[{"href":"https:\/\/gravel-bikes.cc\/es\/wp-json\/wp\/v2\/media?parent=8350"}],"wp:term":[{"taxonomy":"pwb-brand","embeddable":true,"href":"https:\/\/gravel-bikes.cc\/es\/wp-json\/wp\/v2\/pwb-brand?post=8350"},{"taxonomy":"product_brand","embeddable":true,"href":"https:\/\/gravel-bikes.cc\/es\/wp-json\/wp\/v2\/product_brand?post=8350"},{"taxonomy":"product_cat","embeddable":true,"href":"https:\/\/gravel-bikes.cc\/es\/wp-json\/wp\/v2\/product_cat?post=8350"},{"taxonomy":"product_tag","embeddable":true,"href":"https:\/\/gravel-bikes.cc\/es\/wp-json\/wp\/v2\/product_tag?post=8350"}],"curies":[{"name":"wp","href":"https:\/\/api.w.org\/{rel}","templated":true}]}}