{"id":8356,"date":"2026-03-05T11:40:36","date_gmt":"2026-03-05T11:40:36","guid":{"rendered":"https:\/\/gravel-bikes.cc\/?post_type=product&#038;p=8356"},"modified":"2026-03-22T12:17:24","modified_gmt":"2026-03-22T12:17:24","slug":"nova-ride-ccd-evo-12s-shimano-105-copy-copy-2","status":"publish","type":"product","link":"https:\/\/gravel-bikes.cc\/es\/produkt\/nova-ride-ccd-evo-12s-shimano-105-copy-copy-2\/","title":{"rendered":"CCD Shimano SLX \/ XT \/ XTR \/ GRX 822 1x12S"},"content":{"rendered":"<h2 class=\"h2\">Detalles del producto<\/h2>\n<p>Con su dise\u00f1o elegante, la jaula sobredimensionada combina perfectamente con la est\u00e9tica de tu bicicleta, a\u00f1adi\u00e9ndole un toque de color.<\/p>\n<p>Fabricada a mano con materiales de alta calidad, combina ligereza y durabilidad. Tanto si eres un ciclista profesional como un aficionado apasionado, la jaula sobredimensionada de Nova Ride mejora tu experiencia ciclista al ofrecerte un rendimiento superior y cambios de marcha m\u00e1s precisos. <\/p>\n","protected":false},"excerpt":{"rendered":"<p>Detalles del producto Con su dise\u00f1o elegante, la jaula sobredimensionada combina perfectamente con la est\u00e9tica de tu bicicleta, a\u00f1adi\u00e9ndole un toque de color. Fabricada a mano con materiales de alta calidad, combina ligereza y durabilidad. Tanto si eres un ciclista profesional como un aficionado apasionado, la jaula sobredimensionada de Nova Ride mejora tu experiencia ciclista [&hellip;]<\/p>\n","protected":false},"featured_media":8359,"template":"","meta":{"_et_pb_use_builder":"","_et_pb_old_content":"","_et_gb_content_width":"","om_disable_all_campaigns":false,"_monsterinsights_skip_tracking":false,"_monsterinsights_sitenote_active":false,"_monsterinsights_sitenote_note":"","_monsterinsights_sitenote_category":0},"pwb-brand":[],"product_brand":[],"product_cat":[724],"product_tag":[],"class_list":{"0":"post-8356","1":"product","2":"type-product","3":"status-publish","4":"has-post-thumbnail","6":"product_cat-nova-ride","8":"first","9":"instock","10":"sale","11":"taxable","12":"shipping-taxable","13":"purchasable","14":"product-type-simple"},"aioseo_notices":[],"brands":[],"_links":{"self":[{"href":"https:\/\/gravel-bikes.cc\/es\/wp-json\/wp\/v2\/product\/8356","targetHints":{"allow":["GET"]}}],"collection":[{"href":"https:\/\/gravel-bikes.cc\/es\/wp-json\/wp\/v2\/product"}],"about":[{"href":"https:\/\/gravel-bikes.cc\/es\/wp-json\/wp\/v2\/types\/product"}],"wp:featuredmedia":[{"embeddable":true,"href":"https:\/\/gravel-bikes.cc\/es\/wp-json\/wp\/v2\/media\/8359"}],"wp:attachment":[{"href":"https:\/\/gravel-bikes.cc\/es\/wp-json\/wp\/v2\/media?parent=8356"}],"wp:term":[{"taxonomy":"pwb-brand","embeddable":true,"href":"https:\/\/gravel-bikes.cc\/es\/wp-json\/wp\/v2\/pwb-brand?post=8356"},{"taxonomy":"product_brand","embeddable":true,"href":"https:\/\/gravel-bikes.cc\/es\/wp-json\/wp\/v2\/product_brand?post=8356"},{"taxonomy":"product_cat","embeddable":true,"href":"https:\/\/gravel-bikes.cc\/es\/wp-json\/wp\/v2\/product_cat?post=8356"},{"taxonomy":"product_tag","embeddable":true,"href":"https:\/\/gravel-bikes.cc\/es\/wp-json\/wp\/v2\/product_tag?post=8356"}],"curies":[{"name":"wp","href":"https:\/\/api.w.org\/{rel}","templated":true}]}}