{"id":9027,"date":"2026-03-05T11:28:49","date_gmt":"2026-03-05T11:28:49","guid":{"rendered":"https:\/\/gravel-bikes.cc\/produkt\/valvulas-tubeless-pirelli-60-mm\/"},"modified":"2026-03-05T11:28:49","modified_gmt":"2026-03-05T11:28:49","slug":"valvulas-tubeless-pirelli-60-mm","status":"publish","type":"product","link":"https:\/\/gravel-bikes.cc\/es\/produkt\/valvulas-tubeless-pirelli-60-mm\/","title":{"rendered":"V\u00e1lvulas tubeless PIRELLI 60 mm"},"content":{"rendered":"<p>Las nuevas v\u00e1lvulas tubeless de Pirelli ofrecen compatibilidad universal y m\u00e1xima fiabilidad para todo tipo de ruedas. Cada pack contiene dos v\u00e1lvulas Presta con obuses desmontables (RVC), una herramienta de instalaci\u00f3n y tapones de pl\u00e1stico. <\/p>\n<p>Disponibles en tres longitudes (40 mm, 60 mm, 80 mm), son ligeras, robustas y garantizan una estanqueidad \u00f3ptima. Fabricadas en Italia, son la elecci\u00f3n ideal si buscas calidad, eficiencia y una instalaci\u00f3n tubeless sencilla. <\/p>\n","protected":false},"excerpt":{"rendered":"<p>Las nuevas v\u00e1lvulas tubeless de Pirelli ofrecen compatibilidad universal y m\u00e1xima fiabilidad para todo tipo de ruedas. Cada pack contiene dos v\u00e1lvulas Presta con obuses desmontables (RVC), una herramienta de instalaci\u00f3n y tapones de pl\u00e1stico. Disponibles en tres longitudes (40 mm, 60 mm, 80 mm), son ligeras, robustas y garantizan una estanqueidad \u00f3ptima. Fabricadas en [&hellip;]<\/p>\n","protected":false},"featured_media":8172,"template":"","meta":{"_et_pb_use_builder":"","_et_pb_old_content":"","_et_gb_content_width":"","om_disable_all_campaigns":false,"_monsterinsights_skip_tracking":false,"_monsterinsights_sitenote_active":false,"_monsterinsights_sitenote_note":"","_monsterinsights_sitenote_category":0},"pwb-brand":[],"product_brand":[],"product_cat":[473,451],"product_tag":[823],"class_list":{"0":"post-9027","1":"product","2":"type-product","3":"status-publish","4":"has-post-thumbnail","6":"product_cat-piezas-tubeless","7":"product_cat-sin-categorizar","8":"product_tag-pirelli","10":"first","11":"instock","12":"sale","13":"taxable","14":"shipping-taxable","15":"purchasable","16":"product-type-simple"},"aioseo_notices":[],"brands":[],"_links":{"self":[{"href":"https:\/\/gravel-bikes.cc\/es\/wp-json\/wp\/v2\/product\/9027","targetHints":{"allow":["GET"]}}],"collection":[{"href":"https:\/\/gravel-bikes.cc\/es\/wp-json\/wp\/v2\/product"}],"about":[{"href":"https:\/\/gravel-bikes.cc\/es\/wp-json\/wp\/v2\/types\/product"}],"wp:featuredmedia":[{"embeddable":true,"href":"https:\/\/gravel-bikes.cc\/es\/wp-json\/wp\/v2\/media\/8172"}],"wp:attachment":[{"href":"https:\/\/gravel-bikes.cc\/es\/wp-json\/wp\/v2\/media?parent=9027"}],"wp:term":[{"taxonomy":"pwb-brand","embeddable":true,"href":"https:\/\/gravel-bikes.cc\/es\/wp-json\/wp\/v2\/pwb-brand?post=9027"},{"taxonomy":"product_brand","embeddable":true,"href":"https:\/\/gravel-bikes.cc\/es\/wp-json\/wp\/v2\/product_brand?post=9027"},{"taxonomy":"product_cat","embeddable":true,"href":"https:\/\/gravel-bikes.cc\/es\/wp-json\/wp\/v2\/product_cat?post=9027"},{"taxonomy":"product_tag","embeddable":true,"href":"https:\/\/gravel-bikes.cc\/es\/wp-json\/wp\/v2\/product_tag?post=9027"}],"curies":[{"name":"wp","href":"https:\/\/api.w.org\/{rel}","templated":true}]}}