{"id":9063,"date":"2026-03-15T10:06:55","date_gmt":"2026-03-15T10:06:55","guid":{"rendered":"https:\/\/gravel-bikes.cc\/produkt\/pago-inicial-viaje-al-tibet\/"},"modified":"2026-03-15T10:06:55","modified_gmt":"2026-03-15T10:06:55","slug":"pago-inicial-viaje-al-tibet","status":"publish","type":"product","link":"https:\/\/gravel-bikes.cc\/es\/produkt\/pago-inicial-viaje-al-tibet\/","title":{"rendered":"PAGO INICIAL VIAJE AL T\u00cdBET"},"content":{"rendered":"<h3 class=\"wp-block-heading\">Fechas<\/h3>\n<p>29 de abril \u2013 10 de mayo de 2026<br \/>\n11 \u2013 23 de mayo de 2026 <a href=\"https:\/\/www.serk.cc\/everestingtibet\/\">(edici\u00f3n especial)<\/a><br \/>\n3 \u2013 14 de agosto de 2026<br \/>\n1 \u2013 12 de septiembre de 2026<\/p>\n<h3 class=\"wp-block-heading\">Distancia<\/h3>\n<p>12 d\u00edas<br \/>\n7 d\u00edas de pedaleo<br \/>\nM\u00e1s de 700 km (muchos km a una altitud media de 4000 m)<br \/>\nM\u00e1s de 5770 m de ascenso<\/p>\n<h3 class=\"wp-block-heading\">Altitud<\/h3>\n<p>M\u00edn.: 3000 m<br \/>\nM\u00e1x.: 5100 m<br \/>\nMedia: 4000 m<\/p>\n<h3 class=\"wp-block-heading\">Precio<\/h3>\n<p>6000 US$<\/p>\n<p>El T\u00edbet es una de las mejores experiencias de viaje del mundo. Serk te ofrece la oportunidad de sumergirte en las antiguas culturas del T\u00edbet y recorrer sus impresionantes paisajes hasta el emblem\u00e1tico campamento base del Everest. <\/p>\n<p>Desde 2014, hemos dise\u00f1ado cuidadosamente experiencias que te dejar\u00e1n sin aliento y te har\u00e1n sentir privilegiado por haber explorado esta regi\u00f3n \u00fanica, antes de que caiga completamente en las garras de la modernizaci\u00f3n.<\/p>\n<p>Combinamos una ruta ciclista desafiante y espectacular con una selecci\u00f3n de los lugares culturales y naturales m\u00e1s gratificantes.<\/p>\n<p>Esfu\u00e9rzate para subir algunas de las carreteras asfaltadas m\u00e1s altas del mundo, y luego sonr\u00ede de oreja a oreja mientras desciendes por el otro lado de un puerto de 5000 m. Te ir\u00e1s no solo con 9 d\u00edas incre\u00edbles de ciclismo de altura en tus piernas, sino con una nueva comprensi\u00f3n de una de las culturas m\u00e1s incre\u00edbles de la Tierra. <\/p>\n","protected":false},"excerpt":{"rendered":"<p>Fechas 29 de abril \u2013 10 de mayo de 2026 11 \u2013 23 de mayo de 2026 (edici\u00f3n especial) 3 \u2013 14 de agosto de 2026 1 \u2013 12 de septiembre de 2026 Distancia 12 d\u00edas 7 d\u00edas de pedaleo M\u00e1s de 700 km (muchos km a una altitud media de 4000 m) M\u00e1s de [&hellip;]<\/p>\n","protected":false},"featured_media":8480,"template":"","meta":{"_et_pb_use_builder":"","_et_pb_old_content":"","_et_gb_content_width":""},"pwb-brand":[],"product_brand":[],"product_cat":[622],"product_tag":[831],"class_list":{"0":"post-9063","1":"product","2":"type-product","3":"status-publish","4":"has-post-thumbnail","6":"product_cat-viajes","7":"product_tag-tibet","9":"first","10":"instock","11":"taxable","12":"shipping-taxable","13":"purchasable","14":"product-type-simple"},"aioseo_notices":[],"brands":[],"_links":{"self":[{"href":"https:\/\/gravel-bikes.cc\/es\/wp-json\/wp\/v2\/product\/9063","targetHints":{"allow":["GET"]}}],"collection":[{"href":"https:\/\/gravel-bikes.cc\/es\/wp-json\/wp\/v2\/product"}],"about":[{"href":"https:\/\/gravel-bikes.cc\/es\/wp-json\/wp\/v2\/types\/product"}],"wp:featuredmedia":[{"embeddable":true,"href":"https:\/\/gravel-bikes.cc\/es\/wp-json\/wp\/v2\/media\/8480"}],"wp:attachment":[{"href":"https:\/\/gravel-bikes.cc\/es\/wp-json\/wp\/v2\/media?parent=9063"}],"wp:term":[{"taxonomy":"pwb-brand","embeddable":true,"href":"https:\/\/gravel-bikes.cc\/es\/wp-json\/wp\/v2\/pwb-brand?post=9063"},{"taxonomy":"product_brand","embeddable":true,"href":"https:\/\/gravel-bikes.cc\/es\/wp-json\/wp\/v2\/product_brand?post=9063"},{"taxonomy":"product_cat","embeddable":true,"href":"https:\/\/gravel-bikes.cc\/es\/wp-json\/wp\/v2\/product_cat?post=9063"},{"taxonomy":"product_tag","embeddable":true,"href":"https:\/\/gravel-bikes.cc\/es\/wp-json\/wp\/v2\/product_tag?post=9063"}],"curies":[{"name":"wp","href":"https:\/\/api.w.org\/{rel}","templated":true}]}}