{"id":9076,"date":"2026-03-22T11:10:41","date_gmt":"2026-03-22T11:10:41","guid":{"rendered":"https:\/\/gravel-bikes.cc\/produkt\/abus-plegable-granit-6500\/"},"modified":"2026-03-22T12:18:43","modified_gmt":"2026-03-22T12:18:43","slug":"abus-plegable-granit-6500","status":"publish","type":"product","link":"https:\/\/gravel-bikes.cc\/es\/produkt\/abus-plegable-granit-6500\/","title":{"rendered":"ABUS plegable GRANIT 6500"},"content":{"rendered":"<div class=\"copy\"><span class=\"copy--bold\">Con nuestro BORDO GRANIT\u2122 6500K, los ladrones se topan con el Granit de ABUS.<\/span><\/div>\n<div class=\"copy\">Incluso frente a ataques contundentes, estar\u00e1s lo mejor protegido posible gracias a las barras de 5,5 mm de acero especialmente endurecido y a los remaches especiales integrados. El innovador ABUS Link-Protection-Shield hace que estos remaches sean a la vez flexibles y extremadamente resistentes frente a ataques con sierra. Adem\u00e1s, el cilindro de disco de precisi\u00f3n ABUS XPlus ofrece la m\u00e1xima protecci\u00f3n posible contra intentos de manipulaci\u00f3n. Pero este candado para bicicleta no solo es extremadamente robusto, tambi\u00e9n es c\u00f3modo de usar. Gracias a su buen mecanismo de cierre, se bloquea y se abre con especial suavidad.    <\/div>\n<div class=\"copy\"><\/div>\n<div class=\"copy\">Esta combinaci\u00f3n imbatible le otorga al candado plegable BORDO GRANIT\u2122 6500K un 15 rotundo en el sistema de niveles de seguridad de ABUS.<\/div>\n","protected":false},"excerpt":{"rendered":"<h1 class=\"hyphenate\">BORDO GRANIT\u2122 6500K<\/h1>\n<p>Protecci\u00f3n fiable cuando se necesita la m\u00e1xima seguridad: el BORDO GRANIT\u2122 6500K es el sucesor del BORDO GRANIT XPlus\u2122 6500. Con cambios en el dise\u00f1o y en el mecanismo de cierre, se integra en la familia Bordo. Ahora tambi\u00e9n en longitud de 90 cm.  <\/p>\n","protected":false},"featured_media":8640,"template":"","meta":{"_et_pb_use_builder":"","_et_pb_old_content":"","_et_gb_content_width":"","om_disable_all_campaigns":false,"_monsterinsights_skip_tracking":false,"_monsterinsights_sitenote_active":false,"_monsterinsights_sitenote_note":"","_monsterinsights_sitenote_category":0},"pwb-brand":[],"product_brand":[],"product_cat":[617],"product_tag":[],"class_list":{"0":"post-9076","1":"product","2":"type-product","3":"status-publish","4":"has-post-thumbnail","6":"product_cat-candados-abus","8":"first","9":"instock","10":"taxable","11":"shipping-taxable","12":"product-type-simple"},"aioseo_notices":[],"df_price":"","df_sale_price":"","df_regular_price":"","df_image_link":"https:\/\/gravel-bikes.cc\/wp-content\/uploads\/2026\/03\/61498_BORDO6500K_90_BK_abus_640-109x300.png","brands":[],"_links":{"self":[{"href":"https:\/\/gravel-bikes.cc\/es\/wp-json\/wp\/v2\/product\/9076","targetHints":{"allow":["GET"]}}],"collection":[{"href":"https:\/\/gravel-bikes.cc\/es\/wp-json\/wp\/v2\/product"}],"about":[{"href":"https:\/\/gravel-bikes.cc\/es\/wp-json\/wp\/v2\/types\/product"}],"wp:featuredmedia":[{"embeddable":true,"href":"https:\/\/gravel-bikes.cc\/es\/wp-json\/wp\/v2\/media\/8640"}],"wp:attachment":[{"href":"https:\/\/gravel-bikes.cc\/es\/wp-json\/wp\/v2\/media?parent=9076"}],"wp:term":[{"taxonomy":"pwb-brand","embeddable":true,"href":"https:\/\/gravel-bikes.cc\/es\/wp-json\/wp\/v2\/pwb-brand?post=9076"},{"taxonomy":"product_brand","embeddable":true,"href":"https:\/\/gravel-bikes.cc\/es\/wp-json\/wp\/v2\/product_brand?post=9076"},{"taxonomy":"product_cat","embeddable":true,"href":"https:\/\/gravel-bikes.cc\/es\/wp-json\/wp\/v2\/product_cat?post=9076"},{"taxonomy":"product_tag","embeddable":true,"href":"https:\/\/gravel-bikes.cc\/es\/wp-json\/wp\/v2\/product_tag?post=9076"}],"curies":[{"name":"wp","href":"https:\/\/api.w.org\/{rel}","templated":true}]}}