{"id":9079,"date":"2026-03-22T11:16:14","date_gmt":"2026-03-22T11:16:14","guid":{"rendered":"https:\/\/gravel-bikes.cc\/produkt\/abus-bordo-one\/"},"modified":"2026-03-22T11:16:14","modified_gmt":"2026-03-22T11:16:14","slug":"abus-bordo-one","status":"publish","type":"product","link":"https:\/\/gravel-bikes.cc\/es\/produkt\/abus-bordo-one\/","title":{"rendered":"ABUS BORDO ONE"},"content":{"rendered":"<h3 class=\"like-h2\">SIN LLAVES ES M\u00c1S<\/h3>\n<div class=\"copy\"><span class=\"copy--bold\">Disfruta de las ventajas de la innovadora tecnolog\u00eda SmartX, que ofrece comodidad adem\u00e1s de seguridad: ya no necesitas llaves, basta con llevar el m\u00f3vil en el bolsillo.<\/span><\/div>\n<div class=\"copy\">Combinado con una alarma de 100 dB, este candado ofrece seguridad para bicicletas de alta gama, como e-bikes y bicicletas de carga. Gracias a la conexi\u00f3n con la app ABUS One y la tecnolog\u00eda Bluetooth SmartX\u2122 de ABUS, el candado funciona totalmente sin llaves. <\/div>\n<div class=\"copy\">Si prefieres algo menos inteligente pero igual de c\u00f3modo, puedes manejar el BORDO\u2122 One 6500A opcionalmente con el mando a distancia. En la versi\u00f3n RC (RC = Remote Control), este viene incluido; para las dem\u00e1s versiones, el mando se vende por separado. <\/div>\n","protected":false},"excerpt":{"rendered":"<h1 class=\"hyphenate\">BORDO\u2122 One 6500A<\/h1>\n<p>Seguridad inteligente para bicicletas llevada al siguiente nivel. El uso de tecnolog\u00eda innovadora, combinada con la m\u00e1xima flexibilidad, seguridad mec\u00e1nica y la conexi\u00f3n a la nueva app ABUS One, convierte al 6500A en el candado m\u00e1s inteligente de su clase. <\/p>\n","protected":false},"featured_media":8643,"template":"","meta":{"_et_pb_use_builder":"","_et_pb_old_content":"","_et_gb_content_width":"","om_disable_all_campaigns":false,"_monsterinsights_skip_tracking":false,"_monsterinsights_sitenote_active":false,"_monsterinsights_sitenote_note":"","_monsterinsights_sitenote_category":0},"pwb-brand":[],"product_brand":[],"product_cat":[617],"product_tag":[],"class_list":{"0":"post-9079","1":"product","2":"type-product","3":"status-publish","4":"has-post-thumbnail","6":"product_cat-candados-abus","8":"first","9":"instock","10":"taxable","11":"shipping-taxable","12":"product-type-simple"},"aioseo_notices":[],"df_price":"","df_sale_price":"","df_regular_price":"","df_image_link":"https:\/\/gravel-bikes.cc\/wp-content\/uploads\/2026\/03\/61495_6500A_110_SmartX_front_abus_640-132x300.png","brands":[],"_links":{"self":[{"href":"https:\/\/gravel-bikes.cc\/es\/wp-json\/wp\/v2\/product\/9079","targetHints":{"allow":["GET"]}}],"collection":[{"href":"https:\/\/gravel-bikes.cc\/es\/wp-json\/wp\/v2\/product"}],"about":[{"href":"https:\/\/gravel-bikes.cc\/es\/wp-json\/wp\/v2\/types\/product"}],"wp:featuredmedia":[{"embeddable":true,"href":"https:\/\/gravel-bikes.cc\/es\/wp-json\/wp\/v2\/media\/8643"}],"wp:attachment":[{"href":"https:\/\/gravel-bikes.cc\/es\/wp-json\/wp\/v2\/media?parent=9079"}],"wp:term":[{"taxonomy":"pwb-brand","embeddable":true,"href":"https:\/\/gravel-bikes.cc\/es\/wp-json\/wp\/v2\/pwb-brand?post=9079"},{"taxonomy":"product_brand","embeddable":true,"href":"https:\/\/gravel-bikes.cc\/es\/wp-json\/wp\/v2\/product_brand?post=9079"},{"taxonomy":"product_cat","embeddable":true,"href":"https:\/\/gravel-bikes.cc\/es\/wp-json\/wp\/v2\/product_cat?post=9079"},{"taxonomy":"product_tag","embeddable":true,"href":"https:\/\/gravel-bikes.cc\/es\/wp-json\/wp\/v2\/product_tag?post=9079"}],"curies":[{"name":"wp","href":"https:\/\/api.w.org\/{rel}","templated":true}]}}