{"id":9092,"date":"2026-03-22T11:19:52","date_gmt":"2026-03-22T11:19:52","guid":{"rendered":"https:\/\/gravel-bikes.cc\/produkt\/abus-bordo-6200k\/"},"modified":"2026-03-22T12:19:58","modified_gmt":"2026-03-22T12:19:58","slug":"abus-bordo-6200k","status":"publish","type":"product","link":"https:\/\/gravel-bikes.cc\/es\/produkt\/abus-bordo-6200k\/","title":{"rendered":"ABUS BORDO 6200K"},"content":{"rendered":"<div class=\"copy\"><span class=\"copy--bold\">No solo asegures tu valiosa bicicleta de forma segura, sino tambi\u00e9n c\u00f3moda: con el BORDO 6200K encontrar\u00e1s r\u00e1pidamente un lugar adecuado para candarla, incluso en objetos voluminosos.<\/span><\/div>\n<div class=\"copy\">Esto se debe, por un lado, al gran per\u00edmetro de cierre de 94 cm o incluso 127 cm, seg\u00fan la variante. Por otro lado, a la flexibilidad de este candado plegable, gracias a su cuerpo giratorio. As\u00ed puedes orientar la apertura para la barra de cierre hacia donde la necesites.  <\/div>\n<div class=\"copy\">Para el transporte, pliega el candado como un metro de carpintero hasta alcanzar un tama\u00f1o compacto. Luego, gu\u00e1rdalo en el soporte incluido, que se monta f\u00e1cilmente en el cuadro de la bici. Especialmente pr\u00e1ctico: el soporte incluye un compartimento para la llave y el candado se encaja simplemente presionando las barras, de forma r\u00e1pida y sin pillarse los dedos. El soporte del Bordo 6200K\/120 ofrece adem\u00e1s un compartimento para un AirTag* o SmartTag**, que permiten localizar el candado o la bicicleta.     <\/div>\n<div class=\"copy\">El 6200K\/120 cuenta adem\u00e1s con una posici\u00f3n de transporte y otra de bloqueo. Esto significa que hay dos opciones de inserci\u00f3n en el cuerpo del candado: la exterior es solo para el transporte y la interior para bloquear el candado. <\/div>\n<div class=\"copy\">La alta seguridad del BORDO 6200K, fabricado en Alemania, est\u00e1 garantizada por el cilindro ABUS XPlus y las robustas barras de acero templado con perfilado adicional. Discos de acero protegen los remaches contra ataques con sierra. Para evitar da\u00f1os en la pintura de la bici, las barras est\u00e1n recubiertas.  <\/div>\n","protected":false},"excerpt":{"rendered":"<h1 class=\"hyphenate\">BORDO\u2122 6200K<\/h1>\n<p>Descubre lo flexible que puede ser la seguridad: el robusto cuerpo de este candado plegable gira 360\u00b0. Esto permite una libertad de movimiento excepcional al candar la bicicleta. <\/p>\n","protected":false},"featured_media":8645,"template":"","meta":{"_et_pb_use_builder":"","_et_pb_old_content":"","_et_gb_content_width":"","om_disable_all_campaigns":false,"_monsterinsights_skip_tracking":false,"_monsterinsights_sitenote_active":false,"_monsterinsights_sitenote_note":"","_monsterinsights_sitenote_category":0},"pwb-brand":[],"product_brand":[],"product_cat":[617,451],"product_tag":[839],"class_list":{"0":"post-9092","1":"product","2":"type-product","3":"status-publish","4":"has-post-thumbnail","6":"product_cat-candados-abus","7":"product_cat-sin-categorizar","8":"product_tag-abus-bordo","10":"first","11":"instock","12":"taxable","13":"shipping-taxable","14":"purchasable","15":"product-type-simple"},"aioseo_notices":[],"brands":[],"_links":{"self":[{"href":"https:\/\/gravel-bikes.cc\/es\/wp-json\/wp\/v2\/product\/9092","targetHints":{"allow":["GET"]}}],"collection":[{"href":"https:\/\/gravel-bikes.cc\/es\/wp-json\/wp\/v2\/product"}],"about":[{"href":"https:\/\/gravel-bikes.cc\/es\/wp-json\/wp\/v2\/types\/product"}],"wp:featuredmedia":[{"embeddable":true,"href":"https:\/\/gravel-bikes.cc\/es\/wp-json\/wp\/v2\/media\/8645"}],"wp:attachment":[{"href":"https:\/\/gravel-bikes.cc\/es\/wp-json\/wp\/v2\/media?parent=9092"}],"wp:term":[{"taxonomy":"pwb-brand","embeddable":true,"href":"https:\/\/gravel-bikes.cc\/es\/wp-json\/wp\/v2\/pwb-brand?post=9092"},{"taxonomy":"product_brand","embeddable":true,"href":"https:\/\/gravel-bikes.cc\/es\/wp-json\/wp\/v2\/product_brand?post=9092"},{"taxonomy":"product_cat","embeddable":true,"href":"https:\/\/gravel-bikes.cc\/es\/wp-json\/wp\/v2\/product_cat?post=9092"},{"taxonomy":"product_tag","embeddable":true,"href":"https:\/\/gravel-bikes.cc\/es\/wp-json\/wp\/v2\/product_tag?post=9092"}],"curies":[{"name":"wp","href":"https:\/\/api.w.org\/{rel}","templated":true}]}}