{"id":9139,"date":"2026-03-05T12:21:18","date_gmt":"2026-03-05T12:21:18","guid":{"rendered":"https:\/\/gravel-bikes.cc\/produkt\/pago-inicial-del-viaje-a-nepal\/"},"modified":"2026-03-05T12:21:18","modified_gmt":"2026-03-05T12:21:18","slug":"pago-inicial-del-viaje-a-nepal","status":"publish","type":"product","link":"https:\/\/gravel-bikes.cc\/es\/produkt\/pago-inicial-del-viaje-a-nepal\/","title":{"rendered":"Pago inicial del VIAJE A NEPAL"},"content":{"rendered":"<p>Esta es la ruta definitiva de Nepal: el Circuito del Annapurna reinventado para la generaci\u00f3n<br \/>\ngravel. Es grande, salvaje y aut\u00e9ntica: un viaje de dos semanas a trav\u00e9s de climas, culturas,<br \/>\ny puertos de monta\u00f1a que definen la palabra \u00e9pico. Subir\u00e1s desde los arrozales<br \/>\nde las colinas medias hasta los paisajes altos y \u00e1ridos de Manang, cruzar\u00e1s el<br \/>\nlegendario paso de Thorong La (5.416 m) y descender\u00e1s por los barrancos<br \/>\nazotados por el viento de Mustang hasta las estribaciones verdes de Pokhara.<br \/>\nPor el camino rodar\u00e1s por todo tipo de terrenos, desde gravel compacta hasta pistas de jeep y<br \/>\nantiguos caminos de piedra, pasando por pueblos atemporales, monasterios budistas,<br \/>\nhuertos de manzanos y valles fluviales. Es duro, pero maravillosamente gratificante: una aut\u00e9ntica prueba<br \/>\nde resistencia, esp\u00edritu y ganas.<br \/>\nSi vas justo de tiempo, preg\u00fantanos por la versi\u00f3n de 10 d\u00edas de este programa.   <\/p>\n","protected":false},"excerpt":{"rendered":"<p>Esta es la ruta definitiva de Nepal: el Circuito del Annapurna reinventado para la generaci\u00f3n gravel. Es grande, salvaje y aut\u00e9ntica: un viaje de dos semanas a trav\u00e9s de climas, culturas, y puertos de monta\u00f1a que definen la palabra \u00e9pico. Subir\u00e1s desde los arrozales de las colinas medias hasta los paisajes altos y \u00e1ridos de [&hellip;]<\/p>\n","protected":false},"featured_media":7986,"template":"","meta":{"_et_pb_use_builder":"","_et_pb_old_content":"","_et_gb_content_width":"","om_disable_all_campaigns":false,"_monsterinsights_skip_tracking":false,"_monsterinsights_sitenote_active":false,"_monsterinsights_sitenote_note":"","_monsterinsights_sitenote_category":0},"pwb-brand":[],"product_brand":[],"product_cat":[622],"product_tag":[841],"class_list":{"0":"post-9139","1":"product","2":"type-product","3":"status-publish","4":"has-post-thumbnail","6":"product_cat-viajes","7":"product_tag-gravel-nepal","9":"first","10":"instock","11":"taxable","12":"shipping-taxable","13":"purchasable","14":"product-type-simple"},"aioseo_notices":[],"brands":[],"_links":{"self":[{"href":"https:\/\/gravel-bikes.cc\/es\/wp-json\/wp\/v2\/product\/9139","targetHints":{"allow":["GET"]}}],"collection":[{"href":"https:\/\/gravel-bikes.cc\/es\/wp-json\/wp\/v2\/product"}],"about":[{"href":"https:\/\/gravel-bikes.cc\/es\/wp-json\/wp\/v2\/types\/product"}],"wp:featuredmedia":[{"embeddable":true,"href":"https:\/\/gravel-bikes.cc\/es\/wp-json\/wp\/v2\/media\/7986"}],"wp:attachment":[{"href":"https:\/\/gravel-bikes.cc\/es\/wp-json\/wp\/v2\/media?parent=9139"}],"wp:term":[{"taxonomy":"pwb-brand","embeddable":true,"href":"https:\/\/gravel-bikes.cc\/es\/wp-json\/wp\/v2\/pwb-brand?post=9139"},{"taxonomy":"product_brand","embeddable":true,"href":"https:\/\/gravel-bikes.cc\/es\/wp-json\/wp\/v2\/product_brand?post=9139"},{"taxonomy":"product_cat","embeddable":true,"href":"https:\/\/gravel-bikes.cc\/es\/wp-json\/wp\/v2\/product_cat?post=9139"},{"taxonomy":"product_tag","embeddable":true,"href":"https:\/\/gravel-bikes.cc\/es\/wp-json\/wp\/v2\/product_tag?post=9139"}],"curies":[{"name":"wp","href":"https:\/\/api.w.org\/{rel}","templated":true}]}}