{"id":10068,"date":"2025-12-31T15:47:45","date_gmt":"2025-12-31T15:47:45","guid":{"rendered":"https:\/\/gravel-bikes.cc\/bike-fitting\/"},"modified":"2026-04-07T12:57:42","modified_gmt":"2026-04-07T12:57:42","slug":"bike-fitting","status":"publish","type":"page","link":"https:\/\/gravel-bikes.cc\/fr\/bike-fitting\/","title":{"rendered":"BIKE FITTING"},"content":{"rendered":"<p>[et_pb_section fb_built=&#8221;1&#8243; _builder_version=&#8221;4.27.5&#8243; _module_preset=&#8221;default&#8221; global_colors_info=&#8221;{}&#8221;][et_pb_row _builder_version=&#8221;4.27.6&#8243; _module_preset=&#8221;default&#8221; theme_builder_area=&#8221;post_content&#8221;][et_pb_column _builder_version=&#8221;4.27.6&#8243; _module_preset=&#8221;default&#8221; type=&#8221;4_4&#8243; theme_builder_area=&#8221;post_content&#8221;][et_pb_image src=&#8221;https:\/\/gravel-bikes.cc\/wp-content\/uploads\/2026\/04\/IMG_2984.jpeg&#8221; _builder_version=&#8221;4.27.6&#8243; _module_preset=&#8221;default&#8221; theme_builder_area=&#8221;post_content&#8221; title_text=&#8221;IMG_2984&#8243; hover_enabled=&#8221;0&#8243; sticky_enabled=&#8221;0&#8243;][\/et_pb_image][\/et_pb_column][\/et_pb_row][et_pb_row _builder_version=&#8221;4.27.5&#8243; _module_preset=&#8221;default&#8221; global_colors_info=&#8221;{}&#8221;][et_pb_column type=&#8221;4_4&#8243; _builder_version=&#8221;4.27.5&#8243; _module_preset=&#8221;default&#8221; global_colors_info=&#8221;{}&#8221;][et_pb_text _builder_version=&#8221;4.27.6&#8243; _module_preset=&#8221;default&#8221; global_colors_info=&#8221;{}&#8221;]<\/p>\n<section class=\"comp-m9ub37w62 CohWsy wixui-column-strip\"><\/section>\n<section id=\"comp-m9ub37w62\" class=\"comp-m9ub37w62 CohWsy wixui-column-strip\">\n<div data-testid=\"columns\" class=\"V5AUxf\">\n<div id=\"comp-m9ub37wc\" class=\"comp-m9ub37wc YzqVVZ wixui-column-strip__column\">\n<div data-mesh-id=\"comp-m9ub37wcinlineContent\" data-testid=\"inline-content\" class=\"\">\n<div data-mesh-id=\"comp-m9ub37wcinlineContent-gridContainer\" data-testid=\"mesh-container-content\">\n<div id=\"comp-m9ub37wd\" class=\"Z_l5lU ku3DBC zQ9jDz qvSjx3 Vq6kJx comp-m9ub37wd wixui-rich-text\" data-testid=\"richTextElement\">\n<h2 class=\"font_2 wixui-rich-text__text\"><span class=\"wixui-rich-text__text\">BIKEFITTING<\/span><\/h2>\n<p><span class=\"wixui-rich-text__text\"><\/span><\/p>\n<p><strong>Les conseils d&#8217;un cycliste qui travaille dans l&#8217;industrie depuis 27 ans. A \u00e9quip\u00e9 des vainqueurs d&#8217;\u00e9tapes du Tour de France et des podiums d&#8217;Hawa\u00ef. Tu n&#8217;as pas besoin de pointeurs laser&#8230; tu as besoin de savoir ce qui compte.<span class=\"wixui-rich-text__text\"><\/span><\/strong><\/p>\n<p><strong><span class=\"wixui-rich-text__text\"><\/span><\/strong><\/p>\n<\/div>\n<div id=\"comp-m9ubcf4y\" class=\"Z_l5lU ku3DBC zQ9jDz qvSjx3 Vq6kJx comp-m9ubcf4y wixui-rich-text\" data-testid=\"richTextElement\"><\/div>\n<\/div>\n<\/div>\n<\/div>\n<\/div>\n<\/section>\n<section id=\"comp-m9ub37we2\" class=\"comp-m9ub37we2 CohWsy wixui-column-strip\">\n<div data-testid=\"columns\" class=\"V5AUxf\">\n<div id=\"comp-m9ub37wf1\" class=\"comp-m9ub37wf1 YzqVVZ wixui-column-strip__column\">\n<div data-mesh-id=\"comp-m9ub37wf1inlineContent\" data-testid=\"inline-content\" class=\"\">\n<div data-mesh-id=\"comp-m9ub37wf1inlineContent-gridContainer\" data-testid=\"mesh-container-content\">\n<div id=\"comp-m9ub37wg1\" class=\"Z_l5lU ku3DBC zQ9jDz qvSjx3 Vq6kJx comp-m9ub37wg1 wixui-rich-text\" data-testid=\"richTextElement\">\n<h4><\/h4>\n<h4>Tu ne te sens pas \u00e0 l\u2019aise sur ton v\u00e9lo ou tu souhaites passer au niveau sup\u00e9rieur en termes de performance ?<\/h4>\n<h4>Notre \u00e9tude posturale professionnelle garantit que ton v\u00e9lo est parfaitement adapt\u00e9 \u00e0 toi \u2013 pour plus de confort, d\u2019efficacit\u00e9 et moins de tensions.<\/h4>\n<h4><\/h4>\n<h4><\/h4>\n<h4>Ce qui t\u2019attend :<\/h4>\n<p>&nbsp;<\/p>\n<h4>\u2705 Analyse individuelle : tes mensurations, ta posture et ton style de conduite sont au c\u0153ur de notre d\u00e9marche.<\/h4>\n<h4>\u2705 Position de conduite optimale : moins de douleurs, un transfert de puissance plus efficace.<\/h4>\n<h4>\u2705 Exp\u00e9rience de conduite am\u00e9lior\u00e9e : que tu roules en v\u00e9lo de route, VTT ou v\u00e9lo de triathlon \u2013 tu seras parfaitement \u00e9quip\u00e9.<\/h4>\n<h4>\u2705 Performance accrue : \u00e9conomise de l\u2019\u00e9nergie et gagne en vitesse \u2013 kilom\u00e8tre apr\u00e8s kilom\u00e8tre.<\/h4>\n<p>&nbsp;<\/p>\n<h4><\/h4>\n<h4>Investis en toi et dans ton v\u00e9lo. Ton corps te remerciera et tes performances parleront d\u2019elles-m\u00eames ! <\/h4>\n<h4><\/h4>\n<h4>D\u00e9couvre la diff\u00e9rence qu\u2019une \u00e9tude posturale personnalis\u00e9e peut faire.<\/h4>\n<h4>&#8230; Roule plus intelligemment, pas plus difficilement.<\/h4>\n<p>&nbsp;<\/p>\n<h4>FITTING GRAVEL &#8211; V\u00e9lo de route<\/h4>\n<p>&nbsp;<\/p>\n<h4>D\u00e9couvre l&#8217;exp\u00e9rience de conduite parfaite avec notre programme de fitting<\/h4>\n<p>&nbsp;<\/p>\n<h4>Tu veux rendre ton gravel encore plus confortable, efficace et puissant ?<\/h4>\n<h4>Notre \u00e9tude posturale le rend possible !<\/h4>\n<p>&nbsp;<\/p>\n<h4>\ud83d\udd27 R\u00e9glage individuel : Nous optimisons ton v\u00e9lo pr\u00e9cis\u00e9ment selon tes besoins et ton style de conduite \u2013 de la position de la selle \u00e0 la hauteur du guidon.<\/h4>\n<p>&nbsp;<\/p>\n<p>&nbsp;<\/p>\n<h4>\u26a1 Confort accru : r\u00e9duis l\u2019inconfort lors des sorties prolong\u00e9es et am\u00e9liore ton bien-\u00eatre en selle.<\/h4>\n<p>&nbsp;<\/p>\n<p>&nbsp;<\/p>\n<h4>\ud83d\udeb4\u200d\u2640 Performance maximale : Tire le meilleur de ton v\u00e9lo \u2013 avec une ergonomie parfaite et un transfert de puissance optimal.<\/h4>\n<p>&nbsp;<\/p>\n<p>&nbsp;<\/p>\n<h4>\ud83c\udf1f Pour tous les niveaux : que tu sois d\u00e9butant ou pro \u2013 notre service d\u2019\u00e9tude posturale convient \u00e0 tous ceux qui souhaitent am\u00e9liorer leur exp\u00e9rience en v\u00e9lo \u00e9lectrique.<\/h4>\n<p>&nbsp;<\/p>\n<h4>D\u00e9couvre comment un v\u00e9lo parfaitement ajust\u00e9 fait passer ton exp\u00e9rience de conduite au niveau sup\u00e9rieur !<\/h4>\n<p>&nbsp;<\/p>\n<p>&nbsp;<\/p>\n<h4>Prends rendez-vous d\u00e8s aujourd\u2019hui et profite d\u2019une nouvelle dimension du cyclisme.<\/h4>\n<p>&nbsp;<\/p>\n<p>TARIF 129 \u20ac <\/p>\n<p>&nbsp;<\/p>\n<\/div>\n<\/div>\n<\/div>\n<\/div>\n<\/div>\n<\/section>\n<p>[\/et_pb_text][et_pb_button button_url=&#8221;https:\/\/gravel-bikes.cc\/fr\/contact\/&#8221; button_text=&#8221;Prends rendez-vous&#8230;&#8221; _builder_version=&#8221;4.27.6&#8243; _module_preset=&#8221;default&#8221; global_colors_info=&#8221;{}&#8221;][\/et_pb_button][\/et_pb_column][\/et_pb_row][\/et_pb_section][et_pb_section fb_built=&#8221;1&#8243; theme_builder_area=&#8221;post_content&#8221; _builder_version=&#8221;4.27.6&#8243; _module_preset=&#8221;default&#8221;][\/et_pb_section]<\/p>\n","protected":false},"excerpt":{"rendered":"<p>BIKEFITTING Les conseils d&#8217;un cycliste qui travaille dans l&#8217;industrie depuis 27 ans. A \u00e9quip\u00e9 des vainqueurs d&#8217;\u00e9tapes du Tour de France et des podiums d&#8217;Hawa\u00ef. Tu n&#8217;as pas besoin de pointeurs laser&#8230; tu as besoin de savoir ce qui compte. Tu ne te sens pas \u00e0 l\u2019aise sur ton v\u00e9lo ou tu souhaites passer au [&hellip;]<\/p>\n","protected":false},"author":1,"featured_media":0,"parent":0,"menu_order":0,"comment_status":"closed","ping_status":"closed","template":"","meta":{"_et_pb_use_builder":"on","_et_pb_old_content":"","_et_gb_content_width":"","footnotes":""},"class_list":["post-10068","page","type-page","status-publish","hentry"],"aioseo_notices":[],"_links":{"self":[{"href":"https:\/\/gravel-bikes.cc\/fr\/wp-json\/wp\/v2\/pages\/10068","targetHints":{"allow":["GET"]}}],"collection":[{"href":"https:\/\/gravel-bikes.cc\/fr\/wp-json\/wp\/v2\/pages"}],"about":[{"href":"https:\/\/gravel-bikes.cc\/fr\/wp-json\/wp\/v2\/types\/page"}],"author":[{"embeddable":true,"href":"https:\/\/gravel-bikes.cc\/fr\/wp-json\/wp\/v2\/users\/1"}],"replies":[{"embeddable":true,"href":"https:\/\/gravel-bikes.cc\/fr\/wp-json\/wp\/v2\/comments?post=10068"}],"version-history":[{"count":25,"href":"https:\/\/gravel-bikes.cc\/fr\/wp-json\/wp\/v2\/pages\/10068\/revisions"}],"predecessor-version":[{"id":11025,"href":"https:\/\/gravel-bikes.cc\/fr\/wp-json\/wp\/v2\/pages\/10068\/revisions\/11025"}],"wp:attachment":[{"href":"https:\/\/gravel-bikes.cc\/fr\/wp-json\/wp\/v2\/media?parent=10068"}],"curies":[{"name":"wp","href":"https:\/\/api.w.org\/{rel}","templated":true}]}}