{"id":10160,"date":"2026-01-25T15:03:17","date_gmt":"2026-01-25T15:03:17","guid":{"rendered":"https:\/\/gravel-bikes.cc\/leasing-velo\/"},"modified":"2026-03-22T13:20:36","modified_gmt":"2026-03-22T13:20:36","slug":"leasing-velo","status":"publish","type":"page","link":"https:\/\/gravel-bikes.cc\/fr\/leasing-velo\/","title":{"rendered":"LEASING V\u00c9LO"},"content":{"rendered":"\n<h2 class=\"wp-block-heading\">Voici comment obtenir ton v\u00e9lo de fonction en toute simplicit\u00e9<\/h2>\n\n<p><strong>Super ! Tu veux un v\u00e9lo de fonction <\/strong><\/p>\n\n<p>Nous sommes ravis que tu t&#8217;int\u00e9resses au service Bikeleasing. Maintenant, convainquons ensemble ton employeur. <\/p>\n\n<p>1<\/p>\n\n<p><strong>Convaincre et s&#8217;inscrire<\/strong><\/p>\n\n<p>D\u00e8s que ton employeur est inscrit en tant que client Bikeleasing, tu peux \u00e9galement t&#8217;inscrire sur notre portail Bikeleasing.<\/p>\n\n<p>2<\/p>\n\n<p><strong>Choisir ton v\u00e9lo<\/strong><\/p>\n\n<p>Tu choisis ton v\u00e9lo sur place. Le revendeur partenaire soumet la demande de leasing, que toi et ton employeur n&#8217;avez plus qu&#8217;\u00e0 valider. <\/p>\n\n<p>3<\/p>\n\n<p><strong>En selle avec ton v\u00e9lo de r\u00eave<\/strong><\/p>\n\n<p>Ton nouveau v\u00e9lo de fonction peut \u00eatre r\u00e9cup\u00e9r\u00e9 directement chez le revendeur partenaire. C&#8217;est fait ! <\/p>\n\n<p>4<\/p>\n\n<h2 class=\"wp-block-heading\">Deviens cycliste de fonction d\u00e8s maintenant :<\/h2>\n\n<p><img srcset=\"https:\/\/files.bikeleasing.de\/_processed_\/7\/0\/csm_250709_Bikeleasing_Motiv7_Damenrad_4624_bearbeitet_Ansicht_4fdcf7c350.jpg\" alt=\"Femme avec v&#xE9;lo &#xE9;lectrique circulant en ville\"\/><\/p>\n\n<p><strong>Ton employeur est d\u00e9j\u00e0 client Bikeleasing ?<\/strong><\/p>\n\n<p><\/p>\n","protected":false},"excerpt":{"rendered":"<p>Voici comment obtenir ton v\u00e9lo de fonction en toute simplicit\u00e9 Super ! Tu veux un v\u00e9lo de fonction Nous sommes ravis que tu t&#8217;int\u00e9resses au service Bikeleasing. Maintenant, convainquons ensemble ton employeur. 1 Convaincre et s&#8217;inscrire D\u00e8s que ton employeur est inscrit en tant que client Bikeleasing, tu peux \u00e9galement t&#8217;inscrire sur notre portail Bikeleasing. [&hellip;]<\/p>\n","protected":false},"author":1,"featured_media":0,"parent":0,"menu_order":0,"comment_status":"closed","ping_status":"closed","template":"","meta":{"_et_pb_use_builder":"off","_et_pb_old_content":"","_et_gb_content_width":"","footnotes":""},"class_list":["post-10160","page","type-page","status-publish","hentry"],"aioseo_notices":[],"_links":{"self":[{"href":"https:\/\/gravel-bikes.cc\/fr\/wp-json\/wp\/v2\/pages\/10160","targetHints":{"allow":["GET"]}}],"collection":[{"href":"https:\/\/gravel-bikes.cc\/fr\/wp-json\/wp\/v2\/pages"}],"about":[{"href":"https:\/\/gravel-bikes.cc\/fr\/wp-json\/wp\/v2\/types\/page"}],"author":[{"embeddable":true,"href":"https:\/\/gravel-bikes.cc\/fr\/wp-json\/wp\/v2\/users\/1"}],"replies":[{"embeddable":true,"href":"https:\/\/gravel-bikes.cc\/fr\/wp-json\/wp\/v2\/comments?post=10160"}],"version-history":[{"count":1,"href":"https:\/\/gravel-bikes.cc\/fr\/wp-json\/wp\/v2\/pages\/10160\/revisions"}],"predecessor-version":[{"id":10162,"href":"https:\/\/gravel-bikes.cc\/fr\/wp-json\/wp\/v2\/pages\/10160\/revisions\/10162"}],"wp:attachment":[{"href":"https:\/\/gravel-bikes.cc\/fr\/wp-json\/wp\/v2\/media?parent=10160"}],"curies":[{"name":"wp","href":"https:\/\/api.w.org\/{rel}","templated":true}]}}