{"id":12169,"date":"2026-05-14T08:57:29","date_gmt":"2026-05-14T08:57:29","guid":{"rendered":"https:\/\/gravel-bikes.cc\/12169-2\/"},"modified":"2026-05-14T10:08:17","modified_gmt":"2026-05-14T10:08:17","slug":"12169-2","status":"publish","type":"page","link":"https:\/\/gravel-bikes.cc\/fr\/12169-2\/","title":{"rendered":"SEKA GRAVEL"},"content":{"rendered":"<p>[et_pb_section fb_built=&#8221;1&#8243; fullwidth=&#8221;on&#8221; theme_builder_area=&#8221;post_content&#8221; _builder_version=&#8221;4.27.6&#8243; _module_preset=&#8221;default&#8221; hover_enabled=&#8221;0&#8243; sticky_enabled=&#8221;0&#8243;][et_pb_fullwidth_slider _builder_version=&#8221;4.27.6&#8243; _module_preset=&#8221;default&#8221; theme_builder_area=&#8221;post_content&#8221; hover_enabled=&#8221;0&#8243; sticky_enabled=&#8221;0&#8243;][et_pb_slide heading=&#8221;Ton titre ici&#8221; button_text=&#8221;Clique ici&#8221; _builder_version=&#8221;4.27.6&#8243; _module_preset=&#8221;default&#8221; theme_builder_area=&#8221;post_content&#8221; title_text=&#8221;Y-5-1-2048&#215;1229&#8243; background_image=&#8221;https:\/\/gravel-bikes.cc\/wp-content\/uploads\/2026\/05\/Y-5-1-2048&#215;1229-1.jpg&#8221; background_enable_image=&#8221;on&#8221; hover_enabled=&#8221;0&#8243; sticky_enabled=&#8221;0&#8243;]<\/p>\n<p>Ton contenu va ici. Modifie ou supprime ce texte en ligne ou dans les param\u00e8tres du module Contenu.  Tu peux \u00e9galement styliser chaque aspect de ce contenu dans les param\u00e8tres de conception du module et m\u00eame appliquer un CSS personnalis\u00e9 \u00e0 ce texte dans les param\u00e8tres avanc\u00e9s du module.<\/p>\n<p>[\/et_pb_slide][et_pb_slide heading=&#8221;SEKA Gravel  &#8221; button_text=&#8221;D\u00e9couvre-en plus&#8230;&#8221; _builder_version=&#8221;4.27.6&#8243; _module_preset=&#8221;default&#8221; theme_builder_area=&#8221;post_content&#8221; title_text=&#8221;mariana-scope-artech-main&#8221; background_image=&#8221;https:\/\/gravel-bikes.cc\/wp-content\/uploads\/2026\/05\/mariana-scope-artech-main.webp&#8221; background_enable_image=&#8221;on&#8221; hover_enabled=&#8221;0&#8243; sticky_enabled=&#8221;0&#8243;]<\/p>\n<h2>maintenant disponible pour les v\u00e9los de gravel. Contacte-nous pour ta prochaine construction de r\u00eave. <\/h2>\n<p>[\/et_pb_slide][\/et_pb_fullwidth_slider][\/et_pb_section][et_pb_section fb_built=&#8221;1&#8243; theme_builder_area=&#8221;post_content&#8221; _builder_version=&#8221;4.27.6&#8243; _module_preset=&#8221;default&#8221;][et_pb_row _builder_version=&#8221;4.27.6&#8243; _module_preset=&#8221;default&#8221; theme_builder_area=&#8221;post_content&#8221;][et_pb_column _builder_version=&#8221;4.27.6&#8243; _module_preset=&#8221;default&#8221; type=&#8221;4_4&#8243; theme_builder_area=&#8221;post_content&#8221;][et_pb_text _builder_version=&#8221;4.27.6&#8243; _module_preset=&#8221;default&#8221; theme_builder_area=&#8221;post_content&#8221; hover_enabled=&#8221;0&#8243; sticky_enabled=&#8221;0&#8243;]<\/p>\n<div class=\"elementor-element elementor-element-9f28f69 e-grid animated-slow e-con-boxed e-con e-child\" data-id=\"9f28f69\" data-element_type=\"container\" data-e-type=\"container\" data-settings=\"{\"background_background\":\"classic\",\"animation\":\"none\",\"animation_delay\":0}\">\n<div class=\"e-con-inner\">\n<div class=\"elementor-element elementor-element-7fb488f animated-slow elementor-widget__width-inherit elementor-widget elementor-widget-text-editor animated fadeIn\" data-id=\"7fb488f\" data-element_type=\"widget\" data-e-type=\"widget\" data-settings=\"{\"_animation\":\"fadeIn\"}\" data-widget_type=\"text-editor.default\">\n<div class=\"elementor-widget-container\">\n<h2><span>A\u00e9rodynamisme<\/span><\/h2>\n<p><span><\/span><\/p>\n<\/div>\n<\/div>\n<div class=\"elementor-element elementor-element-60ba36e animated-slow elementor-widget elementor-widget-text-editor animated fadeIn\" data-id=\"60ba36e\" data-element_type=\"widget\" data-e-type=\"widget\" data-settings=\"{\"_animation\":\"fadeIn\"}\" data-widget_type=\"text-editor.default\">\n<div class=\"elementor-widget-container\">\n<h2>Con\u00e7u pour la comp\u00e9tition en conditions r\u00e9elles.<\/h2>\n<p>&nbsp;<\/p>\n<\/div>\n<\/div>\n<\/div>\n<\/div>\n<div class=\"elementor-element elementor-element-f36a93b e-grid e-con-boxed e-con e-parent e-lazyloaded\" data-id=\"f36a93b\" data-element_type=\"container\" data-e-type=\"container\" data-settings=\"{\"background_background\":\"classic\"}\">\n<div class=\"e-con-inner\">\n<div class=\"elementor-element elementor-element-47df094 animated-slow elementor-widget__width-inherit elementor-widget elementor-widget-text-editor animated fadeIn\" data-id=\"47df094\" data-element_type=\"widget\" data-e-type=\"widget\" data-settings=\"{\"_animation\":\"fadeIn\"}\" data-widget_type=\"text-editor.default\">\n<div class=\"elementor-widget-container\">\n<h4>Un v\u00e9lo de gravel doit ma\u00eetriser divers terrains sans compromettre la vitesse et les performances en course. En mati\u00e8re de performances de course d\u2019un cadre, aucun facteur n\u2019est plus critique que l\u2019efficacit\u00e9 a\u00e9rodynamique. Notre philosophie se concentre donc sur l\u2019a\u00e9rodynamisme de l\u2019ensemble du syst\u00e8me<span> <\/span><span>en conditions r\u00e9elles<\/span><span> <\/span>en configuration de course. Nous optimisons non seulement le coefficient de tra\u00een\u00e9e du cadre, mais aussi l\u2019 <span> <\/span><span>\u00e9cosyst\u00e8me entier<\/span> : g\u00e9om\u00e9trie du cadre, d\u00e9gagement des pneus, rangement int\u00e9gr\u00e9 et syst\u00e8mes d\u2019expansion modulaires.<\/h4>\n<\/div>\n<\/div>\n<\/div>\n<\/div>\n<p>[\/et_pb_text][\/et_pb_column][\/et_pb_row][\/et_pb_section][et_pb_section fb_built=&#8221;1&#8243; theme_builder_area=&#8221;post_content&#8221; _builder_version=&#8221;4.27.6&#8243; _module_preset=&#8221;default&#8221;][et_pb_row _builder_version=&#8221;4.27.6&#8243; _module_preset=&#8221;default&#8221; column_structure=&#8221;1_2,1_2&#8243; theme_builder_area=&#8221;post_content&#8221;][et_pb_column _builder_version=&#8221;4.27.6&#8243; _module_preset=&#8221;default&#8221; type=&#8221;1_2&#8243; theme_builder_area=&#8221;post_content&#8221;][et_pb_image src=&#8221;https:\/\/gravel-bikes.cc\/wp-content\/uploads\/2026\/05\/Y-4-2048&#215;1229-1.jpg&#8221; _builder_version=&#8221;4.27.6&#8243; _module_preset=&#8221;default&#8221; theme_builder_area=&#8221;post_content&#8221; title_text=&#8221;Y-4-2048&#215;1229&#8243; hover_enabled=&#8221;0&#8243; sticky_enabled=&#8221;0&#8243;][\/et_pb_image][\/et_pb_column][et_pb_column _builder_version=&#8221;4.27.6&#8243; _module_preset=&#8221;default&#8221; type=&#8221;1_2&#8243; theme_builder_area=&#8221;post_content&#8221;][et_pb_text _builder_version=&#8221;4.27.6&#8243; _module_preset=&#8221;default&#8221; theme_builder_area=&#8221;post_content&#8221; hover_enabled=&#8221;0&#8243; sticky_enabled=&#8221;0&#8243;]<\/p>\n<h4><span>Le TORAYCA\u00ae T1100G et le M46J <\/span><span>offrent une r\u00e9sistance \u00e0 la traction et une t\u00e9nacit\u00e9 \u00e0 la rupture significativement plus \u00e9lev\u00e9es. Cela permet au cadre de maintenir un rapport rigidit\u00e9\/poids \u00e9lev\u00e9 tout en <\/span><span>am\u00e9liorant substantiellement la r\u00e9sistance aux chocs et la capacit\u00e9 d\u2019absorption d\u2019\u00e9nergie<\/span><span>.<\/span><\/h4>\n<p>[\/et_pb_text][\/et_pb_column][\/et_pb_row][et_pb_row _builder_version=&#8221;4.27.6&#8243; _module_preset=&#8221;default&#8221; column_structure=&#8221;1_2,1_2&#8243; theme_builder_area=&#8221;post_content&#8221;][et_pb_column _builder_version=&#8221;4.27.6&#8243; _module_preset=&#8221;default&#8221; type=&#8221;1_2&#8243; theme_builder_area=&#8221;post_content&#8221;][et_pb_text _builder_version=&#8221;4.27.6&#8243; _module_preset=&#8221;default&#8221; theme_builder_area=&#8221;post_content&#8221; hover_enabled=&#8221;0&#8243; sticky_enabled=&#8221;0&#8243;]<\/p>\n<h4><span>La structure WindEye a \u00e9t\u00e9 repens\u00e9e et affin\u00e9e pour r\u00e9pondre aux exigences sp\u00e9cifiques du gravel, offrant une <\/span><span>adaptabilit\u00e9 structurelle sup\u00e9rieure<\/span><span> pour les terrains non pav\u00e9s. La tige de selle atteint jusqu\u2019\u00e0 <\/span><span>16 mm <\/span><span>de mouvement vertical avec une conformit\u00e9 verticale arri\u00e8re de <\/span><span>106 N\/mm<\/span><span>, am\u00e9liorant significativement l\u2019amortissement des vibrations sans compromettre le transfert de puissance ou la <\/span><span>rigidit\u00e9<\/span><span> lat\u00e9rale.<\/span><\/h4>\n<p>[\/et_pb_text][\/et_pb_column][et_pb_column _builder_version=&#8221;4.27.6&#8243; _module_preset=&#8221;default&#8221; type=&#8221;1_2&#8243; theme_builder_area=&#8221;post_content&#8221;][et_pb_image src=&#8221;https:\/\/gravel-bikes.cc\/wp-content\/uploads\/2026\/05\/GR-\u98ce\u773c-1536&#215;1024-1.jpg&#8221; _builder_version=&#8221;4.27.6&#8243; _module_preset=&#8221;default&#8221; theme_builder_area=&#8221;post_content&#8221; title_text=&#8221;GR-\u98ce\u773c-1536&#215;1024&#8243; hover_enabled=&#8221;0&#8243; sticky_enabled=&#8221;0&#8243;][\/et_pb_image][\/et_pb_column][\/et_pb_row][\/et_pb_section][et_pb_section fb_built=&#8221;1&#8243; fullwidth=&#8221;on&#8221; theme_builder_area=&#8221;post_content&#8221; _builder_version=&#8221;4.27.6&#8243; _module_preset=&#8221;default&#8221;][et_pb_fullwidth_slider _builder_version=&#8221;4.27.6&#8243; _module_preset=&#8221;default&#8221; theme_builder_area=&#8221;post_content&#8221; hover_enabled=&#8221;0&#8243; sticky_enabled=&#8221;0&#8243;][et_pb_slide heading=&#8221;SEKA Gravel  &#8221; button_text=&#8221;Clique ici&#8221; _builder_version=&#8221;4.27.6&#8243; _module_preset=&#8221;default&#8221; theme_builder_area=&#8221;post_content&#8221; title_text=&#8221;Y-1-1-2048&#215;1229&#8243; background_image=&#8221;https:\/\/gravel-bikes.cc\/wp-content\/uploads\/2026\/05\/Y-1-1-2048&#215;1229-1.jpg&#8221; background_enable_image=&#8221;on&#8221; hover_enabled=&#8221;0&#8243; sticky_enabled=&#8221;0&#8243;][\/et_pb_slide][\/et_pb_fullwidth_slider][\/et_pb_section][et_pb_section fb_built=&#8221;1&#8243; theme_builder_area=&#8221;post_content&#8221; _builder_version=&#8221;4.27.6&#8243; _module_preset=&#8221;default&#8221;][et_pb_row _builder_version=&#8221;4.27.6&#8243; _module_preset=&#8221;default&#8221; column_structure=&#8221;1_2,1_2&#8243; theme_builder_area=&#8221;post_content&#8221;][et_pb_column _builder_version=&#8221;4.27.6&#8243; _module_preset=&#8221;default&#8221; type=&#8221;1_2&#8243; theme_builder_area=&#8221;post_content&#8221;][et_pb_text _builder_version=&#8221;4.27.6&#8243; _module_preset=&#8221;default&#8221; theme_builder_area=&#8221;post_content&#8221; hover_enabled=&#8221;0&#8243; sticky_enabled=&#8221;0&#8243;]<\/p>\n<div class=\"elementor-element elementor-element-013f0fe animated-slow elementor-widget__width-initial elementor-widget elementor-widget-text-editor animated fadeIn\" data-id=\"013f0fe\" data-element_type=\"widget\" data-e-type=\"widget\" data-settings=\"{\"_animation\":\"fadeIn\"}\" data-widget_type=\"text-editor.default\">\n<div class=\"elementor-widget-container\">\n<p><span>Poids du cadre<\/span><\/p>\n<\/div>\n<\/div>\n<div class=\"elementor-element elementor-element-e103831 elementor-widget__width-initial animated-slow elementor-widget elementor-widget-text-editor animated fadeIn\" data-id=\"e103831\" data-element_type=\"widget\" data-e-type=\"widget\" data-settings=\"{\"_animation\":\"fadeIn\"}\" data-widget_type=\"text-editor.default\">\n<div class=\"elementor-widget-container\">\n<p>980 g :<br \/>Con\u00e7u pour<br \/>la course de gravel.<\/p>\n<\/div>\n<\/div>\n<div class=\"elementor-element elementor-element-68572b7 e-grid e-con-boxed e-con e-child\" data-id=\"68572b7\" data-element_type=\"container\" data-e-type=\"container\">\n<div class=\"e-con-inner\">\n<div class=\"elementor-element elementor-element-12521dc animated-slow elementor-widget__width-inherit elementor-widget elementor-widget-text-editor animated fadeIn\" data-id=\"12521dc\" data-element_type=\"widget\" data-e-type=\"widget\" data-settings=\"{\"_animation\":\"fadeIn\"}\" data-widget_type=\"text-editor.default\">\n<div class=\"elementor-widget-container\">\n<p>La conception l\u00e9g\u00e8re reste une pr\u00e9occupation primordiale dans la philosophie de SEKA, mais jamais au d\u00e9triment des performances globales.<br \/>Pour un cadre de course de gravel con\u00e7u pour conqu\u00e9rir les terrains exigeants, nous privil\u00e9gions une structure robuste avec une rigidit\u00e9 et une r\u00e9sistance aux chocs \u00e9lev\u00e9es, garantissant une solidit\u00e9 et une durabilit\u00e9 exceptionnelles sans compromis.<br \/><span>980 g<\/span> (cadre non peint) repr\u00e9sente l\u2019\u00e9quilibre optimal entre performance l\u00e9g\u00e8re et haute r\u00e9sistance aux chocs, <span> <\/span><span>atteint gr\u00e2ce \u00e0 une optimisation et des tests rigoureux.<\/span><\/p>\n<\/div>\n<\/div>\n<\/div>\n<\/div>\n<p>[\/et_pb_text][et_pb_button button_text=&#8221;D\u00e9couvre-en plus&#8230;&#8221; _builder_version=&#8221;4.27.6&#8243; _module_preset=&#8221;default&#8221; theme_builder_area=&#8221;post_content&#8221; hover_enabled=&#8221;0&#8243; sticky_enabled=&#8221;0&#8243;][\/et_pb_button][\/et_pb_column][et_pb_column _builder_version=&#8221;4.27.6&#8243; _module_preset=&#8221;default&#8221; type=&#8221;1_2&#8243; theme_builder_area=&#8221;post_content&#8221;][et_pb_image src=&#8221;https:\/\/gravel-bikes.cc\/wp-content\/uploads\/2026\/05\/Y-5-1-2048&#215;1229-1.jpg&#8221; _builder_version=&#8221;4.27.6&#8243; _module_preset=&#8221;default&#8221; theme_builder_area=&#8221;post_content&#8221; title_text=&#8221;Y-5-1-2048&#215;1229&#8243; hover_enabled=&#8221;0&#8243; sticky_enabled=&#8221;0&#8243;][\/et_pb_image][\/et_pb_column][\/et_pb_row][\/et_pb_section]<\/p>\n","protected":false},"excerpt":{"rendered":"<p>Ton contenu va ici. Modifie ou supprime ce texte en ligne ou dans les param\u00e8tres du module Contenu. Tu peux \u00e9galement styliser chaque aspect de ce contenu dans les param\u00e8tres de conception du module et m\u00eame appliquer un CSS personnalis\u00e9 \u00e0 ce texte dans les param\u00e8tres avanc\u00e9s du module.maintenant disponible pour les v\u00e9los de gravel. [&hellip;]<\/p>\n","protected":false},"author":1,"featured_media":0,"parent":0,"menu_order":0,"comment_status":"closed","ping_status":"closed","template":"","meta":{"_et_pb_use_builder":"on","_et_pb_old_content":"","_et_gb_content_width":"","om_disable_all_campaigns":false,"_monsterinsights_skip_tracking":false,"_monsterinsights_sitenote_active":false,"_monsterinsights_sitenote_note":"","_monsterinsights_sitenote_category":0,"footnotes":""},"class_list":["post-12169","page","type-page","status-publish","hentry"],"aioseo_notices":[],"_links":{"self":[{"href":"https:\/\/gravel-bikes.cc\/fr\/wp-json\/wp\/v2\/pages\/12169","targetHints":{"allow":["GET"]}}],"collection":[{"href":"https:\/\/gravel-bikes.cc\/fr\/wp-json\/wp\/v2\/pages"}],"about":[{"href":"https:\/\/gravel-bikes.cc\/fr\/wp-json\/wp\/v2\/types\/page"}],"author":[{"embeddable":true,"href":"https:\/\/gravel-bikes.cc\/fr\/wp-json\/wp\/v2\/users\/1"}],"replies":[{"embeddable":true,"href":"https:\/\/gravel-bikes.cc\/fr\/wp-json\/wp\/v2\/comments?post=12169"}],"version-history":[{"count":9,"href":"https:\/\/gravel-bikes.cc\/fr\/wp-json\/wp\/v2\/pages\/12169\/revisions"}],"predecessor-version":[{"id":12319,"href":"https:\/\/gravel-bikes.cc\/fr\/wp-json\/wp\/v2\/pages\/12169\/revisions\/12319"}],"wp:attachment":[{"href":"https:\/\/gravel-bikes.cc\/fr\/wp-json\/wp\/v2\/media?parent=12169"}],"curies":[{"name":"wp","href":"https:\/\/api.w.org\/{rel}","templated":true}]}}