{"id":8686,"date":"2025-11-22T18:21:36","date_gmt":"2025-11-22T18:21:36","guid":{"rendered":"https:\/\/gravel-bikes.cc\/gravel-bikes\/"},"modified":"2026-03-22T12:02:39","modified_gmt":"2026-03-22T12:02:39","slug":"gravel-bikes","status":"publish","type":"page","link":"https:\/\/gravel-bikes.cc\/fr\/gravel-bikes\/","title":{"rendered":"GRAVEL BIKES"},"content":{"rendered":"<p>[et_pb_section fb_built=&#8221;1&#8243; theme_builder_area=&#8221;post_content&#8221; _builder_version=&#8221;4.27.5&#8243; _module_preset=&#8221;default&#8221;][\/et_pb_section]<\/p>\n","protected":false},"excerpt":{"rendered":"<p>Lance-toi dans un voyage exaltant avec nos v\u00e9los de gravel haut de gamme, m\u00e9ticuleusement con\u00e7us pour tous les types de terrain. Que tu t&#8217;attaques \u00e0 des sentiers exigeants ou que tu profites de balades tranquilles \u00e0 travers des paysages pittoresques, nos v\u00e9los offrent des performances et un confort exceptionnels. Rejoins une communaut\u00e9 dynamique de passionn\u00e9s de cyclisme et enrichis tes aventures \u00e0 v\u00e9lo gr\u00e2ce \u00e0 notre s\u00e9lection soigneusement \u00e9labor\u00e9e. Ton exploration commence ici, sur GRAVEL BIKES.cc, o\u00f9 qualit\u00e9 et aventure s\u2019unissent.   <\/p>\n","protected":false},"author":1,"featured_media":8687,"parent":0,"menu_order":0,"comment_status":"closed","ping_status":"closed","template":"","meta":{"_et_pb_use_builder":"on","_et_pb_old_content":"","_et_gb_content_width":"","om_disable_all_campaigns":false,"_monsterinsights_skip_tracking":false,"_monsterinsights_sitenote_active":false,"_monsterinsights_sitenote_note":"","_monsterinsights_sitenote_category":0,"footnotes":""},"class_list":["post-8686","page","type-page","status-publish","has-post-thumbnail","hentry"],"aioseo_notices":[],"_links":{"self":[{"href":"https:\/\/gravel-bikes.cc\/fr\/wp-json\/wp\/v2\/pages\/8686","targetHints":{"allow":["GET"]}}],"collection":[{"href":"https:\/\/gravel-bikes.cc\/fr\/wp-json\/wp\/v2\/pages"}],"about":[{"href":"https:\/\/gravel-bikes.cc\/fr\/wp-json\/wp\/v2\/types\/page"}],"author":[{"embeddable":true,"href":"https:\/\/gravel-bikes.cc\/fr\/wp-json\/wp\/v2\/users\/1"}],"replies":[{"embeddable":true,"href":"https:\/\/gravel-bikes.cc\/fr\/wp-json\/wp\/v2\/comments?post=8686"}],"version-history":[{"count":1,"href":"https:\/\/gravel-bikes.cc\/fr\/wp-json\/wp\/v2\/pages\/8686\/revisions"}],"predecessor-version":[{"id":8688,"href":"https:\/\/gravel-bikes.cc\/fr\/wp-json\/wp\/v2\/pages\/8686\/revisions\/8688"}],"wp:featuredmedia":[{"embeddable":true,"href":"https:\/\/gravel-bikes.cc\/fr\/wp-json\/wp\/v2\/media\/8687"}],"wp:attachment":[{"href":"https:\/\/gravel-bikes.cc\/fr\/wp-json\/wp\/v2\/media?parent=8686"}],"curies":[{"name":"wp","href":"https:\/\/api.w.org\/{rel}","templated":true}]}}