{"id":8821,"date":"2025-12-11T19:25:43","date_gmt":"2025-12-11T19:25:43","guid":{"rendered":"https:\/\/gravel-bikes.cc\/sarto-raso\/"},"modified":"2026-03-22T12:06:57","modified_gmt":"2026-03-22T12:06:57","slug":"sarto-raso","status":"publish","type":"page","link":"https:\/\/gravel-bikes.cc\/fr\/sarto-raso\/","title":{"rendered":"SARTO RASO"},"content":{"rendered":"<p>[et_pb_section fb_built=&#8221;1&#8243; theme_builder_area=&#8221;post_content&#8221; _builder_version=&#8221;4.27.5&#8243; _module_preset=&#8221;default&#8221; title_text=&#8221;M_sarto-raso-gravel-wide-c1&#8243; background_image=&#8221;https:\/\/gravel-bikes.cc\/wp-content\/uploads\/2025\/12\/M_sarto-raso-gravel-wide-c1.jpg&#8221; hover_enabled=&#8221;0&#8243; sticky_enabled=&#8221;0&#8243;][et_pb_row _builder_version=&#8221;4.27.5&#8243; _module_preset=&#8221;default&#8221; theme_builder_area=&#8221;post_content&#8221; hover_enabled=&#8221;0&#8243; sticky_enabled=&#8221;0&#8243;][et_pb_column _builder_version=&#8221;4.27.5&#8243; _module_preset=&#8221;default&#8221; type=&#8221;4_4&#8243; theme_builder_area=&#8221;post_content&#8221;][\/et_pb_column][\/et_pb_row][\/et_pb_section][et_pb_section fb_built=&#8221;1&#8243; theme_builder_area=&#8221;post_content&#8221; _builder_version=&#8221;4.27.5&#8243; _module_preset=&#8221;default&#8221;][et_pb_row _builder_version=&#8221;4.27.5&#8243; _module_preset=&#8221;default&#8221; column_structure=&#8221;1_2,1_2&#8243; theme_builder_area=&#8221;post_content&#8221;][et_pb_column _builder_version=&#8221;4.27.5&#8243; _module_preset=&#8221;default&#8221; type=&#8221;1_2&#8243; theme_builder_area=&#8221;post_content&#8221;][et_pb_image src=&#8221;https:\/\/gravel-bikes.cc\/wp-content\/uploads\/2025\/12\/M_sarto-raso-gravel-wide-a.jpg&#8221; _builder_version=&#8221;4.27.5&#8243; _module_preset=&#8221;default&#8221; theme_builder_area=&#8221;post_content&#8221; title_text=&#8221;M_sarto-raso-gravel-wide-a&#8221; hover_enabled=&#8221;0&#8243; sticky_enabled=&#8221;0&#8243;][\/et_pb_image][\/et_pb_column][et_pb_column _builder_version=&#8221;4.27.5&#8243; _module_preset=&#8221;default&#8221; type=&#8221;1_2&#8243; theme_builder_area=&#8221;post_content&#8221;][\/et_pb_column][\/et_pb_row][et_pb_row _builder_version=&#8221;4.27.5&#8243; _module_preset=&#8221;default&#8221; column_structure=&#8221;1_2,1_2&#8243; theme_builder_area=&#8221;post_content&#8221;][et_pb_column _builder_version=&#8221;4.27.5&#8243; _module_preset=&#8221;default&#8221; type=&#8221;1_2&#8243; theme_builder_area=&#8221;post_content&#8221;][\/et_pb_column][et_pb_column _builder_version=&#8221;4.27.5&#8243; _module_preset=&#8221;default&#8221; type=&#8221;1_2&#8243; theme_builder_area=&#8221;post_content&#8221;][et_pb_image src=&#8221;https:\/\/gravel-bikes.cc\/wp-content\/uploads\/2025\/12\/M_sarto-raso-gravel-wide-b.jpg&#8221; _builder_version=&#8221;4.27.5&#8243; _module_preset=&#8221;default&#8221; theme_builder_area=&#8221;post_content&#8221; title_text=&#8221;M_sarto-raso-gravel-wide-b&#8221; hover_enabled=&#8221;0&#8243; sticky_enabled=&#8221;0&#8243;][\/et_pb_image][\/et_pb_column][\/et_pb_row][\/et_pb_section][et_pb_section fb_built=&#8221;1&#8243; fullwidth=&#8221;on&#8221; theme_builder_area=&#8221;post_content&#8221; _builder_version=&#8221;4.27.5&#8243; _module_preset=&#8221;default&#8221;][et_pb_fullwidth_slider _builder_version=&#8221;4.27.5&#8243; _module_preset=&#8221;default&#8221; theme_builder_area=&#8221;post_content&#8221; hover_enabled=&#8221;0&#8243; sticky_enabled=&#8221;0&#8243;][et_pb_slide heading=&#8221;Ton titre va ici&#8221; button_text=&#8221;Clique ici&#8221; _builder_version=&#8221;4.27.5&#8243; _module_preset=&#8221;default&#8221; theme_builder_area=&#8221;post_content&#8221; title_text=&#8221;colore1&#8243; background_image=&#8221;https:\/\/gravel-bikes.cc\/wp-content\/uploads\/2025\/12\/colore1-scaled.jpg&#8221; background_enable_image=&#8221;on&#8221; hover_enabled=&#8221;0&#8243; sticky_enabled=&#8221;0&#8243;]<\/p>\n<p>Ton contenu va ici. Modifie ou supprime ce texte directement ou dans les param\u00e8tres de contenu du module. Tu peux \u00e9galement personnaliser chaque aspect de ce contenu dans les param\u00e8tres de design du module et m\u00eame appliquer du CSS personnalis\u00e9 \u00e0 ce texte dans les param\u00e8tres avanc\u00e9s du module.  <\/p>\n<p>[\/et_pb_slide][\/et_pb_fullwidth_slider][\/et_pb_section]<\/p>\n","protected":false},"excerpt":{"rendered":"<p>Ton contenu va ici. Modifie ou supprime ce texte directement ou dans les param\u00e8tres de contenu du module. Tu peux \u00e9galement personnaliser chaque aspect de ce contenu dans les param\u00e8tres de design du module et m\u00eame appliquer du CSS personnalis\u00e9 \u00e0 ce texte dans les param\u00e8tres avanc\u00e9s du module.<\/p>\n","protected":false},"author":1,"featured_media":0,"parent":0,"menu_order":0,"comment_status":"closed","ping_status":"closed","template":"","meta":{"_et_pb_use_builder":"on","_et_pb_old_content":"","_et_gb_content_width":"","om_disable_all_campaigns":false,"_monsterinsights_skip_tracking":false,"_monsterinsights_sitenote_active":false,"_monsterinsights_sitenote_note":"","_monsterinsights_sitenote_category":0,"footnotes":""},"class_list":["post-8821","page","type-page","status-publish","hentry"],"aioseo_notices":[],"_links":{"self":[{"href":"https:\/\/gravel-bikes.cc\/fr\/wp-json\/wp\/v2\/pages\/8821","targetHints":{"allow":["GET"]}}],"collection":[{"href":"https:\/\/gravel-bikes.cc\/fr\/wp-json\/wp\/v2\/pages"}],"about":[{"href":"https:\/\/gravel-bikes.cc\/fr\/wp-json\/wp\/v2\/types\/page"}],"author":[{"embeddable":true,"href":"https:\/\/gravel-bikes.cc\/fr\/wp-json\/wp\/v2\/users\/1"}],"replies":[{"embeddable":true,"href":"https:\/\/gravel-bikes.cc\/fr\/wp-json\/wp\/v2\/comments?post=8821"}],"version-history":[{"count":2,"href":"https:\/\/gravel-bikes.cc\/fr\/wp-json\/wp\/v2\/pages\/8821\/revisions"}],"predecessor-version":[{"id":8825,"href":"https:\/\/gravel-bikes.cc\/fr\/wp-json\/wp\/v2\/pages\/8821\/revisions\/8825"}],"wp:attachment":[{"href":"https:\/\/gravel-bikes.cc\/fr\/wp-json\/wp\/v2\/media?parent=8821"}],"curies":[{"name":"wp","href":"https:\/\/api.w.org\/{rel}","templated":true}]}}