{"id":8849,"date":"2025-12-14T19:24:33","date_gmt":"2025-12-14T19:24:33","guid":{"rendered":"https:\/\/gravel-bikes.cc\/everest\/"},"modified":"2026-03-22T12:09:18","modified_gmt":"2026-03-22T12:09:18","slug":"everest","status":"publish","type":"page","link":"https:\/\/gravel-bikes.cc\/fr\/everest\/","title":{"rendered":"EVEREST"},"content":{"rendered":"\n<h3 class=\"wp-block-heading\"><br\/>Dates<\/h3>\n\n<p>29 avril &#8211; 10 mai 2026<br\/>11 &#8211; 23 mai 2026 <a href=\"https:\/\/www.serk.cc\/everestingtibet\/\">(\u00e9dition sp\u00e9ciale)<\/a><br\/>3 &#8211; 14 ao\u00fbt 2026<br\/>1er &#8211; 12 septembre 2026<\/p>\n\n<h3 class=\"wp-block-heading\">distance<\/h3>\n\n<p>12 jours<br\/>7 jours de v\u00e9lo<br\/>700 km+ (beaucoup de km \u00e0 une altitude moyenne de 4 000 m)<br\/>5 770 m+ de d\u00e9nivel\u00e9 positif<\/p>\n\n<h3 class=\"wp-block-heading\">Altitude<\/h3>\n\n<p>Min : 3 000 m<br\/>Max : 5 100 m<br\/>Moyenne : 4 000 m<\/p>\n\n<h3 class=\"wp-block-heading\">prix<\/h3>\n\n<p>6 000 $US<\/p>\n\n<p>Le Tibet est l&#8217;une des plus grandes exp\u00e9riences de voyage au monde. Serk t&#8217;offre la chance de t&#8217;immerger dans les cultures anciennes du Tibet et de rouler \u00e0 travers ses paysages \u00e9poustouflants jusqu&#8217;au mythique camp de base de l&#8217;Everest. <\/p>\n\n<p>Depuis 2014, nous cr\u00e9ons avec soin des exp\u00e9riences qui te laissent r\u00e9guli\u00e8rement sans voix et te font sentir privil\u00e9gi\u00e9 d&#8217;avoir explor\u00e9 cette r\u00e9gion unique\u2014avant qu&#8217;elle ne tombe compl\u00e8tement dans les griffes de la modernisation.<\/p>\n\n<p>Nous combinons un parcours cycliste exigeant et spectaculaire avec une s\u00e9lection des sites culturels et naturels les plus gratifiants. <\/p>\n\n<p>Pousse-toi \u00e0 gravir certaines des routes goudronn\u00e9es les plus hautes du monde, puis souris jusqu&#8217;aux oreilles en d\u00e9valant l&#8217;autre versant d&#8217;un col \u00e0 5 000 m. Tu repartiras non seulement avec 9 jours incroyables de cyclisme en haute altitude dans les jambes, mais aussi avec une nouvelle compr\u00e9hension de l&#8217;une des cultures les plus extraordinaires de la plan\u00e8te. <\/p>\n\n<h2 class=\"wp-block-heading\">Jour 1.<\/h2>\n\n<h3 class=\"wp-block-heading\">Chengdu<\/h3>\n\n<p>Arriv\u00e9e \u00e0 Chengdu, Sichuan, Chine, en fin d&#8217;apr\u00e8s-midi. Ce soir, nous s\u00e9journons \u00e0 l&#8217;h\u00f4tel 5 \u00e9toiles de l&#8217;a\u00e9roport, \u00e0 5 minutes du hall des arriv\u00e9es. D\u00eener de groupe et briefing pour le voyage avant d&#8217;essayer ton nouveau maillot Serk !  <\/p>\n\n<h4 class=\"wp-block-heading\">0 km<\/h4>\n\n<h4 class=\"wp-block-heading\">0 m<\/h4>\n\n<figure class=\"wp-block-image\"><a href=\"https:\/\/www.serk.cc\/wp-content\/uploads\/2017\/07\/hotel.jpg\"><img decoding=\"async\" src=\"https:\/\/www.serk.cc\/wp-content\/uploads\/bb-plugin\/cache\/hotel-300x154-panorama.jpg\" alt=\"h&#xF4;tel\" class=\"wp-image-5952\" title=\"h&#xF4;tel\"\/><\/a><\/figure>\n\n<figure class=\"wp-block-image\"><a href=\"https:\/\/www.serk.cc\/wp-content\/uploads\/2017\/11\/anshun-bridge-2627415_1920.jpg\"><img decoding=\"async\" src=\"https:\/\/www.serk.cc\/wp-content\/uploads\/bb-plugin\/cache\/anshun-bridge-2627415_1920-300x225-panorama.jpg\" alt=\"anshun-bridge-2627415_1920\" class=\"wp-image-6807\" title=\"anshun-bridge-2627415_1920\"\/><\/a><\/figure>\n\n<h2 class=\"wp-block-heading\">Jour 2.<\/h2>\n\n<h3 class=\"wp-block-heading\">Direction le Tibet<\/h3>\n\n<p>Lever t\u00f4t pour le vol et notre premi\u00e8re incursion au Tibet. Dans le cadre de notre acclimatation, on y va tr\u00e8s doucement aujourd&#8217;hui. <\/p>\n\n<h4 class=\"wp-block-heading\">40 km<\/h4>\n\n<h4 class=\"wp-block-heading\">0 m<\/h4>\n\n<figure class=\"wp-block-image\"><a href=\"https:\/\/www.serk.cc\/wp-content\/uploads\/2017\/07\/serk_journey_to_everest-63.jpg\"><img decoding=\"async\" src=\"https:\/\/www.serk.cc\/wp-content\/uploads\/bb-plugin\/cache\/serk_journey_to_everest-63-300x200-panorama.jpg\" alt=\"serk_journey_to_everest-63\" class=\"wp-image-5936\" title=\"serk_journey_to_everest-63\"\/><\/a><\/figure>\n\n<figure class=\"wp-block-image\"><a href=\"https:\/\/www.serk.cc\/wp-content\/uploads\/2017\/11\/smallRoadtrippingEverest_a18w2988.jpg\"><img decoding=\"async\" src=\"https:\/\/www.serk.cc\/wp-content\/uploads\/bb-plugin\/cache\/smallRoadtrippingEverest_a18w2988-300x200-panorama.jpg\" alt=\"smallRoadtrippingEverest_a18w2988\" class=\"wp-image-6823\" title=\"smallRoadtrippingEverest_a18w2988\"\/><\/a><\/figure>\n\n<h2 class=\"wp-block-heading\">Jour 3.<\/h2>\n\n<h3 class=\"wp-block-heading\">Le long du Yarlong<\/h3>\n\n<p>Nous partons t\u00f4t le matin et roulons le long de la spectaculaire rivi\u00e8re Yarlong. Pratiquement aucun v\u00e9hicule ni village en vue, juste toi, la route et la rivi\u00e8re. <\/p>\n\n<h4 class=\"wp-block-heading\">105 km<\/h4>\n\n<h4 class=\"wp-block-heading\">1 000 m<\/h4>\n\n<figure class=\"wp-block-image\"><a href=\"https:\/\/www.serk.cc\/wp-content\/uploads\/2017\/07\/close-1.jpg\"><img decoding=\"async\" src=\"https:\/\/www.serk.cc\/wp-content\/uploads\/bb-plugin\/cache\/close-1-300x200-panorama.jpg\" alt=\"close-1\" class=\"wp-image-5923\" title=\"close-1\"\/><\/a><\/figure>\n\n<figure class=\"wp-block-image\"><a href=\"https:\/\/www.serk.cc\/wp-content\/uploads\/2018\/10\/CB5DF51F47BC6DAF8EC98FEC14EE2622.jpg\"><img decoding=\"async\" src=\"https:\/\/www.serk.cc\/wp-content\/uploads\/bb-plugin\/cache\/CB5DF51F47BC6DAF8EC98FEC14EE2622-300x200-panorama.jpg\" alt=\"CB5DF51F47BC6DAF8EC98FEC14EE2622\" class=\"wp-image-8970\" title=\"CB5DF51F47BC6DAF8EC98FEC14EE2622\"\/><\/a><\/figure>\n\n<h2 class=\"wp-block-heading\">Jour 4.<\/h2>\n\n<h3 class=\"wp-block-heading\">falaises &amp; dunes de sable<\/h3>\n\n<p>Tu remarqueras que la v\u00e9g\u00e9tation change progressivement aujourd&#8217;hui, passant de for\u00eats de pins luxuriantes \u00e0 des falaises rocheuses arides, et m\u00eame quelques dunes de sable. La route d&#8217;aujourd&#8217;hui serpente et ondule, t&#8217;incitant \u00e0 te mettre en danseuse et \u00e0 acc\u00e9l\u00e9rer. Les sommets enneig\u00e9s au loin te rappellent que tu roules dans l&#8217;un des endroits les plus hauts de la plan\u00e8te.  <\/p>\n\n<h4 class=\"wp-block-heading\">130 km<\/h4>\n\n<h4 class=\"wp-block-heading\">1 600 m<\/h4>\n\n<figure class=\"wp-block-image\"><a href=\"https:\/\/www.serk.cc\/wp-content\/uploads\/2017\/07\/serk_journey_to_everest-61.jpg\"><img decoding=\"async\" src=\"https:\/\/www.serk.cc\/wp-content\/uploads\/bb-plugin\/cache\/serk_journey_to_everest-61-300x200-panorama.jpg\" alt=\"serk_journey_to_everest-61\" class=\"wp-image-5945\" title=\"serk_journey_to_everest-61\"\/><\/a><\/figure>\n\n<figure class=\"wp-block-image\"><a href=\"https:\/\/www.serk.cc\/wp-content\/uploads\/2017\/07\/serk_journey_to_everest-70.jpg\"><img decoding=\"async\" src=\"https:\/\/www.serk.cc\/wp-content\/uploads\/bb-plugin\/cache\/serk_journey_to_everest-70-300x200-panorama.jpg\" alt=\"serk_journey_to_everest-70\" class=\"wp-image-5940\" title=\"serk_journey_to_everest-70\"\/><\/a><\/figure>\n\n<p>Immerge-toi dans la culture ancestrale de Lhassa &#8211; 3 600 m au-dessus du niveau de la mer<\/p>\n\n<h2 class=\"wp-block-heading\">Jour 5.<\/h2>\n\n<h3 class=\"wp-block-heading\">Lhassa<\/h3>\n\n<p>Aujourd&#8217;hui, on prend une journ\u00e9e tranquille et on roule jusqu&#8217;\u00e0 l&#8217;un des plus anciens monast\u00e8res du Tibet.<\/p>\n\n<p>Nous arrivons \u00e0 Lhassa en fin d&#8217;apr\u00e8s-midi \u00e0 notre h\u00f4tel 5 \u00e9toiles et explorons la vieille ville de Lhassa \u00e0 pied. Les images et les sons sont garantis pour t&#8217;inspirer, et n&#8217;oublie pas de faire une pri\u00e8re silencieuse pour de bonnes jambes et des vents favorables en faisant tourner les moulins \u00e0 pri\u00e8res ! <\/p>\n\n<h4 class=\"wp-block-heading\">50 km<\/h4>\n\n<h4 class=\"wp-block-heading\">300 m<\/h4>\n\n<figure class=\"wp-block-image\"><a href=\"https:\/\/www.serk.cc\/wp-content\/uploads\/2017\/07\/tibet.jpg\"><img decoding=\"async\" src=\"https:\/\/www.serk.cc\/wp-content\/uploads\/bb-plugin\/cache\/tibet-300x225-panorama.jpg\" alt=\"tibet\" class=\"wp-image-6038\" title=\"tibet\"\/><\/a><\/figure>\n\n<figure class=\"wp-block-image\"><a href=\"https:\/\/www.serk.cc\/wp-content\/uploads\/2017\/07\/tibet-2.jpg\"><img decoding=\"async\" src=\"https:\/\/www.serk.cc\/wp-content\/uploads\/bb-plugin\/cache\/tibet-2-300x169-panorama.jpg\" alt=\"tibet-2\" class=\"wp-image-6037\" title=\"tibet-2\"\/><\/a><\/figure>\n\n<h2 class=\"wp-block-heading\">Jour 6.<\/h2>\n\n<h3 class=\"wp-block-heading\">Lhassa<\/h3>\n\n<p>Une journ\u00e9e sans v\u00e9lo pour visiter les ic\u00f4nes culturelles de Lhassa. La visite du palais du Potala (demeure spirituelle du Dala\u00ef-Lama) sera le point culminant culturel du voyage. Ensuite, nous descendrons dans un caf\u00e9 branch\u00e9 populaire aupr\u00e8s des jeunes Tib\u00e9tains.  <\/p>\n\n<h4 class=\"wp-block-heading\">0 km<\/h4>\n\n<h4 class=\"wp-block-heading\">0 m<\/h4>\n\n<figure class=\"wp-block-image\"><a href=\"https:\/\/www.serk.cc\/wp-content\/uploads\/2018\/11\/smallRoadtrippingEverest_a18w2918.jpg\"><img decoding=\"async\" src=\"https:\/\/www.serk.cc\/wp-content\/uploads\/bb-plugin\/cache\/smallRoadtrippingEverest_a18w2918-300x200-panorama.jpg\" alt=\"smallRoadtrippingEverest_a18w2918\" class=\"wp-image-9064\" title=\"smallRoadtrippingEverest_a18w2918\"\/><\/a><\/figure>\n\n<figure class=\"wp-block-image\"><a href=\"https:\/\/www.serk.cc\/wp-content\/uploads\/2018\/11\/smallRoadtrippingEverest_a18w4041.jpg\"><img decoding=\"async\" src=\"https:\/\/www.serk.cc\/wp-content\/uploads\/bb-plugin\/cache\/smallRoadtrippingEverest_a18w4041-300x200-panorama.jpg\" alt=\"smallRoadtrippingEverest_a18w4041\" class=\"wp-image-9065\" title=\"smallRoadtrippingEverest_a18w4041\"\/><\/a><\/figure>\n\n<p>Gravis les cols les plus hauts du monde et souris jusqu&#8217;aux oreilles en descendant de l&#8217;autre c\u00f4t\u00e9<\/p>\n\n<h2 class=\"wp-block-heading\">Jour 7.<\/h2>\n\n<h3 class=\"wp-block-heading\">LAC AZUR<\/h3>\n\n<p>Lever t\u00f4t et d\u00e9part pour le c\u00e9l\u00e8bre lac azur du Tibet. Nous roulons le long de la rive du lac avant de conqu\u00e9rir un col \u00e0 5 000 m. La route longe un glacier avant de plonger dans une vall\u00e9e majestueuse. C&#8217;est l&#8217;une des journ\u00e9es de v\u00e9lo les plus spectaculaires du voyage. Notre h\u00f4tel de destination d\u00e9borde de charme d&#8217;antan, tu n&#8217;auras pas envie de partir.    <\/p>\n\n<h4 class=\"wp-block-heading\">110 km<\/h4>\n\n<h4 class=\"wp-block-heading\">1 355 m<\/h4>\n\n<figure class=\"wp-block-image\"><a href=\"https:\/\/www.serk.cc\/wp-content\/uploads\/2017\/07\/close-2.jpg\"><img decoding=\"async\" src=\"https:\/\/www.serk.cc\/wp-content\/uploads\/bb-plugin\/cache\/close-2-300x200-panorama.jpg\" alt=\"close-2\" class=\"wp-image-5924\" title=\"close-2\"\/><\/a><\/figure>\n\n<figure class=\"wp-block-image\"><a href=\"https:\/\/www.serk.cc\/wp-content\/uploads\/2017\/11\/RoadtrippingEverest_a18w6092.jpg\"><img decoding=\"async\" src=\"https:\/\/www.serk.cc\/wp-content\/uploads\/bb-plugin\/cache\/RoadtrippingEverest_a18w6092-300x200-panorama.jpg\" alt=\"RoadtrippingEverest_a18w6092\" class=\"wp-image-6827\" title=\"RoadtrippingEverest_a18w6092\"\/><\/a><\/figure>\n\n<p>La cha\u00eene de l&#8217;Himalaya offre des paysages \u00e0 couper le souffle \u00e0 chaque tournant<\/p>\n\n<h2 class=\"wp-block-heading\">Jour 8.<\/h2>\n\n<h3 class=\"wp-block-heading\">VIEUX QUARTIERS &amp; PLATS RAPIDES<\/h3>\n\n<p>Lever t\u00f4t et visite des quartiers authentiques de la vieille ville. Ensuite, 98 km sur une route principalement plate et rapide. La derni\u00e8re mont\u00e9e sur le pont vers la ville est un KOM tr\u00e8s disput\u00e9. Nous roulons \u00e0 4 000 m aujourd&#8217;hui\u2014l&#8217;air est rar\u00e9fi\u00e9, ce qui signifie des vitesses \u00e9lev\u00e9es sur le plat.   <\/p>\n\n<p>L&#8217;apr\u00e8s-midi, repos et d\u00e9tente \u00e0 ton h\u00f4tel ou visite du monast\u00e8re local.<\/p>\n\n<h4 class=\"wp-block-heading\">98 km<\/h4>\n\n<h4 class=\"wp-block-heading\">117 m<\/h4>\n\n<figure class=\"wp-block-image\"><img decoding=\"async\" src=\"https:\/\/www.serk.cc\/wp-content\/uploads\/bb-plugin\/cache\/tibet2015-7-300x169-panorama.jpg\" alt=\"tibet2015-(7)\" class=\"wp-image-6094\" title=\"tibet2015-(7)\"\/><\/figure>\n\n<figure class=\"wp-block-image\"><img decoding=\"async\" src=\"https:\/\/www.serk.cc\/wp-content\/uploads\/bb-plugin\/cache\/tibet2015-4-300x169-panorama.jpg\" alt=\"tibet2015-(4)\" class=\"wp-image-6097\" title=\"tibet2015-(4)\"\/><\/figure>\n\n<p>D\u00e9couvre la terre des mythes et de la culture mystique directement depuis la selle de ton v\u00e9lo<\/p>\n\n<h2 class=\"wp-block-heading\">Jour 9.<\/h2>\n\n<h3 class=\"wp-block-heading\">Vers l&#8217;Everest<\/h3>\n\n<p>Aujourd&#8217;hui est l&#8217;une des journ\u00e9es les plus difficiles du voyage\u2014nous roulons jusqu&#8217;au col le plus haut du voyage \u00e0 5 181 m. Apr\u00e8s un bref arr\u00eat au sommet pour reprendre notre souffle, c&#8217;est la descente jusqu&#8217;\u00e0 notre h\u00f4tel. Nous roulons le long d&#8217;une rivi\u00e8re pittoresque pendant la majeure partie du trajet vers notre destination et si le ciel est d\u00e9gag\u00e9, tu auras ton premier aper\u00e7u de l&#8217;Everest.  <\/p>\n\n<h4 class=\"wp-block-heading\">76 km<\/h4>\n\n<h4 class=\"wp-block-heading\">1 200 m<\/h4>\n\n<figure class=\"wp-block-image\"><img decoding=\"async\" src=\"https:\/\/www.serk.cc\/wp-content\/uploads\/bb-plugin\/cache\/tibet2017-8-300x225-panorama.jpg\" alt=\"tibet2017-8\" class=\"wp-image-6106\" title=\"tibet2017-8\"\/><\/figure>\n\n<figure class=\"wp-block-image\"><img decoding=\"async\" src=\"https:\/\/www.serk.cc\/wp-content\/uploads\/bb-plugin\/cache\/tibet2017-6-300x200-panorama.jpg\" alt=\"tibet2017-6\" class=\"wp-image-6108\" title=\"tibet2017-6\"\/><\/figure>\n\n<p>\u00ab \u00c7a ne peut pas \u00eatre mieux que \u00e7a. Rouler jusqu&#8217;au putain de mont Everest sur ton v\u00e9lo. \u00bb Davis, \u00c9tats-Unis. <\/p>\n\n<h2 class=\"wp-block-heading\">Jour 10.<\/h2>\n\n<h3 class=\"wp-block-heading\">Everest<\/h3>\n\n<p>T\u00f4t le matin, nous commencerons \u00e0 gravir l&#8217;immense col qui nous m\u00e8ne au camp de base de l&#8217;Everest dans l&#8217;obscurit\u00e9. La route est neuve et offre des vues magnifiques sur l&#8217;Everest au sommet. Juste au moment o\u00f9 tu atteins le sommet, tu verras les premi\u00e8res lueurs du jour appara\u00eetre sur l&#8217;Everest &#8211; cela doit \u00eatre l&#8217;un des moments #WYMTM ultimes au monde. Apr\u00e8s une descente pleine de sensations et une mont\u00e9e progressive, tu atteindras le camp de base de l&#8217;Everest. Attends-toi \u00e0 \u00eatre \u00e9puis\u00e9 et exalt\u00e9 au moment o\u00f9 tu atteindras le camp de base. High five g\u00e9n\u00e9ral.     <\/p>\n\n<h4 class=\"wp-block-heading\">98 km<\/h4>\n\n<h4 class=\"wp-block-heading\">1 638 m<\/h4>\n\n<figure class=\"wp-block-image\"><img decoding=\"async\" src=\"https:\/\/www.serk.cc\/wp-content\/uploads\/bb-plugin\/cache\/serk_journey_to_everest-20-300x200-panorama.jpg\" alt=\"serk_journey_to_everest-20\" class=\"wp-image-5926\" title=\"serk_journey_to_everest-20\"\/><\/figure>\n\n<figure class=\"wp-block-image\"><img decoding=\"async\" src=\"https:\/\/www.serk.cc\/wp-content\/uploads\/bb-plugin\/cache\/tibet2017-2-300x200-panorama.jpg\" alt=\"tibet2017-2\" class=\"wp-image-6112\" title=\"tibet2017-2\"\/><\/figure>\n\n<p>\u00ab Rouler jusqu&#8217;au camp de base de l&#8217;Everest avec Serk devrait figurer sur la liste de tous les cyclistes. Fais-le &#8211; tu ne le regretteras pas. #MeilleurVoyageDeTousLesTemps. \u00bb Jeremy, Royaume-Uni. <\/p>\n\n<h2 class=\"wp-block-heading\">Jour 11.<\/h2>\n\n<h3 class=\"wp-block-heading\"><\/h3>\n\n<p>Journ\u00e9e de transit pour retourner \u00e0 Shigatze. Nous nous arr\u00eatons dans un d\u00e9licieux restaurant de raviolis pour le petit-d\u00e9jeuner et arrivons \u00e0 Shigatze pour notre dernier repas de groupe. Apr\u00e8s le d\u00eener, il est temps d&#8217;aller dans les clubs tib\u00e9tains et de siroter quelques bi\u00e8res bien m\u00e9rit\u00e9es avec les cowboys et cowgirls tib\u00e9tains locaux.  <\/p>\n\n<h4 class=\"wp-block-heading\">0 km<\/h4>\n\n<h4 class=\"wp-block-heading\">0 m<\/h4>\n\n<figure class=\"wp-block-image\"><img decoding=\"async\" src=\"https:\/\/www.serk.cc\/wp-content\/uploads\/bb-plugin\/cache\/tibet-4-300x169-panorama.jpg\" alt=\"tibet-4\" class=\"wp-image-6035\" title=\"tibet-4\"\/><\/figure>\n\n<figure class=\"wp-block-image\"><img decoding=\"async\" src=\"https:\/\/www.serk.cc\/wp-content\/uploads\/bb-plugin\/cache\/tibet2015-1-300x169-panorama.jpg\" alt=\"tibet2015-(1)\" class=\"wp-image-6100\" title=\"tibet2015-(1)\"\/><\/figure>\n\n<h2 class=\"wp-block-heading\">Jour 12.<\/h2>\n\n<h3 class=\"wp-block-heading\">Chengdu<\/h3>\n\n<p>Il est temps de se dire au revoir ! Nous quittons le Tibet en avion et retournons \u00e0 Chengdu, Chine, aujourd&#8217;hui. <\/p>\n\n<h4 class=\"wp-block-heading\">0 km<\/h4>\n\n<h4 class=\"wp-block-heading\">0 m<\/h4>\n\n<figure class=\"wp-block-image\"><img decoding=\"async\" src=\"https:\/\/www.serk.cc\/wp-content\/uploads\/bb-plugin\/cache\/tibet-6-300x225-panorama.jpg\" alt=\"tibet-6\" class=\"wp-image-6033\" title=\"tibet-6\"\/><\/figure>\n\n<figure class=\"wp-block-image\"><img decoding=\"async\" src=\"https:\/\/www.serk.cc\/wp-content\/uploads\/bb-plugin\/cache\/D536E2427B9F813F78A926C531F6E592-300x225-panorama.jpg\" alt=\"D536E2427B9F813F78A926C531F6E592\" class=\"wp-image-8968\" title=\"D536E2427B9F813F78A926C531F6E592\"\/><\/figure>\n","protected":false},"excerpt":{"rendered":"<p>Dates 29 avril &#8211; 10 mai 202611 &#8211; 23 mai 2026 (\u00e9dition sp\u00e9ciale)3 &#8211; 14 ao\u00fbt 20261er &#8211; 12 septembre 2026 distance 12 jours7 jours de v\u00e9lo700 km+ (beaucoup de km \u00e0 une altitude moyenne de 4 000 m)5 770 m+ de d\u00e9nivel\u00e9 positif Altitude Min : 3 000 mMax : 5 100 mMoyenne : [&hellip;]<\/p>\n","protected":false},"author":1,"featured_media":0,"parent":0,"menu_order":0,"comment_status":"closed","ping_status":"closed","template":"","meta":{"_et_pb_use_builder":"off","_et_pb_old_content":"","_et_gb_content_width":"","footnotes":""},"class_list":["post-8849","page","type-page","status-publish","hentry"],"aioseo_notices":[],"_links":{"self":[{"href":"https:\/\/gravel-bikes.cc\/fr\/wp-json\/wp\/v2\/pages\/8849","targetHints":{"allow":["GET"]}}],"collection":[{"href":"https:\/\/gravel-bikes.cc\/fr\/wp-json\/wp\/v2\/pages"}],"about":[{"href":"https:\/\/gravel-bikes.cc\/fr\/wp-json\/wp\/v2\/types\/page"}],"author":[{"embeddable":true,"href":"https:\/\/gravel-bikes.cc\/fr\/wp-json\/wp\/v2\/users\/1"}],"replies":[{"embeddable":true,"href":"https:\/\/gravel-bikes.cc\/fr\/wp-json\/wp\/v2\/comments?post=8849"}],"version-history":[{"count":1,"href":"https:\/\/gravel-bikes.cc\/fr\/wp-json\/wp\/v2\/pages\/8849\/revisions"}],"predecessor-version":[{"id":8850,"href":"https:\/\/gravel-bikes.cc\/fr\/wp-json\/wp\/v2\/pages\/8849\/revisions\/8850"}],"wp:attachment":[{"href":"https:\/\/gravel-bikes.cc\/fr\/wp-json\/wp\/v2\/media?parent=8849"}],"curies":[{"name":"wp","href":"https:\/\/api.w.org\/{rel}","templated":true}]}}