{"id":9177,"date":"2026-03-12T15:35:15","date_gmt":"2026-03-12T15:35:15","guid":{"rendered":"https:\/\/gravel-bikes.cc\/pearl-adventure-ekar-1x13\/"},"modified":"2026-03-22T12:23:19","modified_gmt":"2026-03-22T12:23:19","slug":"pearl-adventure-ekar-1x13","status":"publish","type":"page","link":"https:\/\/gravel-bikes.cc\/fr\/pearl-adventure-ekar-1x13\/","title":{"rendered":"PEARL ADVENTURE EKAR 1&#215;13"},"content":{"rendered":"<p>[et_pb_section fb_built=&#8221;1&#8243; fullwidth=&#8221;on&#8221; _builder_version=&#8221;4.27.6&#8243; _module_preset=&#8221;default&#8221; hover_enabled=&#8221;0&#8243; global_colors_info=&#8221;{}&#8221; sticky_enabled=&#8221;0&#8243;][et_pb_fullwidth_slider _builder_version=&#8221;4.27.6&#8243; _module_preset=&#8221;default&#8221; hover_enabled=&#8221;0&#8243; global_colors_info=&#8221;{}&#8221; sticky_enabled=&#8221;0&#8243;][et_pb_slide heading=&#8221;PEARL ADVENTURE GRX 612&#8243; _builder_version=&#8221;4.27.6&#8243; _module_preset=&#8221;default&#8221; background_image=&#8221;https:\/\/gravel-bikes.cc\/wp-content\/uploads\/2025\/12\/IMG_3721-scaled.jpg&#8221; background_enable_image=&#8221;on&#8221; hover_enabled=&#8221;0&#8243; global_colors_info=&#8221;{}&#8221; sticky_transition=&#8221;on&#8221; title_text=&#8221;IMG_3721&#8243; sticky_enabled=&#8221;0&#8243;]<\/p>\n<h3>V\u00e9los gravel haut de gamme de Hambourg. Pr\u00eat pour ta prochaine aventure. <\/h3>\n<p>[\/et_pb_slide][\/et_pb_fullwidth_slider][\/et_pb_section][et_pb_section fb_built=&#8221;1&#8243; _builder_version=&#8221;4.27.5&#8243; _module_preset=&#8221;default&#8221; global_colors_info=&#8221;{}&#8221;][et_pb_row column_structure=&#8221;1_2,1_2&#8243; _builder_version=&#8221;4.27.5&#8243; _module_preset=&#8221;default&#8221; global_colors_info=&#8221;{}&#8221;][et_pb_column type=&#8221;1_2&#8243; _builder_version=&#8221;4.27.5&#8243; _module_preset=&#8221;default&#8221; global_colors_info=&#8221;{}&#8221;][et_pb_image src=&#8221;https:\/\/gravel-bikes.cc\/wp-content\/uploads\/2025\/12\/IMG_3722-scaled.jpg&#8221; title_text=&#8221;IMG_3722&#8243; _builder_version=&#8221;4.27.6&#8243; _module_preset=&#8221;default&#8221; hover_enabled=&#8221;0&#8243; global_colors_info=&#8221;{}&#8221; sticky_enabled=&#8221;0&#8243;][\/et_pb_image][\/et_pb_column][et_pb_column type=&#8221;1_2&#8243; _builder_version=&#8221;4.27.5&#8243; _module_preset=&#8221;default&#8221; global_colors_info=&#8221;{}&#8221;][et_pb_text _builder_version=&#8221;4.27.6&#8243; _module_preset=&#8221;default&#8221; hover_enabled=&#8221;0&#8243; global_colors_info=&#8221;{}&#8221; sticky_enabled=&#8221;0&#8243;]<\/p>\n<div class=\"elementor-element elementor-element-157d1f65 elementor-widget elementor-widget-heading\" data-id=\"157d1f65\" data-element_type=\"widget\" data-widget_type=\"heading.default\"><\/div>\n<div class=\"elementor-element elementor-element-157d1f65 elementor-widget elementor-widget-heading\" data-id=\"157d1f65\" data-element_type=\"widget\" data-widget_type=\"heading.default\">\n<div class=\"elementor-widget-container\">\n<h1 class=\"elementor-heading-title elementor-size-default\"><span dir=\"auto\">PERFORMANCE ILLIMIT\u00c9E<\/span><\/h1>\n<p><span dir=\"auto\"><\/span><\/p>\n<\/div>\n<\/div>\n<div class=\"elementor-element elementor-element-51c89f00 elementor-widget elementor-widget-text-editor\" data-id=\"51c89f00\" data-element_type=\"widget\" data-widget_type=\"text-editor.default\">\n<div class=\"elementor-widget-container\">\n<ul>\n<li>G\u00e9om\u00e9trie Aventure<\/li>\n<li>Fibre de carbone unidirectionnelle<\/li>\n<li>Fiable et l\u00e9ger, compatible avec des pneus de 55 mm.<\/li>\n<li>Les axes de 12 mm augmentent la rigidit\u00e9 de la roue par rapport aux blocages rapides classiques.<\/li>\n<li>Fourche a\u00e9rodynamique \u00e0 large \u00e9cartement et tube de direction qui augmente la rigidit\u00e9 de la partie avant du cadre.<\/li>\n<li>Compatible avec les garde-boue, les porte-bagages et tous les sacs de bikepacking.<\/li>\n<\/ul>\n<p>&nbsp;<\/p>\n<\/div>\n<\/div>\n<p>[\/et_pb_text][\/et_pb_column][\/et_pb_row][et_pb_row column_structure=&#8221;1_2,1_2&#8243; _builder_version=&#8221;4.27.6&#8243; _module_preset=&#8221;default&#8221; global_colors_info=&#8221;{}&#8221;][et_pb_column type=&#8221;1_2&#8243; _builder_version=&#8221;4.27.5&#8243; _module_preset=&#8221;default&#8221; global_colors_info=&#8221;{}&#8221;][et_pb_accordion _builder_version=&#8221;4.27.6&#8243; _module_preset=&#8221;default&#8221; global_colors_info=&#8221;{}&#8221;][et_pb_accordion_item title=&#8221;G\u00c9OM\u00c9TRIE AVENTURE&#8221; open=&#8221;on&#8221; _builder_version=&#8221;4.27.6&#8243; _module_preset=&#8221;default&#8221; global_colors_info=&#8221;{}&#8221;]<\/p>\n<p>G\u00e9om\u00e9trie Aventure l\u00e9g\u00e8rement plus droite et plus confortable.<\/p>\n<p>[\/et_pb_accordion_item][et_pb_accordion_item title=&#8221;D\u00c9GAGEMENT PNEUS 55 MM&#8221; _builder_version=&#8221;4.27.6&#8243; _module_preset=&#8221;default&#8221; global_colors_info=&#8221;{}&#8221; open=&#8221;off&#8221;]<\/p>\n<p>Nos mod\u00e8les Adventure sont d\u00e9sormais compatibles avec des pneus de 55 mm. Plus de confort et plus d\u2019adh\u00e9rence, m\u00eame sur les graviers les plus raides. <\/p>\n<p>[\/et_pb_accordion_item][et_pb_accordion_item title=&#8221;CARBONE TORAY 1000&#8243; _builder_version=&#8221;4.27.6&#8243; _module_preset=&#8221;default&#8221; global_colors_info=&#8221;{}&#8221; open=&#8221;off&#8221;]<\/p>\n<p>Les cadres Pearl sont fabriqu\u00e9s \u00e0 partir des meilleures fibres pr\u00e9impr\u00e9gn\u00e9es et les plus durables du march\u00e9.<\/p>\n<p>[\/et_pb_accordion_item][et_pb_accordion_item title=&#8221;SHIMANO GRX&#8221; _builder_version=&#8221;4.27.6&#8243; _module_preset=&#8221;default&#8221; global_colors_info=&#8221;{}&#8221; open=&#8221;off&#8221;]<\/p>\n<p>Shimano GRX offre un changement de vitesse pr\u00e9cis et des freins hydrauliques fiables.<\/p>\n<p>[\/et_pb_accordion_item][et_pb_accordion_item title=&#8221;ROUES FULCRUM&#8221; _builder_version=&#8221;4.27.6&#8243; _module_preset=&#8221;default&#8221; global_colors_info=&#8221;{}&#8221; open=&#8221;off&#8221;]<\/p>\n<p>Roues fiables et indestructibles d\u2019Italie. Tubeless ready. <\/p>\n<p>[\/et_pb_accordion_item][\/et_pb_accordion][\/et_pb_column][et_pb_column type=&#8221;1_2&#8243; _builder_version=&#8221;4.27.6&#8243; _module_preset=&#8221;default&#8221; global_colors_info=&#8221;{}&#8221;][et_pb_image src=&#8221;https:\/\/gravel-bikes.cc\/wp-content\/uploads\/2025\/12\/IMG_3723-scaled.jpg&#8221; title_text=&#8221;IMG_3723&#8243; _builder_version=&#8221;4.27.6&#8243; _module_preset=&#8221;default&#8221; hover_enabled=&#8221;0&#8243; global_colors_info=&#8221;{}&#8221; sticky_enabled=&#8221;0&#8243;][\/et_pb_image][\/et_pb_column][\/et_pb_row][\/et_pb_section][et_pb_section fb_built=&#8221;1&#8243; fullwidth=&#8221;on&#8221; _builder_version=&#8221;4.27.5&#8243; _module_preset=&#8221;default&#8221; global_colors_info=&#8221;{}&#8221;][et_pb_fullwidth_slider _builder_version=&#8221;4.27.6&#8243; _module_preset=&#8221;default&#8221; hover_enabled=&#8221;0&#8243; global_colors_info=&#8221;{}&#8221; sticky_enabled=&#8221;0&#8243;][et_pb_slide heading=&#8221;PEARL ADVENTURE CAMPAGNOLO EKAR&#8221; button_text=&#8221;D\u00e9couvre-en plus&#8230;&#8221; _builder_version=&#8221;4.27.6&#8243; _module_preset=&#8221;default&#8221; background_image=&#8221;https:\/\/gravel-bikes.cc\/wp-content\/uploads\/2026\/03\/83913141_10221126398854004_3039832076623806464_n.jpg&#8221; background_enable_image=&#8221;on&#8221; hover_enabled=&#8221;0&#8243; global_colors_info=&#8221;{}&#8221; sticky_transition=&#8221;on&#8221; sticky_enabled=&#8221;0&#8243;][\/et_pb_slide][\/et_pb_fullwidth_slider][\/et_pb_section][et_pb_section fb_built=&#8221;1&#8243; _builder_version=&#8221;4.27.5&#8243; _module_preset=&#8221;default&#8221; global_colors_info=&#8221;{}&#8221;][\/et_pb_section][et_pb_section fb_built=&#8221;1&#8243; _builder_version=&#8221;4.27.5&#8243; _module_preset=&#8221;default&#8221; custom_padding=&#8221;54px|||||&#8221; global_colors_info=&#8221;{}&#8221;][et_pb_row column_structure=&#8221;1_2,1_2&#8243; _builder_version=&#8221;4.27.5&#8243; _module_preset=&#8221;default&#8221; global_colors_info=&#8221;{}&#8221;][et_pb_column type=&#8221;1_2&#8243; _builder_version=&#8221;4.27.5&#8243; _module_preset=&#8221;default&#8221; global_colors_info=&#8221;{}&#8221;][et_pb_image src=&#8221;https:\/\/gravel-bikes.cc\/wp-content\/uploads\/2026\/03\/83913141_10221126398854004_3039832076623806464_n.jpg&#8221; title_text=&#8221;83913141_10221126398854004_3039832076623806464_n&#8221; _builder_version=&#8221;4.27.6&#8243; _module_preset=&#8221;default&#8221; global_colors_info=&#8221;{}&#8221;][\/et_pb_image][\/et_pb_column][et_pb_column type=&#8221;1_2&#8243; _builder_version=&#8221;4.27.5&#8243; _module_preset=&#8221;default&#8221; global_colors_info=&#8221;{}&#8221;][et_pb_text _builder_version=&#8221;4.27.6&#8243; _module_preset=&#8221;default&#8221; global_colors_info=&#8221;{}&#8221;]<\/p>\n<div class=\"elementor-element elementor-element-238b939a elementor-hidden-tablet elementor-hidden-mobile elementor-widget elementor-widget-heading\" data-id=\"238b939a\" data-element_type=\"widget\" data-widget_type=\"heading.default\">\n<div class=\"elementor-widget-container\">\n<h2 class=\"elementor-heading-title elementor-size-default\"><span dir=\"auto\">GRAVEL SANS C\u00c2BLES :<\/span><br \/><span dir=\"auto\">LE MANTO FLUE SANS OBSTACLES<\/span><\/h2>\n<p><span dir=\"auto\"><\/span><\/p>\n<p><span dir=\"auto\"><\/span><\/p>\n<p><span dir=\"auto\"><\/span><\/p>\n<\/div>\n<\/div>\n<div class=\"elementor-element elementor-element-69fffdd elementor-hidden-tablet elementor-hidden-mobile elementor-widget elementor-widget-text-editor\" data-id=\"69fffdd\" data-element_type=\"widget\" data-widget_type=\"text-editor.default\">\n<div class=\"elementor-widget-container\">\n<p><span dir=\"auto\">L\u2019avant du MANTO se distingue par son subtil m\u00e9lange de profils de tube de direction et de tube diagonal en forme d\u2019aile, s\u2019int\u00e9grant \u00e0 la couronne de fourche surdimensionn\u00e9e. Au-del\u00e0 de cette forme a\u00e9rodynamique efficace, le tube de direction achemine \u00e9galement les durites de frein de mani\u00e8re propre et simple \u00e0 travers le jeu de direction de 1,5&#8243;, afin de n\u2019exposer rien au vent et de garder tout propre et ordonn\u00e9. Cette solution est \u00e9galement propre et utile lors de l\u2019utilisation de sacoches de guidon, afin que les c\u00e2bles n\u2019interf\u00e8rent pas avec les sangles.  <\/span><\/p>\n<\/div>\n<\/div>\n<p>[\/et_pb_text][\/et_pb_column][\/et_pb_row][\/et_pb_section][et_pb_section fb_built=&#8221;1&#8243; _builder_version=&#8221;4.27.6&#8243; _module_preset=&#8221;default&#8221; global_colors_info=&#8221;{}&#8221;][et_pb_row _builder_version=&#8221;4.27.6&#8243; _module_preset=&#8221;default&#8221; global_colors_info=&#8221;{}&#8221;][et_pb_column type=&#8221;4_4&#8243; _builder_version=&#8221;4.27.6&#8243; _module_preset=&#8221;default&#8221; global_colors_info=&#8221;{}&#8221;][et_pb_text _builder_version=&#8221;4.27.6&#8243; _module_preset=&#8221;default&#8221; global_colors_info=&#8221;{}&#8221;]<\/p>\n<h3 style=\"text-align: center;\"><strong>G\u00c9OM\u00c9TRIE<\/strong><\/h3>\n<p>[\/et_pb_text][\/et_pb_column][\/et_pb_row][\/et_pb_section][et_pb_section fb_built=&#8221;1&#8243; _builder_version=&#8221;4.27.5&#8243; _module_preset=&#8221;default&#8221; global_colors_info=&#8221;{}&#8221;][et_pb_row column_structure=&#8221;1_2,1_2&#8243; _builder_version=&#8221;4.27.5&#8243; _module_preset=&#8221;default&#8221; width=&#8221;100%&#8221; max_width=&#8221;1803px&#8221; custom_padding=&#8221;14px|||||&#8221; global_colors_info=&#8221;{}&#8221;][et_pb_column type=&#8221;1_2&#8243; _builder_version=&#8221;4.27.5&#8243; _module_preset=&#8221;default&#8221; global_colors_info=&#8221;{}&#8221;][et_pb_text _builder_version=&#8221;4.27.5&#8243; _module_preset=&#8221;default&#8221; global_colors_info=&#8221;{}&#8221;]<\/p>\n<table class=\"size_guide\">\n<tbody>\n<tr>\n<th><span dir=\"auto\">Taille<\/span><\/th>\n<th><span dir=\"auto\">48<\/span><\/th>\n<th><span dir=\"auto\">51<\/span><\/th>\n<th><span dir=\"auto\">54<\/span><\/th>\n<th><span dir=\"auto\">56<\/span><\/th>\n<th><span dir=\"auto\">58<\/span><\/th>\n<\/tr>\n<tr>\n<td> <\/td>\n<td><span dir=\"auto\">152-163 cm<\/span><\/td>\n<td><span dir=\"auto\">161-170 cm<\/span><\/td>\n<td><span dir=\"auto\">170-177 cm<\/span><\/td>\n<td><span dir=\"auto\">175-181 cm<\/span><\/td>\n<td><span dir=\"auto\">180-188 cm<\/span><\/td>\n<\/tr>\n<tr>\n<td><span dir=\"auto\">A. Stack<\/span><\/td>\n<td><span dir=\"auto\">505<\/span><\/td>\n<td><span dir=\"auto\">525<\/span><\/td>\n<td><span dir=\"auto\">545<\/span><\/td>\n<td><span dir=\"auto\">567<\/span><\/td>\n<td><span dir=\"auto\">589<\/span><\/td>\n<\/tr>\n<tr>\n<td><span dir=\"auto\">B. Reach<\/span><\/td>\n<td><span dir=\"auto\">370<\/span><\/td>\n<td><span dir=\"auto\">376<\/span><\/td>\n<td><span dir=\"auto\">384<\/span><\/td>\n<td><span dir=\"auto\">392<\/span><\/td>\n<td><span dir=\"auto\">400<\/span><\/td>\n<\/tr>\n<tr>\n<td><span dir=\"auto\">C. Angle du tube de selle<\/span><\/td>\n<td><span dir=\"auto\">74<\/span><\/td>\n<td><span dir=\"auto\">73<\/span><\/td>\n<td><span dir=\"auto\">73<\/span><\/td>\n<td><span dir=\"auto\">73<\/span><\/td>\n<td><span dir=\"auto\">73<\/span><\/td>\n<\/tr>\n<tr>\n<td><span dir=\"auto\">D. Tube sup\u00e9rieur<\/span><\/td>\n<td><span dir=\"auto\">515<\/span><\/td>\n<td><span dir=\"auto\">536<\/span><\/td>\n<td><span dir=\"auto\">551<\/span><\/td>\n<td><span dir=\"auto\">565<\/span><\/td>\n<td><span dir=\"auto\">580<\/span><\/td>\n<\/tr>\n<tr>\n<td><span dir=\"auto\">E. Angle du tube de direction<\/span><\/td>\n<td><span dir=\"auto\">71.8<\/span><\/td>\n<td><span dir=\"auto\">71.6<\/span><\/td>\n<td><span dir=\"auto\">73<\/span><\/td>\n<td><span dir=\"auto\">73<\/span><\/td>\n<td><span dir=\"auto\">73<\/span><\/td>\n<\/tr>\n<tr>\n<td><span dir=\"auto\">F. D\u00e9port de fourche<\/span><\/td>\n<td><span dir=\"auto\">50<\/span><\/td>\n<td><span dir=\"auto\">50<\/span><\/td>\n<td><span dir=\"auto\">44<\/span><\/td>\n<td><span dir=\"auto\">44<\/span><\/td>\n<td><span dir=\"auto\">44<\/span><\/td>\n<\/tr>\n<tr>\n<td><span dir=\"auto\">G. Chasse de fourche<\/span><\/td>\n<td><span dir=\"auto\">60<\/span><\/td>\n<td><span dir=\"auto\">60<\/span><\/td>\n<td><span dir=\"auto\">59<\/span><\/td>\n<td><span dir=\"auto\">59<\/span><\/td>\n<td><span dir=\"auto\">59<\/span><\/td>\n<\/tr>\n<tr>\n<td><span dir=\"auto\">H. Longueur du tube de selle<\/span><\/td>\n<td><span dir=\"auto\">453<\/span><\/td>\n<td><span dir=\"auto\">480<\/span><\/td>\n<td><span dir=\"auto\">504<\/span><\/td>\n<td><span dir=\"auto\">526<\/span><\/td>\n<td><span dir=\"auto\">547<\/span><\/td>\n<\/tr>\n<tr>\n<td><span dir=\"auto\">I. Drop du bo\u00eetier de p\u00e9dalier<\/span><\/td>\n<td><span dir=\"auto\">74<\/span><\/td>\n<td><span dir=\"auto\">71<\/span><\/td>\n<td><span dir=\"auto\">71<\/span><\/td>\n<td><span dir=\"auto\">71<\/span><\/td>\n<td><span dir=\"auto\">71<\/span><\/td>\n<\/tr>\n<tr>\n<td><span dir=\"auto\">J. Centre avant<\/span><\/td>\n<td><span dir=\"auto\">570<\/span><\/td>\n<td><span dir=\"auto\">584<\/span><\/td>\n<td><span dir=\"auto\">580<\/span><\/td>\n<td><span dir=\"auto\">594<\/span><\/td>\n<td><span dir=\"auto\">608<\/span><\/td>\n<\/tr>\n<tr>\n<td><span dir=\"auto\">K. Longueur des bases<\/span><\/td>\n<td><span dir=\"auto\">407<\/span><\/td>\n<td><span dir=\"auto\">407<\/span><\/td>\n<td><span dir=\"auto\">410<\/span><\/td>\n<td><span dir=\"auto\">410<\/span><\/td>\n<td><span dir=\"auto\">410<\/span><\/td>\n<\/tr>\n<tr>\n<td><span dir=\"auto\">L. Empattement<\/span><\/td>\n<td><span dir=\"auto\">965<\/span><\/td>\n<td><span dir=\"auto\">980<\/span><\/td>\n<td><span dir=\"auto\">979<\/span><\/td>\n<td><span dir=\"auto\">993<\/span><\/td>\n<td><span dir=\"auto\">1008<\/span><\/td>\n<\/tr>\n<tr>\n<td><span dir=\"auto\">M. Hauteur d\u2019enjambement<\/span><\/td>\n<td><span dir=\"auto\">728<\/span><\/td>\n<td><span dir=\"auto\">750<\/span><\/td>\n<td><span dir=\"auto\">782<\/span><\/td>\n<td><span dir=\"auto\">803<\/span><\/td>\n<td><span dir=\"auto\">826<\/span><\/td>\n<\/tr>\n<tr>\n<td><span dir=\"auto\">N. Longueur du tube de direction<\/span><\/td>\n<td><span dir=\"auto\">102<\/span><\/td>\n<td><span dir=\"auto\">127<\/span><\/td>\n<td><span dir=\"auto\">143<\/span><\/td>\n<td><span dir=\"auto\">166<\/span><\/td>\n<td><span dir=\"auto\">189<\/span><\/td>\n<\/tr>\n<tr>\n<td><span dir=\"auto\">O. Longueur de fourche<\/span><\/td>\n<td><span dir=\"auto\">367<\/span><\/td>\n<td><span dir=\"auto\">367<\/span><\/td>\n<td><span dir=\"auto\">365<\/span><\/td>\n<td><span dir=\"auto\">365<\/span><\/td>\n<td><span dir=\"auto\">365<\/span><\/td>\n<\/tr>\n<\/tbody>\n<\/table>\n<p>[\/et_pb_text][\/et_pb_column][et_pb_column type=&#8221;1_2&#8243; _builder_version=&#8221;4.27.5&#8243; _module_preset=&#8221;default&#8221; global_colors_info=&#8221;{}&#8221;][et_pb_image src=&#8221;https:\/\/gravel-bikes.cc\/wp-content\/uploads\/2026\/01\/size_Guide_manto_alt.png.webp&#8221; title_text=&#8221;size_Guide_manto_alt.png&#8221; _builder_version=&#8221;4.27.6&#8243; _module_preset=&#8221;default&#8221; background_color=&#8221;#000000&#8243; global_colors_info=&#8221;{}&#8221;][\/et_pb_image][\/et_pb_column][\/et_pb_row][\/et_pb_section][et_pb_section fb_built=&#8221;1&#8243; _builder_version=&#8221;4.27.6&#8243; _module_preset=&#8221;default&#8221; global_colors_info=&#8221;{}&#8221;][et_pb_row column_structure=&#8221;1_2,1_2&#8243; _builder_version=&#8221;4.27.6&#8243; _module_preset=&#8221;default&#8221; global_colors_info=&#8221;{}&#8221;][et_pb_column type=&#8221;1_2&#8243; _builder_version=&#8221;4.27.6&#8243; _module_preset=&#8221;default&#8221; global_colors_info=&#8221;{}&#8221;][et_pb_image src=&#8221;https:\/\/gravel-bikes.cc\/wp-content\/uploads\/2025\/12\/IMG_3722-scaled.jpg&#8221; title_text=&#8221;IMG_3722&#8243; _builder_version=&#8221;4.27.6&#8243; _module_preset=&#8221;default&#8221; hover_enabled=&#8221;0&#8243; global_colors_info=&#8221;{}&#8221; sticky_enabled=&#8221;0&#8243;][\/et_pb_image][\/et_pb_column][et_pb_column type=&#8221;1_2&#8243; _builder_version=&#8221;4.27.6&#8243; _module_preset=&#8221;default&#8221; global_colors_info=&#8221;{}&#8221;][\/et_pb_column][\/et_pb_row][\/et_pb_section][et_pb_section fb_built=&#8221;1&#8243; _builder_version=&#8221;4.27.6&#8243; _module_preset=&#8221;default&#8221; global_colors_info=&#8221;{}&#8221;][et_pb_row column_structure=&#8221;1_3,1_3,1_3&#8243; _builder_version=&#8221;4.27.6&#8243; _module_preset=&#8221;default&#8221; global_colors_info=&#8221;{}&#8221;][et_pb_column type=&#8221;1_3&#8243; _builder_version=&#8221;4.27.6&#8243; _module_preset=&#8221;default&#8221; global_colors_info=&#8221;{}&#8221;][et_pb_text _builder_version=&#8221;4.27.6&#8243; _module_preset=&#8221;default&#8221; global_colors_info=&#8221;{}&#8221;]<\/p>\n<h2><strong>SERVICE<\/strong><\/h2>\n<p>[\/et_pb_text][et_pb_text _builder_version=&#8221;4.27.6&#8243; _module_preset=&#8221;default&#8221; global_colors_info=&#8221;{}&#8221;]<\/p>\n<p>Visite notre page de service pour savoir comment prendre soin de ton v\u00e9lo, comment nous pouvons t\u2019aider et trouver des pi\u00e8ces de rechange simples et faciles \u00e0 commander en ligne.<\/p>\n<p>[\/et_pb_text][et_pb_button button_url=&#8221;https:\/\/gravel-bikes.cc\/workshop-prices-appointments\/&#8221; button_text=&#8221;D\u00e9couvre-en plus&#8230;&#8221; _builder_version=&#8221;4.27.6&#8243; _module_preset=&#8221;default&#8221; global_colors_info=&#8221;{}&#8221;][\/et_pb_button][\/et_pb_column][et_pb_column type=&#8221;1_3&#8243; _builder_version=&#8221;4.27.6&#8243; _module_preset=&#8221;default&#8221; global_colors_info=&#8221;{}&#8221;][et_pb_text _builder_version=&#8221;4.27.6&#8243; _module_preset=&#8221;default&#8221; global_colors_info=&#8221;{}&#8221;]<\/p>\n<h2><strong>GARANTIE<\/strong><\/h2>\n<p>[\/et_pb_text][et_pb_text _builder_version=&#8221;4.27.6&#8243; _module_preset=&#8221;default&#8221; global_colors_info=&#8221;{}&#8221;]<\/p>\n<p><span>Nous offrons une garantie de deux ans sur la peinture et de dix ans sur le cadre et la fourche. Nous ne traiterons les probl\u00e8mes de garantie que pour les cadres qui ont \u00e9t\u00e9 enregistr\u00e9s en ligne et qui ont \u00e9t\u00e9 entretenus deux fois par an. <\/span><\/p>\n<p>[\/et_pb_text][et_pb_button button_text=&#8221;D\u00e9couvre-en plus&#8230;&#8221; _builder_version=&#8221;4.27.6&#8243; _module_preset=&#8221;default&#8221; global_colors_info=&#8221;{}&#8221;][\/et_pb_button][\/et_pb_column][et_pb_column type=&#8221;1_3&#8243; _builder_version=&#8221;4.27.6&#8243; _module_preset=&#8221;default&#8221; global_colors_info=&#8221;{}&#8221;][et_pb_text _builder_version=&#8221;4.27.6&#8243; _module_preset=&#8221;default&#8221; global_colors_info=&#8221;{}&#8221;]<\/p>\n<h2><strong>FINANCEMENT<\/strong><\/h2>\n<p>[\/et_pb_text][et_pb_text _builder_version=&#8221;4.27.6&#8243; _module_preset=&#8221;default&#8221; global_colors_info=&#8221;{}&#8221;]<\/p>\n<p><span>Nous proposons diverses options de financement et de leasing de v\u00e9los. Contacte-nous si tu as des questions ou clique sur le bouton ci-dessous pour consulter les options. <\/span><\/p>\n<p>[\/et_pb_text][et_pb_button button_text=&#8221;D\u00e9couvre-en plus&#8230;&#8221; _builder_version=&#8221;4.27.6&#8243; _module_preset=&#8221;default&#8221; global_colors_info=&#8221;{}&#8221;][\/et_pb_button][\/et_pb_column][\/et_pb_row][\/et_pb_section][et_pb_section fb_built=&#8221;1&#8243; _builder_version=&#8221;4.27.6&#8243; _module_preset=&#8221;default&#8221; global_colors_info=&#8221;{}&#8221;][et_pb_row column_structure=&#8221;1_2,1_2&#8243; _builder_version=&#8221;4.27.6&#8243; _module_preset=&#8221;default&#8221; global_colors_info=&#8221;{}&#8221;][et_pb_column type=&#8221;1_2&#8243; _builder_version=&#8221;4.27.6&#8243; _module_preset=&#8221;default&#8221; global_colors_info=&#8221;{}&#8221;][et_pb_text _builder_version=&#8221;4.27.6&#8243; _module_preset=&#8221;default&#8221; global_colors_info=&#8221;{}&#8221;]<\/p>\n<h2>ACHETER TOUS LES V\u00c9LOS PEARL ADVENTURE<\/h2>\n<p>[\/et_pb_text][\/et_pb_column][et_pb_column type=&#8221;1_2&#8243; _builder_version=&#8221;4.27.6&#8243; _module_preset=&#8221;default&#8221; global_colors_info=&#8221;{}&#8221;][et_pb_button button_url=&#8221;https:\/\/gravel-bikes.cc\/produkt\/aurum-manto-gravel-bike\/&#8221; button_text=&#8221;Ach\u00e8te en ligne&#8230;&#8221; _builder_version=&#8221;4.27.6&#8243; _module_preset=&#8221;default&#8221; global_colors_info=&#8221;{}&#8221;][\/et_pb_button][\/et_pb_column][\/et_pb_row][\/et_pb_section]<\/p>\n","protected":false},"excerpt":{"rendered":"<p>V\u00e9los gravel haut de gamme de Hambourg. Pr\u00eat pour ta prochaine aventure. PERFORMANCE ILLIMIT\u00c9E G\u00e9om\u00e9trie Aventure Fibre de carbone unidirectionnelle Fiable et l\u00e9ger, compatible avec des pneus de 55 mm. Les axes de 12 mm augmentent la rigidit\u00e9 de la roue par rapport aux blocages rapides classiques. Fourche a\u00e9rodynamique \u00e0 large \u00e9cartement et tube de [&hellip;]<\/p>\n","protected":false},"author":1,"featured_media":0,"parent":0,"menu_order":0,"comment_status":"closed","ping_status":"closed","template":"","meta":{"_et_pb_use_builder":"on","_et_pb_old_content":"","_et_gb_content_width":"","footnotes":""},"class_list":["post-9177","page","type-page","status-publish","hentry"],"aioseo_notices":[],"_links":{"self":[{"href":"https:\/\/gravel-bikes.cc\/fr\/wp-json\/wp\/v2\/pages\/9177","targetHints":{"allow":["GET"]}}],"collection":[{"href":"https:\/\/gravel-bikes.cc\/fr\/wp-json\/wp\/v2\/pages"}],"about":[{"href":"https:\/\/gravel-bikes.cc\/fr\/wp-json\/wp\/v2\/types\/page"}],"author":[{"embeddable":true,"href":"https:\/\/gravel-bikes.cc\/fr\/wp-json\/wp\/v2\/users\/1"}],"replies":[{"embeddable":true,"href":"https:\/\/gravel-bikes.cc\/fr\/wp-json\/wp\/v2\/comments?post=9177"}],"version-history":[{"count":2,"href":"https:\/\/gravel-bikes.cc\/fr\/wp-json\/wp\/v2\/pages\/9177\/revisions"}],"predecessor-version":[{"id":9180,"href":"https:\/\/gravel-bikes.cc\/fr\/wp-json\/wp\/v2\/pages\/9177\/revisions\/9180"}],"wp:attachment":[{"href":"https:\/\/gravel-bikes.cc\/fr\/wp-json\/wp\/v2\/media?parent=9177"}],"curies":[{"name":"wp","href":"https:\/\/api.w.org\/{rel}","templated":true}]}}