{"id":9894,"date":"2026-01-11T10:24:51","date_gmt":"2026-01-11T10:24:51","guid":{"rendered":"https:\/\/gravel-bikes.cc\/veloheld\/"},"modified":"2026-03-22T12:59:12","modified_gmt":"2026-03-22T12:59:12","slug":"veloheld","status":"publish","type":"page","link":"https:\/\/gravel-bikes.cc\/fr\/veloheld\/","title":{"rendered":"VELOHELD"},"content":{"rendered":"<p>[et_pb_section fb_built=&#8221;1&#8243; fullwidth=&#8221;on&#8221; _builder_version=&#8221;4.27.5&#8243; _module_preset=&#8221;default&#8221; global_colors_info=&#8221;{}&#8221;][et_pb_fullwidth_slider _builder_version=&#8221;4.27.5&#8243; _module_preset=&#8221;default&#8221; hover_enabled=&#8221;0&#8243; global_colors_info=&#8221;{}&#8221; sticky_enabled=&#8221;0&#8243;][et_pb_slide heading=&#8221;V\u00e9los de randonn\u00e9e et de gravel Veloheld&#8221; button_text=&#8221;D\u00e9couvre-en plus&#8230;&#8221; _builder_version=&#8221;4.27.5&#8243; _module_preset=&#8221;default&#8221; background_image=&#8221;https:\/\/gravel-bikes.cc\/wp-content\/uploads\/2026\/01\/veloheld-iconX-2026-6-uai-1686&#215;1124.jpg.webp&#8221; background_enable_image=&#8221;on&#8221; background_position=&#8221;top_center&#8221; hover_enabled=&#8221;0&#8243; global_colors_info=&#8221;{}&#8221; sticky_transition=&#8221;on&#8221; button_link=&#8221;https:\/\/gravel-bikes.cc\/fr\/produkt-kategorie\/veloheld\/&#8221; sticky_enabled=&#8221;0&#8243;]<\/p>\n<h4>Quil sagisse dun v\u00e9lo de tous les jours ou dun compagnon de bikepacking : les v\u00e9los veloheld en acier et en titane temm\u00e8nent \u00e0 destination avec style et confort \u2013 jour apr\u00e8s jour.<\/h4>\n<p>[\/et_pb_slide][\/et_pb_fullwidth_slider][\/et_pb_section][et_pb_section fb_built=&#8221;1&#8243; admin_label=&#8221;section&#8221; _builder_version=&#8221;4.16&#8243; global_colors_info=&#8221;{}&#8221;][et_pb_row admin_label=&#8221;ligne&#8221; _builder_version=&#8221;4.16&#8243; background_size=&#8221;initial&#8221; background_position=&#8221;top_left&#8221; background_repeat=&#8221;repeat&#8221; global_colors_info=&#8221;{}&#8221;][et_pb_column type=&#8221;4_4&#8243; _builder_version=&#8221;4.16&#8243; custom_padding=&#8221;|||&#8221; global_colors_info=&#8221;{}&#8221; custom_padding__hover=&#8221;|||&#8221;][et_pb_text admin_label=&#8221;Text&#8221; _builder_version=&#8221;4.16&#8243; background_size=&#8221;initial&#8221; background_position=&#8221;top_left&#8221; background_repeat=&#8221;repeat&#8221; global_colors_info=&#8221;{}&#8221;]<\/p>\n<p><strong>veloheld &#8211; V\u00e9los avec cadres en acier pour un usage quotidien, le gravel et l&amp;rsquo;aventure<\/strong><\/p>\n<\/p>\n<p>&nbsp;<\/p>\n<\/p>\n<p>Chez veloheld, nous fabriquons des v\u00e9los durables avec des cadres en acier depuis 2007 \u2013 individuels, \u00e9l\u00e9gants et avec le souci du d\u00e9tail. Quil sagisse dun v\u00e9lo urbain\/de trekking, dun v\u00e9lo de gravel, dun v\u00e9lo de randonn\u00e9e ou dun v\u00e9lo de course tout-terrain : tu d\u00e9cides de la couleur, de l\u00e9quipement et du domaine dutilisation. Configure ton nouveau v\u00e9lo en ligne ou obtiens des conseils personnalis\u00e9s. Tu trouveras de linspiration dans notre galerie de v\u00e9los clients individuels. Et si tu le souhaites, tu peux tester et r\u00e9cup\u00e9rer ton nouveau veloheld ici m\u00eame \u00e0 Dresde.   <\/p>\n<\/p>\n<p><strong>Des v\u00e9los de caract\u00e8re \u2013 pour la ville, le gravel et lrsquo;aventure<\/strong><\/p>\n<\/p>\n<p>Quil sagisse dun v\u00e9lo de tous les jours ou dun compagnon de bikepacking : les v\u00e9los veloheld en acier et en titane temm\u00e8nent \u00e0 destination avec style et confort \u2013 jour apr\u00e8s jour.<\/p>\n<\/p>\n<p><strong>Mat\u00e9riaux du cadre<\/strong><\/p>\n<\/p>\n<p>Nos cadres sont fabriqu\u00e9s en acier CrMo recyclable et en titane de haute qualit\u00e9 \u2013 des mat\u00e9riaux reconnus pour leur durabilit\u00e9, leur durabilit\u00e9 et leur esth\u00e9tique intemporelle.<\/p>\n<\/p>\n<p><strong>V\u00e9los personnalis\u00e9s \u2013 aussi uniques que toi<\/strong><\/p>\n<\/p>\n<p>Choisis ta propre couleur de cadre, ton \u00e9quipement et tes composants. Cr\u00e9e ton v\u00e9lo veloheld personnalis\u00e9 en ligne ou obtiens des conseils par t\u00e9l\u00e9phone. <\/p>\n<\/p>\n<p>[\/et_pb_text][\/et_pb_column][\/et_pb_row][\/et_pb_section][et_pb_section fb_built=&#8221;1&#8243; fullwidth=&#8221;on&#8221; _builder_version=&#8221;4.27.5&#8243; _module_preset=&#8221;default&#8221; global_colors_info=&#8221;{}&#8221;][et_pb_fullwidth_slider _builder_version=&#8221;4.27.5&#8243; _module_preset=&#8221;default&#8221; hover_enabled=&#8221;0&#8243; global_colors_info=&#8221;{}&#8221; sticky_enabled=&#8221;0&#8243;][et_pb_slide heading=&#8221;D\u00e9couvre les mod\u00e8les Veloheld.&#8221; button_text=&#8221;D\u00e9couvre-en plus&#8230;&#8221; _builder_version=&#8221;4.27.5&#8243; _module_preset=&#8221;default&#8221; background_image=&#8221;https:\/\/gravel-bikes.cc\/wp-content\/uploads\/2026\/01\/veloheld-alleyx-tropical-fusion-illusion-17-uai-1125&#215;1125.jpg.webp&#8221; background_enable_image=&#8221;on&#8221; global_colors_info=&#8221;{}&#8221; sticky_transition=&#8221;on&#8221;]<\/p>\n<h4>Quil sagisse dun v\u00e9lo de tous les jours ou dun compagnon de bikepacking : les v\u00e9los veloheld en acier et en titane temm\u00e8nent \u00e0 destination avec style et confort \u2013 jour apr\u00e8s jour.<\/h4>\n<p>[\/et_pb_slide][\/et_pb_fullwidth_slider][\/et_pb_section]<\/p>\n","protected":false},"excerpt":{"rendered":"<p>Quil sagisse dun v\u00e9lo de tous les jours ou dun compagnon de bikepacking : les v\u00e9los veloheld en acier et en titane temm\u00e8nent \u00e0 destination avec style et confort \u2013 jour apr\u00e8s jour. veloheld &#8211; V\u00e9los avec cadres en acier pour un usage quotidien, le gravel et l&amp;rsquo;aventure &nbsp; Chez veloheld, nous fabriquons des v\u00e9los [&hellip;]<\/p>\n","protected":false},"author":1,"featured_media":0,"parent":0,"menu_order":0,"comment_status":"closed","ping_status":"closed","template":"","meta":{"_et_pb_use_builder":"on","_et_pb_old_content":"","_et_gb_content_width":"","om_disable_all_campaigns":false,"_monsterinsights_skip_tracking":false,"_monsterinsights_sitenote_active":false,"_monsterinsights_sitenote_note":"","_monsterinsights_sitenote_category":0,"footnotes":""},"class_list":["post-9894","page","type-page","status-publish","hentry"],"aioseo_notices":[],"_links":{"self":[{"href":"https:\/\/gravel-bikes.cc\/fr\/wp-json\/wp\/v2\/pages\/9894","targetHints":{"allow":["GET"]}}],"collection":[{"href":"https:\/\/gravel-bikes.cc\/fr\/wp-json\/wp\/v2\/pages"}],"about":[{"href":"https:\/\/gravel-bikes.cc\/fr\/wp-json\/wp\/v2\/types\/page"}],"author":[{"embeddable":true,"href":"https:\/\/gravel-bikes.cc\/fr\/wp-json\/wp\/v2\/users\/1"}],"replies":[{"embeddable":true,"href":"https:\/\/gravel-bikes.cc\/fr\/wp-json\/wp\/v2\/comments?post=9894"}],"version-history":[{"count":1,"href":"https:\/\/gravel-bikes.cc\/fr\/wp-json\/wp\/v2\/pages\/9894\/revisions"}],"predecessor-version":[{"id":9900,"href":"https:\/\/gravel-bikes.cc\/fr\/wp-json\/wp\/v2\/pages\/9894\/revisions\/9900"}],"wp:attachment":[{"href":"https:\/\/gravel-bikes.cc\/fr\/wp-json\/wp\/v2\/media?parent=9894"}],"curies":[{"name":"wp","href":"https:\/\/api.w.org\/{rel}","templated":true}]}}