{"id":10011,"date":"2025-12-16T18:04:29","date_gmt":"2025-12-16T18:04:29","guid":{"rendered":"https:\/\/gravel-bikes.cc\/produkt\/lunettes-avventure-stelvio-noir\/"},"modified":"2025-12-16T18:04:29","modified_gmt":"2025-12-16T18:04:29","slug":"lunettes-avventure-stelvio-noir","status":"publish","type":"product","link":"https:\/\/gravel-bikes.cc\/fr\/produkt\/lunettes-avventure-stelvio-noir\/","title":{"rendered":"Lunettes AVVENTURE Stelvio NOIR"},"content":{"rendered":"<p><strong>CARACT\u00c9RISTIQUES<\/strong><\/p>\n<p>Monture en ac\u00e9tate de cellulose italien de 8 mm<br \/>\nPare-vent lat\u00e9ral en ac\u00e9tate contrastant<br \/>\nFabriqu\u00e9 \u00e0 la main en Italie<\/p>\n<p><strong>PLAQUETTES DE NEZ \/ BRANCHES ADH\u00c9RENTES<\/strong><br \/>\nCoussinets doux hypoallerg\u00e9niques pour un confort accru<br \/>\nForte adh\u00e9rence pour un maintien s\u00fbr m\u00eame en cas de pluie ou de transpiration<\/p>\n<p><strong>VERRE \u00c0 VISION AVANC\u00c9E | TEINTE MARRON PERFORMANCE<\/strong><br \/>\nAm\u00e9liore la visibilit\u00e9 en pleine lumi\u00e8re et dans des environnements variables<br \/>\nAm\u00e9liore le contraste et fait ressortir les d\u00e9tails, facilitant la perception du relief et des dangers \u00e0 venir<br \/>\nR\u00e9duit l\u2019\u00e9blouissement tout en laissant visibles les dangers tels que le verglas, l\u2019eau et l\u2019huile<br \/>\nLe rev\u00eatement antireflet r\u00e9duit les reflets arri\u00e8re<br \/>\nL\u2019optimisation LCD permet une lecture facile des appareils dans des conditions lumineuses<br \/>\nLe rev\u00eatement hydrophobe d\u00e9perlant garde le verre exempt de sueur et de pluie<br \/>\nUn rev\u00eatement ol\u00e9ophobe r\u00e9sistant aux taches aide \u00e0 \u00e9viter que les empreintes digitales et la poussi\u00e8re n\u2019obstruent la vue<br \/>\nUne surface anti-rayures emp\u00eache les verres de marquer suite \u00e0 l\u2019usure l\u00e9g\u00e8re<br \/>\nProtection \u00e0 100 % contre les rayons UV nocifs<\/p>\n<p><strong>TAILLE <\/strong><br \/>\nLongueur des branches : 145 mm<br \/>\nLargeur totale de la monture : 144 mm<br \/>\nLargeur des verres : 58 mm<br \/>\nHauteur des verres : 55 mm<br \/>\nPont : 16 mm<\/p>\n","protected":false},"excerpt":{"rendered":"<p>CARACT\u00c9RISTIQUES Monture en ac\u00e9tate de cellulose italien de 8 mm Pare-vent lat\u00e9ral en ac\u00e9tate contrastant Fabriqu\u00e9 \u00e0 la main en Italie PLAQUETTES DE NEZ \/ BRANCHES ADH\u00c9RENTES Coussinets doux hypoallerg\u00e9niques pour un confort accru Forte adh\u00e9rence pour un maintien s\u00fbr m\u00eame en cas de pluie ou de transpiration VERRE \u00c0 VISION AVANC\u00c9E | TEINTE MARRON [&hellip;]<\/p>\n","protected":false},"featured_media":1126,"template":"","meta":{"_et_pb_use_builder":"","_et_pb_old_content":"","_et_gb_content_width":"","om_disable_all_campaigns":false,"_monsterinsights_skip_tracking":false,"_monsterinsights_sitenote_active":false,"_monsterinsights_sitenote_note":"","_monsterinsights_sitenote_category":0},"pwb-brand":[],"product_brand":[],"product_cat":[898],"product_tag":[],"class_list":{"0":"post-10011","1":"product","2":"type-product","3":"status-publish","4":"has-post-thumbnail","6":"product_cat-avventure","8":"first","9":"instock","10":"taxable","11":"shipping-taxable","12":"purchasable","13":"product-type-simple"},"aioseo_notices":[],"brands":[],"_links":{"self":[{"href":"https:\/\/gravel-bikes.cc\/fr\/wp-json\/wp\/v2\/product\/10011","targetHints":{"allow":["GET"]}}],"collection":[{"href":"https:\/\/gravel-bikes.cc\/fr\/wp-json\/wp\/v2\/product"}],"about":[{"href":"https:\/\/gravel-bikes.cc\/fr\/wp-json\/wp\/v2\/types\/product"}],"wp:featuredmedia":[{"embeddable":true,"href":"https:\/\/gravel-bikes.cc\/fr\/wp-json\/wp\/v2\/media\/1126"}],"wp:attachment":[{"href":"https:\/\/gravel-bikes.cc\/fr\/wp-json\/wp\/v2\/media?parent=10011"}],"wp:term":[{"taxonomy":"pwb-brand","embeddable":true,"href":"https:\/\/gravel-bikes.cc\/fr\/wp-json\/wp\/v2\/pwb-brand?post=10011"},{"taxonomy":"product_brand","embeddable":true,"href":"https:\/\/gravel-bikes.cc\/fr\/wp-json\/wp\/v2\/product_brand?post=10011"},{"taxonomy":"product_cat","embeddable":true,"href":"https:\/\/gravel-bikes.cc\/fr\/wp-json\/wp\/v2\/product_cat?post=10011"},{"taxonomy":"product_tag","embeddable":true,"href":"https:\/\/gravel-bikes.cc\/fr\/wp-json\/wp\/v2\/product_tag?post=10011"}],"curies":[{"name":"wp","href":"https:\/\/api.w.org\/{rel}","templated":true}]}}