{"id":10073,"date":"2025-12-15T10:59:36","date_gmt":"2025-12-15T10:59:36","guid":{"rendered":"https:\/\/gravel-bikes.cc\/produkt\/boitier-de-pedalier-rotor-ubb4630-386-acier\/"},"modified":"2025-12-15T10:59:36","modified_gmt":"2025-12-15T10:59:36","slug":"boitier-de-pedalier-rotor-ubb4630-386-acier","status":"publish","type":"product","link":"https:\/\/gravel-bikes.cc\/fr\/produkt\/boitier-de-pedalier-rotor-ubb4630-386-acier\/","title":{"rendered":"Bo\u00eetier de p\u00e9dalier Rotor UBB4630 386 acier"},"content":{"rendered":"","protected":false},"excerpt":{"rendered":"<p><strong>Rotor UBB4630 386 BB acier<\/strong>. Toi, ou plus pr\u00e9cis\u00e9ment ton choix de cadre, nous a motiv\u00e9s \u00e0 relever les d\u00e9fis li\u00e9s au montage et \u00e0 la durabilit\u00e9 du bo\u00eetier de p\u00e9dalier \u2013 merci. Nous avons relev\u00e9 le d\u00e9fi d\u2019am\u00e9liorer les soi-disant standards de bo\u00eetier de p\u00e9dalier pour te proposer l\u2019UBB4630. Fabriqu\u00e9 en alliage d\u2019aluminium s\u00e9rie 7000, l\u2019UBB4630 utilise une douille filet\u00e9e pour verrouiller les deux cuvettes en place \u2013 sans que tout l\u2019effort de verrouillage repose sur la coque press-fit, ce qui assure une rotation uniforme et \u00e9vite les bruits ind\u00e9sirables. L\u2019ajustement affleurant dans la zone press-fit emp\u00eache la surcharge des roulements et am\u00e9liore aussi leur alignement pour une dur\u00e9e de vie plus longue. La position externe des roulements offre une rotation plus fluide et une rigidit\u00e9 accrue de la coque de bo\u00eetier de p\u00e9dalier pour les standards PF30 et BBright. La douille interne emp\u00eache aussi les guides de c\u00e2bles de frotter contre les pi\u00e8ces en rotation      <\/p>\n<p>Compatibilit\u00e9<\/p>\n<p>https:\/\/rotorbike.com\/ge-de\/mwdownloads\/download\/link\/id\/104<\/p>\n","protected":false},"featured_media":1067,"template":"","meta":{"_et_pb_use_builder":"","_et_pb_old_content":"","_et_gb_content_width":"","om_disable_all_campaigns":false,"_monsterinsights_skip_tracking":false,"_monsterinsights_sitenote_active":false,"_monsterinsights_sitenote_note":"","_monsterinsights_sitenote_category":0},"pwb-brand":[],"product_brand":[],"product_cat":[920],"product_tag":[921],"class_list":{"0":"post-10073","1":"product","2":"type-product","3":"status-publish","4":"has-post-thumbnail","6":"product_cat-boitiers-de-pedalier","7":"product_tag-boitiers-de-pedalier","9":"first","10":"instock","11":"sale","12":"taxable","13":"shipping-taxable","14":"purchasable","15":"product-type-simple"},"aioseo_notices":[],"brands":[],"_links":{"self":[{"href":"https:\/\/gravel-bikes.cc\/fr\/wp-json\/wp\/v2\/product\/10073","targetHints":{"allow":["GET"]}}],"collection":[{"href":"https:\/\/gravel-bikes.cc\/fr\/wp-json\/wp\/v2\/product"}],"about":[{"href":"https:\/\/gravel-bikes.cc\/fr\/wp-json\/wp\/v2\/types\/product"}],"wp:featuredmedia":[{"embeddable":true,"href":"https:\/\/gravel-bikes.cc\/fr\/wp-json\/wp\/v2\/media\/1067"}],"wp:attachment":[{"href":"https:\/\/gravel-bikes.cc\/fr\/wp-json\/wp\/v2\/media?parent=10073"}],"wp:term":[{"taxonomy":"pwb-brand","embeddable":true,"href":"https:\/\/gravel-bikes.cc\/fr\/wp-json\/wp\/v2\/pwb-brand?post=10073"},{"taxonomy":"product_brand","embeddable":true,"href":"https:\/\/gravel-bikes.cc\/fr\/wp-json\/wp\/v2\/product_brand?post=10073"},{"taxonomy":"product_cat","embeddable":true,"href":"https:\/\/gravel-bikes.cc\/fr\/wp-json\/wp\/v2\/product_cat?post=10073"},{"taxonomy":"product_tag","embeddable":true,"href":"https:\/\/gravel-bikes.cc\/fr\/wp-json\/wp\/v2\/product_tag?post=10073"}],"curies":[{"name":"wp","href":"https:\/\/api.w.org\/{rel}","templated":true}]}}