{"id":10371,"date":"2026-03-01T11:19:42","date_gmt":"2026-03-01T11:19:42","guid":{"rendered":"https:\/\/gravel-bikes.cc\/produkt\/kit-tubeless-conti-terra-40-mm\/"},"modified":"2026-03-01T11:19:42","modified_gmt":"2026-03-01T11:19:42","slug":"kit-tubeless-conti-terra-40-mm","status":"publish","type":"product","link":"https:\/\/gravel-bikes.cc\/fr\/produkt\/kit-tubeless-conti-terra-40-mm\/","title":{"rendered":"KIT TUBELESS CONTI TERRA 40 mm"},"content":{"rendered":"<p>2x pneus Continental Terra 40mm<\/p>\n<p>Valves Tubeless Pirelli<\/p>\n<p>Les nouvelles valves tubeless de Pirelli offrent une compatibilit\u00e9 universelle et une fiabilit\u00e9 maximale pour tous les types de roues. Chaque pack contient deux valves Presta avec obus de valve amovibles (RVC), un outil dinstallation et des capuchons en plastique. <\/p>\n<p>Disponibles en trois longueurs (40 mm, 60 mm, 80 mm), elles sont l\u00e9g\u00e8res, robustes et assurent une \u00e9tanch\u00e9it\u00e9 optimale. Fabriqu\u00e9es en Italie, elles sont le choix id\u00e9al pour ceux qui recherchent qualit\u00e9, efficacit\u00e9 et une installation tubeless facile. <\/p>\n<p>Liquide pr\u00e9ventif tubeless Pirelli pour deux pneus<\/p>\n<ul>\n<li><strong>Sans ammoniaque  prot\u00e8ge la jante, r\u00e9duit lusure et la corrosion<\/strong><\/li>\n<li><strong>Sans latex et sans prot\u00e9ines pour r\u00e9duire le risque de r\u00e9actions cutan\u00e9es allergiques<\/strong><\/li>\n<li><strong>Ne laisse aucun r\u00e9sidu collant dans le pneu<\/strong><\/li>\n<li><strong>Compatible avec une large plage de temp\u00e9ratures (-20 \u00b0C\/68 \u00b0F \u00e0 70 \u00b0C\/158 \u00b0F)<\/strong><\/li>\n<li><strong>Compatible avec une large plage de pressions dair (1 \u00e0 7 bars \/ 15 PSI \u00e0 100 PSI)<\/strong><\/li>\n<li><strong>Compatible avec une r\u00e9paration durgence au CO2. (Le CO2 acc\u00e9l\u00e8re la coagulation, le liquide doit donc \u00eatre remplac\u00e9 apr\u00e8s coup) <\/strong><\/li>\n<\/ul>\n<p>Fond de jante tubeless Schwalbe.<\/p>\n","protected":false},"excerpt":{"rendered":"<p>2x pneus Continental Terra 40mm Valves Tubeless Pirelli Les nouvelles valves tubeless de Pirelli offrent une compatibilit\u00e9 universelle et une fiabilit\u00e9 maximale pour tous les types de roues. Chaque pack contient deux valves Presta avec obus de valve amovibles (RVC), un outil dinstallation et des capuchons en plastique. Disponibles en trois longueurs (40 mm, 60 [&hellip;]<\/p>\n","protected":false},"featured_media":8157,"template":"","meta":{"_et_pb_use_builder":"","_et_pb_old_content":"","_et_gb_content_width":"","om_disable_all_campaigns":false,"_monsterinsights_skip_tracking":false,"_monsterinsights_sitenote_active":false,"_monsterinsights_sitenote_note":"","_monsterinsights_sitenote_category":0},"pwb-brand":[],"product_brand":[],"product_cat":[824],"product_tag":[818,819],"class_list":{"0":"post-10371","1":"product","2":"type-product","3":"status-publish","4":"has-post-thumbnail","6":"product_cat-pneus-kits-tubeless","7":"product_tag-continental-terra","8":"product_tag-pneus-gravel","9":"product_shipping_class-petites-pieces","11":"first","12":"instock","13":"sale","14":"taxable","15":"shipping-taxable","16":"purchasable","17":"product-type-variable"},"aioseo_notices":[],"brands":[],"_links":{"self":[{"href":"https:\/\/gravel-bikes.cc\/fr\/wp-json\/wp\/v2\/product\/10371","targetHints":{"allow":["GET"]}}],"collection":[{"href":"https:\/\/gravel-bikes.cc\/fr\/wp-json\/wp\/v2\/product"}],"about":[{"href":"https:\/\/gravel-bikes.cc\/fr\/wp-json\/wp\/v2\/types\/product"}],"wp:featuredmedia":[{"embeddable":true,"href":"https:\/\/gravel-bikes.cc\/fr\/wp-json\/wp\/v2\/media\/8157"}],"wp:attachment":[{"href":"https:\/\/gravel-bikes.cc\/fr\/wp-json\/wp\/v2\/media?parent=10371"}],"wp:term":[{"taxonomy":"pwb-brand","embeddable":true,"href":"https:\/\/gravel-bikes.cc\/fr\/wp-json\/wp\/v2\/pwb-brand?post=10371"},{"taxonomy":"product_brand","embeddable":true,"href":"https:\/\/gravel-bikes.cc\/fr\/wp-json\/wp\/v2\/product_brand?post=10371"},{"taxonomy":"product_cat","embeddable":true,"href":"https:\/\/gravel-bikes.cc\/fr\/wp-json\/wp\/v2\/product_cat?post=10371"},{"taxonomy":"product_tag","embeddable":true,"href":"https:\/\/gravel-bikes.cc\/fr\/wp-json\/wp\/v2\/product_tag?post=10371"}],"curies":[{"name":"wp","href":"https:\/\/api.w.org\/{rel}","templated":true}]}}