{"id":10372,"date":"2026-02-20T17:58:42","date_gmt":"2026-02-20T17:58:42","guid":{"rendered":"https:\/\/gravel-bikes.cc\/produkt\/sacoche-de-cadre-integrale-apidura-expedition\/"},"modified":"2026-02-20T17:58:42","modified_gmt":"2026-02-20T17:58:42","slug":"sacoche-de-cadre-integrale-apidura-expedition","status":"publish","type":"product","link":"https:\/\/gravel-bikes.cc\/fr\/produkt\/sacoche-de-cadre-integrale-apidura-expedition\/","title":{"rendered":"Sacoche de cadre int\u00e9grale APIDURA Expedition"},"content":{"rendered":"<p>Une sacoche de cadre int\u00e9grale \u00e9tanche et durable, con\u00e7ue pour maximiser lespace de rangement au sein du cadre pour tes sorties sur plusieurs jours.<\/p>\n<p>En occupant le triangle principal du cadre, lExpedition Full Frame Pack cr\u00e9e un grand espace pour ranger ton \u00e9quipement le plus lourd lors de tes longs p\u00e9riples. Le centre de gravit\u00e9 bas qui en r\u00e9sulte garantit un pilotage naturel tout en offrant un volume de rangement important. Latout id\u00e9al pour toute configuration de bikepacking longue distance.  <\/p>\n<p>Cette sacoche est compatible avec la <a href=\"https:\/\/www.apidura.com\/shop\/frame-pack-hydration-bladder\/\">poche \u00e0 eau pour sacoche de cadre,<\/a> ce qui permet de transporter de l\u2019eau facilement accessible sans porte-bidons.<\/p>\n<p>\u2013 Construction durable<br \/>\n\u2013 Capacit\u00e9 maximis\u00e9e<br \/>\n\u2013 Compatible avec sacoche de tube sup\u00e9rieur<br \/>\n\u2013 Compatible avec poche \u00e0 eau<br \/>\n\u2013 \u00c9tanch\u00e9it\u00e9 par coutures soud\u00e9es<\/p>\n","protected":false},"excerpt":{"rendered":"<p>Une sacoche de cadre int\u00e9grale \u00e9tanche et durable, con\u00e7ue pour maximiser lespace de rangement au sein du cadre pour tes sorties sur plusieurs jours. En occupant le triangle principal du cadre, lExpedition Full Frame Pack cr\u00e9e un grand espace pour ranger ton \u00e9quipement le plus lourd lors de tes longs p\u00e9riples. Le centre de gravit\u00e9 [&hellip;]<\/p>\n","protected":false},"featured_media":7745,"template":"","meta":{"_et_pb_use_builder":"","_et_pb_old_content":"","_et_gb_content_width":"","om_disable_all_campaigns":false,"_monsterinsights_skip_tracking":false,"_monsterinsights_sitenote_active":false,"_monsterinsights_sitenote_note":"","_monsterinsights_sitenote_category":0},"pwb-brand":[],"product_brand":[],"product_cat":[848],"product_tag":[],"class_list":{"0":"post-10372","1":"product","2":"type-product","3":"status-publish","4":"has-post-thumbnail","6":"product_cat-sacoches-de-bikepacking","7":"product_shipping_class-petites-pieces","9":"first","10":"instock","11":"taxable","12":"shipping-taxable","13":"purchasable","14":"product-type-simple"},"aioseo_notices":[],"brands":[],"_links":{"self":[{"href":"https:\/\/gravel-bikes.cc\/fr\/wp-json\/wp\/v2\/product\/10372","targetHints":{"allow":["GET"]}}],"collection":[{"href":"https:\/\/gravel-bikes.cc\/fr\/wp-json\/wp\/v2\/product"}],"about":[{"href":"https:\/\/gravel-bikes.cc\/fr\/wp-json\/wp\/v2\/types\/product"}],"wp:featuredmedia":[{"embeddable":true,"href":"https:\/\/gravel-bikes.cc\/fr\/wp-json\/wp\/v2\/media\/7745"}],"wp:attachment":[{"href":"https:\/\/gravel-bikes.cc\/fr\/wp-json\/wp\/v2\/media?parent=10372"}],"wp:term":[{"taxonomy":"pwb-brand","embeddable":true,"href":"https:\/\/gravel-bikes.cc\/fr\/wp-json\/wp\/v2\/pwb-brand?post=10372"},{"taxonomy":"product_brand","embeddable":true,"href":"https:\/\/gravel-bikes.cc\/fr\/wp-json\/wp\/v2\/product_brand?post=10372"},{"taxonomy":"product_cat","embeddable":true,"href":"https:\/\/gravel-bikes.cc\/fr\/wp-json\/wp\/v2\/product_cat?post=10372"},{"taxonomy":"product_tag","embeddable":true,"href":"https:\/\/gravel-bikes.cc\/fr\/wp-json\/wp\/v2\/product_tag?post=10372"}],"curies":[{"name":"wp","href":"https:\/\/api.w.org\/{rel}","templated":true}]}}