{"id":10377,"date":"2026-02-20T17:47:43","date_gmt":"2026-02-20T17:47:43","guid":{"rendered":"https:\/\/gravel-bikes.cc\/produkt\/apidura-sac-de-cadre\/"},"modified":"2026-02-20T17:47:43","modified_gmt":"2026-02-20T17:47:43","slug":"apidura-sac-de-cadre","status":"publish","type":"product","link":"https:\/\/gravel-bikes.cc\/fr\/produkt\/apidura-sac-de-cadre\/","title":{"rendered":"APIDURA SAC DE CADRE"},"content":{"rendered":"<p>Un sac de cadre \u00e9tanche et durable, con\u00e7u pour la fiabilit\u00e9 et la polyvalence, parfait pour tes trajets quotidiens et tes aventures de plusieurs jours.<\/p>\n<p>Se fixant solidement \u00e0 l\u2019int\u00e9rieur du cadre, le sac de cadre Expedition aide \u00e0 centrer le poids transport\u00e9, permettant une conduite plus naturelle du v\u00e9lo. Sa construction \u00e9tanche, durable et l\u00e9g\u00e8re en fait un composant cl\u00e9 des configurations de bikepacking plus importantes. Son design discret le rend \u00e9galement id\u00e9al pour une utilisation autonome lors de tes trajets quotidiens.  <\/p>\n<p>Disponible en plusieurs options pour s\u2019adapter \u00e0 diff\u00e9rentes tailles et formes de cadre. Les sacs compacts conviennent g\u00e9n\u00e9ralement aux g\u00e9om\u00e9tries de cadre modernes en carbone ou en alliage. Les sacs hauts sont con\u00e7us pour les cadres en acier ou en titane avec des douilles de direction plus longues. Utilise notre <a href=\"https:\/\/www.apidura.com\/frame-pack-sizing\/\">outil de dimensionnement interactif<\/a> pour trouver l\u2019ajustement parfait pour ton v\u00e9lo.   <\/p>\n<p>\u2013 Construction durable<br \/>\n\u2013 Compatible avec les sacs de tube sup\u00e9rieur<br \/>\n\u2013 Port de c\u00e2ble pour le chargement d\u2019appareils<br \/>\n\u2013 \u00c9tanch\u00e9it\u00e9 par soudures<\/p>\n<p>&nbsp;<\/p>\n","protected":false},"excerpt":{"rendered":"<p>Un sac de cadre \u00e9tanche et durable, con\u00e7u pour la fiabilit\u00e9 et la polyvalence, parfait pour tes trajets quotidiens et tes aventures de plusieurs jours. Se fixant solidement \u00e0 l\u2019int\u00e9rieur du cadre, le sac de cadre Expedition aide \u00e0 centrer le poids transport\u00e9, permettant une conduite plus naturelle du v\u00e9lo. Sa construction \u00e9tanche, durable et [&hellip;]<\/p>\n","protected":false},"featured_media":7736,"template":"","meta":{"_et_pb_use_builder":"","_et_pb_old_content":"","_et_gb_content_width":"","om_disable_all_campaigns":false,"_monsterinsights_skip_tracking":false,"_monsterinsights_sitenote_active":false,"_monsterinsights_sitenote_note":"","_monsterinsights_sitenote_category":0},"pwb-brand":[],"product_brand":[],"product_cat":[756,848],"product_tag":[],"class_list":{"0":"post-10377","1":"product","2":"type-product","3":"status-publish","4":"has-post-thumbnail","6":"product_cat-non-classe","7":"product_cat-sacoches-de-bikepacking","9":"first","10":"instock","11":"taxable","12":"shipping-taxable","13":"product-type-simple"},"aioseo_notices":[],"brands":[],"_links":{"self":[{"href":"https:\/\/gravel-bikes.cc\/fr\/wp-json\/wp\/v2\/product\/10377","targetHints":{"allow":["GET"]}}],"collection":[{"href":"https:\/\/gravel-bikes.cc\/fr\/wp-json\/wp\/v2\/product"}],"about":[{"href":"https:\/\/gravel-bikes.cc\/fr\/wp-json\/wp\/v2\/types\/product"}],"wp:featuredmedia":[{"embeddable":true,"href":"https:\/\/gravel-bikes.cc\/fr\/wp-json\/wp\/v2\/media\/7736"}],"wp:attachment":[{"href":"https:\/\/gravel-bikes.cc\/fr\/wp-json\/wp\/v2\/media?parent=10377"}],"wp:term":[{"taxonomy":"pwb-brand","embeddable":true,"href":"https:\/\/gravel-bikes.cc\/fr\/wp-json\/wp\/v2\/pwb-brand?post=10377"},{"taxonomy":"product_brand","embeddable":true,"href":"https:\/\/gravel-bikes.cc\/fr\/wp-json\/wp\/v2\/product_brand?post=10377"},{"taxonomy":"product_cat","embeddable":true,"href":"https:\/\/gravel-bikes.cc\/fr\/wp-json\/wp\/v2\/product_cat?post=10377"},{"taxonomy":"product_tag","embeddable":true,"href":"https:\/\/gravel-bikes.cc\/fr\/wp-json\/wp\/v2\/product_tag?post=10377"}],"curies":[{"name":"wp","href":"https:\/\/api.w.org\/{rel}","templated":true}]}}