{"id":10382,"date":"2026-02-20T17:06:11","date_gmt":"2026-02-20T17:06:11","guid":{"rendered":"https:\/\/gravel-bikes.cc\/produkt\/sacoche-de-selle-apidura\/"},"modified":"2026-02-20T17:06:11","modified_gmt":"2026-02-20T17:06:11","slug":"sacoche-de-selle-apidura","status":"publish","type":"product","link":"https:\/\/gravel-bikes.cc\/fr\/produkt\/sacoche-de-selle-apidura\/","title":{"rendered":"Sacoche de selle APIDURA"},"content":{"rendered":"<p>Une sacoche de selle ultra-r\u00e9sistante et l\u00e9g\u00e8re, optimis\u00e9e pour les v\u00e9los avec un d\u00e9gagement limit\u00e9 de la roue arri\u00e8re lors de tes sorties tout-terrain.<\/p>\n<p>Parfaites pour l\u2019\u00e9quipement l\u00e9ger et compressible, ces sacoches de selle VTT offrent un compartiment spacieux sous la selle. Fix\u00e9es par un simple syst\u00e8me \u00e0 trois points, elles sont con\u00e7ues pour \u00eatre compatibles avec les tiges de selle t\u00e9lescopiques. L\u2019adaptateur de tige de selle t\u00e9lescopique optionnel (<a href=\"https:\/\/www.apidura.com\/shop\/backcountry-dropper-post-adapter\/\">Dropper Post Adapter<\/a>) offre un soutien suppl\u00e9mentaire et aide \u00e0 maintenir le d\u00e9gagement entre la sacoche et la roue.  <\/p>\n<p>\u2013 Compatible avec les tiges de selle t\u00e9lescopiques<br \/>\n\u2013 Panneaux r\u00e9sistants \u00e0 l\u2019abrasion<br \/>\n\u2013 Valve de d\u00e9compression d\u2019air<br \/>\n\u2013 Fixation anti-balancement<br \/>\n\u2013 \u00c9tanch\u00e9it\u00e9 par soudures<\/p>\n","protected":false},"excerpt":{"rendered":"<p>Une sacoche de selle ultra-r\u00e9sistante et l\u00e9g\u00e8re, optimis\u00e9e pour les v\u00e9los avec un d\u00e9gagement limit\u00e9 de la roue arri\u00e8re lors de tes sorties tout-terrain. Parfaites pour l\u2019\u00e9quipement l\u00e9ger et compressible, ces sacoches de selle VTT offrent un compartiment spacieux sous la selle. Fix\u00e9es par un simple syst\u00e8me \u00e0 trois points, elles sont con\u00e7ues pour \u00eatre [&hellip;]<\/p>\n","protected":false},"featured_media":7688,"template":"","meta":{"_et_pb_use_builder":"","_et_pb_old_content":"","_et_gb_content_width":"","om_disable_all_campaigns":false,"_monsterinsights_skip_tracking":false,"_monsterinsights_sitenote_active":false,"_monsterinsights_sitenote_note":"","_monsterinsights_sitenote_category":0},"pwb-brand":[],"product_brand":[],"product_cat":[848],"product_tag":[879],"class_list":{"0":"post-10382","1":"product","2":"type-product","3":"status-publish","4":"has-post-thumbnail","6":"product_cat-sacoches-de-bikepacking","7":"product_tag-bikepacking","9":"first","10":"instock","11":"taxable","12":"shipping-taxable","13":"purchasable","14":"product-type-variable"},"aioseo_notices":[],"brands":[],"_links":{"self":[{"href":"https:\/\/gravel-bikes.cc\/fr\/wp-json\/wp\/v2\/product\/10382","targetHints":{"allow":["GET"]}}],"collection":[{"href":"https:\/\/gravel-bikes.cc\/fr\/wp-json\/wp\/v2\/product"}],"about":[{"href":"https:\/\/gravel-bikes.cc\/fr\/wp-json\/wp\/v2\/types\/product"}],"wp:featuredmedia":[{"embeddable":true,"href":"https:\/\/gravel-bikes.cc\/fr\/wp-json\/wp\/v2\/media\/7688"}],"wp:attachment":[{"href":"https:\/\/gravel-bikes.cc\/fr\/wp-json\/wp\/v2\/media?parent=10382"}],"wp:term":[{"taxonomy":"pwb-brand","embeddable":true,"href":"https:\/\/gravel-bikes.cc\/fr\/wp-json\/wp\/v2\/pwb-brand?post=10382"},{"taxonomy":"product_brand","embeddable":true,"href":"https:\/\/gravel-bikes.cc\/fr\/wp-json\/wp\/v2\/product_brand?post=10382"},{"taxonomy":"product_cat","embeddable":true,"href":"https:\/\/gravel-bikes.cc\/fr\/wp-json\/wp\/v2\/product_cat?post=10382"},{"taxonomy":"product_tag","embeddable":true,"href":"https:\/\/gravel-bikes.cc\/fr\/wp-json\/wp\/v2\/product_tag?post=10382"}],"curies":[{"name":"wp","href":"https:\/\/api.w.org\/{rel}","templated":true}]}}