{"id":10383,"date":"2026-02-20T19:01:28","date_gmt":"2026-02-20T19:01:28","guid":{"rendered":"https:\/\/gravel-bikes.cc\/produkt\/enve-fray-force-enve-ses-45\/"},"modified":"2026-03-22T14:01:40","modified_gmt":"2026-03-22T14:01:40","slug":"enve-fray-force-enve-ses-45","status":"publish","type":"product","link":"https:\/\/gravel-bikes.cc\/fr\/produkt\/enve-fray-force-enve-ses-45\/","title":{"rendered":"ENVE FRAY &#8211; Force &#8211; Enve SES 45"},"content":{"rendered":"<p>[et_pb_section fb_built=&#8221;1&#8243; _builder_version=&#8221;4.27.5&#8243; _module_preset=&#8221;default&#8221; global_colors_info=&#8221;{}&#8221;][et_pb_row _builder_version=&#8221;4.27.5&#8243; _module_preset=&#8221;default&#8221; global_colors_info=&#8221;{}&#8221;][et_pb_column type=&#8221;4_4&#8243; _builder_version=&#8221;4.27.5&#8243; _module_preset=&#8221;default&#8221; global_colors_info=&#8221;{}&#8221;][et_pb_image src=&#8221;https:\/\/gravel-bikes.cc\/wp-content\/uploads\/2025\/12\/ENVE-Fray-Girona-328_7ece174f-b6f1-4f8d-8d8d-b34284398e99.webp&#8221; title_text=&#8221;ENVE-Fray-Girona-328_7ece174f-b6f1-4f8d-8d8d-b34284398e99&#8243; _builder_version=&#8221;4.27.5&#8243; _module_preset=&#8221;default&#8221; global_colors_info=&#8221;{}&#8221;][\/et_pb_image][\/et_pb_column][\/et_pb_row][\/et_pb_section][et_pb_section fb_built=&#8221;1&#8243; _builder_version=&#8221;4.16&#8243; custom_padding=&#8221;0px||||false|false&#8221; global_colors_info=&#8221;{}&#8221;][et_pb_row _builder_version=&#8221;4.16&#8243; background_size=&#8221;initial&#8221; background_position=&#8221;top_left&#8221; background_repeat=&#8221;repeat&#8221; width=&#8221;100%&#8221; custom_padding=&#8221;0px||0px||false|false&#8221; global_colors_info=&#8221;{}&#8221;][et_pb_column type=&#8221;4_4&#8243; _builder_version=&#8221;4.16&#8243; custom_padding=&#8221;|||&#8221; global_colors_info=&#8221;{}&#8221; custom_padding__hover=&#8221;|||&#8221;][et_pb_wc_breadcrumb _builder_version=&#8221;4.16&#8243; global_colors_info=&#8221;{}&#8221;][\/et_pb_wc_breadcrumb][et_pb_wc_cart_notice _builder_version=&#8221;4.16&#8243; global_colors_info=&#8221;{}&#8221;][\/et_pb_wc_cart_notice][\/et_pb_column][\/et_pb_row][et_pb_row column_structure=&#8221;1_2,1_2&#8243; _builder_version=&#8221;4.16&#8243; background_size=&#8221;initial&#8221; background_position=&#8221;top_left&#8221; background_repeat=&#8221;repeat&#8221; width=&#8221;100%&#8221; custom_padding=&#8221;0px||||false|false&#8221; global_colors_info=&#8221;{}&#8221;][et_pb_column type=&#8221;1_2&#8243; _builder_version=&#8221;4.16&#8243; custom_padding=&#8221;|||&#8221; global_colors_info=&#8221;{}&#8221; custom_padding__hover=&#8221;|||&#8221;][et_pb_wc_images _builder_version=&#8221;4.16&#8243; global_colors_info=&#8221;{}&#8221;][\/et_pb_wc_images][et_pb_image src=&#8221;https:\/\/gravel-bikes.cc\/wp-content\/uploads\/2026\/02\/ENVE_MY26_Color_CB_FRAY_GREEN_FQRT_6c17daec-15a9-44ed-8702-221d1f69db3d.webp&#8221; title_text=&#8221;ENVE_MY26_Color_CB_FRAY_GREEN_FQRT_6c17daec-15a9-44ed-8702-221d1f69db3d&#8221; _builder_version=&#8221;4.27.6&#8243; _module_preset=&#8221;default&#8221; global_colors_info=&#8221;{}&#8221;][\/et_pb_image][\/et_pb_column][et_pb_column type=&#8221;1_2&#8243; _builder_version=&#8221;4.16&#8243; custom_padding=&#8221;|||&#8221; global_colors_info=&#8221;{}&#8221; custom_padding__hover=&#8221;|||&#8221;][et_pb_wc_title _builder_version=&#8221;4.16&#8243; global_colors_info=&#8221;{}&#8221;][\/et_pb_wc_title][et_pb_wc_rating _builder_version=&#8221;4.16&#8243; global_colors_info=&#8221;{}&#8221;][\/et_pb_wc_rating][et_pb_wc_price _builder_version=&#8221;4.16&#8243; global_colors_info=&#8221;{}&#8221;][\/et_pb_wc_price][et_pb_wc_description _builder_version=&#8221;4.16&#8243; global_colors_info=&#8221;{}&#8221;][\/et_pb_wc_description][et_pb_wc_add_to_cart _builder_version=&#8221;4.16&#8243; global_colors_info=&#8221;{}&#8221;][\/et_pb_wc_add_to_cart][et_pb_wc_meta _builder_version=&#8221;4.16&#8243; global_colors_info=&#8221;{}&#8221;][\/et_pb_wc_meta][\/et_pb_column][\/et_pb_row][et_pb_row column_structure=&#8221;1_3,1_3,1_3&#8243; _builder_version=&#8221;4.27.5&#8243; _module_preset=&#8221;default&#8221; global_colors_info=&#8221;{}&#8221;][et_pb_column type=&#8221;1_3&#8243; _builder_version=&#8221;4.27.5&#8243; _module_preset=&#8221;default&#8221; global_colors_info=&#8221;{}&#8221;][et_pb_button button_text=&#8221;LEASING V\u00c9LO&#8221; _builder_version=&#8221;4.27.5&#8243; _module_preset=&#8221;default&#8221; global_colors_info=&#8221;{}&#8221;][\/et_pb_button][\/et_pb_column][et_pb_column type=&#8221;1_3&#8243; _builder_version=&#8221;4.27.5&#8243; _module_preset=&#8221;default&#8221; global_colors_info=&#8221;{}&#8221;][et_pb_button button_text=&#8221;FINANCEMENT&#8221; _builder_version=&#8221;4.27.5&#8243; _module_preset=&#8221;default&#8221; global_colors_info=&#8221;{}&#8221;][\/et_pb_button][\/et_pb_column][et_pb_column type=&#8221;1_3&#8243; _builder_version=&#8221;4.27.5&#8243; _module_preset=&#8221;default&#8221; global_colors_info=&#8221;{}&#8221;][et_pb_button button_text=&#8221;ASSURANCE&#8221; _builder_version=&#8221;4.27.5&#8243; _module_preset=&#8221;default&#8221; global_colors_info=&#8221;{}&#8221;][\/et_pb_button][\/et_pb_column][\/et_pb_row][et_pb_row column_structure=&#8221;1_3,1_3,1_3&#8243; _builder_version=&#8221;4.27.5&#8243; _module_preset=&#8221;default&#8221; global_colors_info=&#8221;{}&#8221;][et_pb_column type=&#8221;1_3&#8243; _builder_version=&#8221;4.27.5&#8243; _module_preset=&#8221;default&#8221; global_colors_info=&#8221;{}&#8221;][et_pb_image src=&#8221;https:\/\/gravel-bikes.cc\/wp-content\/uploads\/2025\/12\/ENVE-MY24-Fray_Ash_03_b12b3081-d19e-4c81-9534-60f1b586e86f-1.webp&#8221; title_text=&#8221;ENVE-MY24-Fray_Ash_03_b12b3081-d19e-4c81-9534-60f1b586e86f&#8221; _builder_version=&#8221;4.27.5&#8243; _module_preset=&#8221;default&#8221; global_colors_info=&#8221;{}&#8221;][\/et_pb_image][\/et_pb_column][et_pb_column type=&#8221;1_3&#8243; _builder_version=&#8221;4.27.5&#8243; _module_preset=&#8221;default&#8221; global_colors_info=&#8221;{}&#8221;][et_pb_image src=&#8221;https:\/\/gravel-bikes.cc\/wp-content\/uploads\/2025\/12\/ENVE-Fray-Girona-435-1.webp&#8221; title_text=&#8221;ENVE-Fray-Girona-435&#8243; _builder_version=&#8221;4.27.5&#8243; _module_preset=&#8221;default&#8221; global_colors_info=&#8221;{}&#8221;][\/et_pb_image][\/et_pb_column][et_pb_column type=&#8221;1_3&#8243; _builder_version=&#8221;4.27.5&#8243; _module_preset=&#8221;default&#8221; global_colors_info=&#8221;{}&#8221;][et_pb_image src=&#8221;https:\/\/gravel-bikes.cc\/wp-content\/uploads\/2025\/12\/ENVE-Fray-Girona-328_7ece174f-b6f1-4f8d-8d8d-b34284398e99.webp&#8221; title_text=&#8221;ENVE-Fray-Girona-328_7ece174f-b6f1-4f8d-8d8d-b34284398e99&#8243; _builder_version=&#8221;4.27.5&#8243; _module_preset=&#8221;default&#8221; global_colors_info=&#8221;{}&#8221;][\/et_pb_image][\/et_pb_column][\/et_pb_row][et_pb_row _builder_version=&#8221;4.16&#8243; background_size=&#8221;initial&#8221; background_position=&#8221;top_left&#8221; background_repeat=&#8221;repeat&#8221; width=&#8221;100%&#8221; global_colors_info=&#8221;{}&#8221;][et_pb_column type=&#8221;4_4&#8243; _builder_version=&#8221;4.16&#8243; custom_padding=&#8221;|||&#8221; global_colors_info=&#8221;{}&#8221; custom_padding__hover=&#8221;|||&#8221;][et_pb_wc_tabs _builder_version=&#8221;4.16&#8243; global_colors_info=&#8221;{}&#8221;] [\/et_pb_wc_tabs][et_pb_wc_upsells _builder_version=&#8221;4.16&#8243; global_colors_info=&#8221;{}&#8221;][\/et_pb_wc_upsells][et_pb_wc_related_products _builder_version=&#8221;4.16&#8243; global_colors_info=&#8221;{}&#8221;][\/et_pb_wc_related_products][\/et_pb_column][\/et_pb_row][\/et_pb_section]<\/p>\n","protected":false},"excerpt":{"rendered":"<div class=\"product-block product-block--header\">\n<h1 class=\"h2 product-single__title\">Fray<\/h1>\n<\/div>\n<div data-product-blocks=\"\"><\/div>\n<div class=\"product-block product-block--header\">Le Fray incarne tout ce qu\u2019un v\u00e9lo all-road moderne doit \u00eatre : rapide sur l\u2019asphalte, serein sur la terre et con\u00e7u pour ceux qui voient chaque itin\u00e9raire comme une invitation. Sa polyvalence commence par un d\u00e9gagement g\u00e9n\u00e9reux permettant des pneus jusqu\u2019\u00e0 700c x 40 mm pour une tenue de route assur\u00e9e, que tu roules sur un bitume parfait, des routes agricoles oubli\u00e9es ou que tu transformes une longue sortie en aventure. Ajoute \u00e0 cela un rangement int\u00e9gr\u00e9 qui convertit l\u2019espace inutilis\u00e9 du tube diagonal en une capacit\u00e9 pratique et sans vibrations pour tes outils et essentiels, et tu obtiens un v\u00e9lo \u00e9pur\u00e9, silencieux et pr\u00eat pour l\u2019impr\u00e9vu sans compromis sur son esth\u00e9tique routi\u00e8re raffin\u00e9e.  <\/div>\n<div data-product-blocks=\"\">\n<div class=\"product-block\">\n<div class=\"rte\">\n<div class=\"x_x_elementToProof\"><\/div>\n<\/div>\n<\/div>\n<\/div>\n","protected":false},"featured_media":8144,"template":"","meta":{"_et_pb_use_builder":"on","_et_pb_old_content":"<ul class=\"build-list\">\n \t<li data-category=\"frame\"><span class=\"label\">Cadre<\/span><span class=\"product-selection\">Fray - Vert course britannique \/ 47 cm<\/span><\/li>\n \t<li data-category=\"drivetrain\"><span class=\"label\">P\u00e9dalier<\/span><span class=\"product-selection\">P\u00e9dalier SRAM Force 2x avec capteur de puissance - 165 mm \/ 48-35 d<\/span><\/li>\n \t<li data-category=\"groupsets\"><span class=\"label\">Groupe<\/span><span class=\"product-selection\">SRAM Force AXS 2x KIB<\/span><\/li>\n \t<li data-category=\"wheelsets\"><span class=\"label\">Roues<\/span><span class=\"product-selection\">Avant : SES 2.3 | Arri\u00e8re : SES 2.3 (ENVE Innerdrive Premium, XDR)<\/span><\/li>\n \t<li data-category=\"tires\"><span class=\"label\">Pneus<\/span><span class=\"product-selection\">Pneu route SES - 25c \/ Tan<\/span><\/li>\n \t<li data-category=\"handlebars\"><span class=\"label\">Cintre<\/span><span class=\"product-selection\">Cintre Aero IN-Route - 40 cm<\/span><\/li>\n \t<li data-category=\"stems\"><span class=\"label\">Potence<\/span><span class=\"product-selection\">Potence route Aero IN-Route - 80 mm \/ -7 deg<\/span><\/li>\n \t<li data-category=\"saddles\"><span class=\"label\">Selle<\/span><span class=\"product-selection\">Selle ENVE x Selle Italia Boost SLR - Carbone \/ 130 mm<\/span><\/li>\n \t<li data-category=\"seatposts\"><span class=\"label\">Tige de selle<\/span><span class=\"product-selection\">Tige de selle Aero - 275 mm \/ 0 mm<\/span><\/li>\n \t<li data-category=\"handlebar_tape\"><span class=\"label\">Guidoline<\/span><span class=\"product-selection\">Guidoline - Grise<\/span><\/li>\n \t<li data-category=\"bottle_cages\"><span class=\"label\">Porte-bidons<\/span><span class=\"product-selection\">Porte-bidon<\/span><\/li>\n \t<li data-category=\"computer_mounts\"><span class=\"label\">Support d\u2019ordinateur<\/span><span class=\"product-selection\">Int\u00e9gr\u00e9 au cintre<\/span><\/li>\n<\/ul>","_et_gb_content_width":"","om_disable_all_campaigns":false,"_monsterinsights_skip_tracking":false,"_monsterinsights_sitenote_active":false,"_monsterinsights_sitenote_note":"","_monsterinsights_sitenote_category":0},"pwb-brand":[],"product_brand":[],"product_cat":[815],"product_tag":[816,794],"class_list":{"0":"post-10383","1":"product","2":"type-product","3":"status-publish","4":"has-post-thumbnail","6":"product_cat-enve-fray","7":"product_tag-enve-fray","8":"product_tag-hambourg","9":"product_shipping_class-velo","11":"first","12":"instock","13":"sale","14":"taxable","15":"shipping-taxable","16":"purchasable","17":"product-type-variable"},"aioseo_notices":[],"brands":[],"_links":{"self":[{"href":"https:\/\/gravel-bikes.cc\/fr\/wp-json\/wp\/v2\/product\/10383","targetHints":{"allow":["GET"]}}],"collection":[{"href":"https:\/\/gravel-bikes.cc\/fr\/wp-json\/wp\/v2\/product"}],"about":[{"href":"https:\/\/gravel-bikes.cc\/fr\/wp-json\/wp\/v2\/types\/product"}],"wp:featuredmedia":[{"embeddable":true,"href":"https:\/\/gravel-bikes.cc\/fr\/wp-json\/wp\/v2\/media\/8144"}],"wp:attachment":[{"href":"https:\/\/gravel-bikes.cc\/fr\/wp-json\/wp\/v2\/media?parent=10383"}],"wp:term":[{"taxonomy":"pwb-brand","embeddable":true,"href":"https:\/\/gravel-bikes.cc\/fr\/wp-json\/wp\/v2\/pwb-brand?post=10383"},{"taxonomy":"product_brand","embeddable":true,"href":"https:\/\/gravel-bikes.cc\/fr\/wp-json\/wp\/v2\/product_brand?post=10383"},{"taxonomy":"product_cat","embeddable":true,"href":"https:\/\/gravel-bikes.cc\/fr\/wp-json\/wp\/v2\/product_cat?post=10383"},{"taxonomy":"product_tag","embeddable":true,"href":"https:\/\/gravel-bikes.cc\/fr\/wp-json\/wp\/v2\/product_tag?post=10383"}],"curies":[{"name":"wp","href":"https:\/\/api.w.org\/{rel}","templated":true}]}}