{"id":10388,"date":"2026-02-20T16:19:55","date_gmt":"2026-02-20T16:19:55","guid":{"rendered":"https:\/\/gravel-bikes.cc\/produkt\/sacoche-de-selle-apidura-racing\/"},"modified":"2026-02-20T16:19:55","modified_gmt":"2026-02-20T16:19:55","slug":"sacoche-de-selle-apidura-racing","status":"publish","type":"product","link":"https:\/\/gravel-bikes.cc\/fr\/produkt\/sacoche-de-selle-apidura-racing\/","title":{"rendered":"Sacoche de selle APIDURA Racing"},"content":{"rendered":"<p>Une sacoche de selle compacte et l\u00e9g\u00e8re, optimis\u00e9e pour la comp\u00e9tition ultra-distance et les sorties rapides.<\/p>\n<p>Parfaite pour ranger ton \u00e9quipement l\u00e9ger, son syst\u00e8me de fixation trois points la maintient solidement en place et r\u00e9duit la tra\u00een\u00e9e tandis que les d\u00e9tails r\u00e9fl\u00e9chissants am\u00e9liorent la visibilit\u00e9. Choisis 3 L pour les sorties rapides et l\u00e9g\u00e8res, les courses d&#8217;un jour ou l&#8217;Audax. Pour les courses de plusieurs jours, nous sugg\u00e9rons 5 L ou 7 L.  <\/p>\n<div class=\"ewa-rteLine\">\u2013 Construction l\u00e9g\u00e8re<\/div>\n<div class=\"ewa-rteLine\">\u2013 Valve de d\u00e9compression<\/div>\n<div class=\"ewa-rteLine\">\u2013 Fixation anti-balancement<\/div>\n<div class=\"ewa-rteLine\">\u2013 Capacit\u00e9 flexible<\/div>\n<div class=\"ewa-rteLine\">\u2013 \u00c9tanch\u00e9it\u00e9 par soudure des coutures<\/div>\n","protected":false},"excerpt":{"rendered":"<p>Une sacoche de selle compacte et l\u00e9g\u00e8re, optimis\u00e9e pour la comp\u00e9tition ultra-distance et les sorties rapides. Parfaite pour ranger ton \u00e9quipement l\u00e9ger, son syst\u00e8me de fixation trois points la maintient solidement en place et r\u00e9duit la tra\u00een\u00e9e tandis que les d\u00e9tails r\u00e9fl\u00e9chissants am\u00e9liorent la visibilit\u00e9. Choisis 3 L pour les sorties rapides et l\u00e9g\u00e8res, les [&hellip;]<\/p>\n","protected":false},"featured_media":7674,"template":"","meta":{"_et_pb_use_builder":"","_et_pb_old_content":"","_et_gb_content_width":"","om_disable_all_campaigns":false,"_monsterinsights_skip_tracking":false,"_monsterinsights_sitenote_active":false,"_monsterinsights_sitenote_note":"","_monsterinsights_sitenote_category":0},"pwb-brand":[],"product_brand":[],"product_cat":[756,848],"product_tag":[933],"class_list":{"0":"post-10388","1":"product","2":"type-product","3":"status-publish","4":"has-post-thumbnail","6":"product_cat-non-classe","7":"product_cat-sacoches-de-bikepacking","8":"product_tag-bikepacking-hambourg","10":"first","11":"outofstock","12":"taxable","13":"shipping-taxable","14":"product-type-variable"},"aioseo_notices":[],"brands":[],"_links":{"self":[{"href":"https:\/\/gravel-bikes.cc\/fr\/wp-json\/wp\/v2\/product\/10388","targetHints":{"allow":["GET"]}}],"collection":[{"href":"https:\/\/gravel-bikes.cc\/fr\/wp-json\/wp\/v2\/product"}],"about":[{"href":"https:\/\/gravel-bikes.cc\/fr\/wp-json\/wp\/v2\/types\/product"}],"wp:featuredmedia":[{"embeddable":true,"href":"https:\/\/gravel-bikes.cc\/fr\/wp-json\/wp\/v2\/media\/7674"}],"wp:attachment":[{"href":"https:\/\/gravel-bikes.cc\/fr\/wp-json\/wp\/v2\/media?parent=10388"}],"wp:term":[{"taxonomy":"pwb-brand","embeddable":true,"href":"https:\/\/gravel-bikes.cc\/fr\/wp-json\/wp\/v2\/pwb-brand?post=10388"},{"taxonomy":"product_brand","embeddable":true,"href":"https:\/\/gravel-bikes.cc\/fr\/wp-json\/wp\/v2\/product_brand?post=10388"},{"taxonomy":"product_cat","embeddable":true,"href":"https:\/\/gravel-bikes.cc\/fr\/wp-json\/wp\/v2\/product_cat?post=10388"},{"taxonomy":"product_tag","embeddable":true,"href":"https:\/\/gravel-bikes.cc\/fr\/wp-json\/wp\/v2\/product_tag?post=10388"}],"curies":[{"name":"wp","href":"https:\/\/api.w.org\/{rel}","templated":true}]}}