{"id":10390,"date":"2026-02-20T16:07:20","date_gmt":"2026-02-20T16:07:20","guid":{"rendered":"https:\/\/gravel-bikes.cc\/produkt\/sacoche-de-selle-apidura-expedition\/"},"modified":"2026-02-20T16:07:20","modified_gmt":"2026-02-20T16:07:20","slug":"sacoche-de-selle-apidura-expedition","status":"publish","type":"product","link":"https:\/\/gravel-bikes.cc\/fr\/produkt\/sacoche-de-selle-apidura-expedition\/","title":{"rendered":"Sacoche de selle APIDURA Expedition"},"content":{"rendered":"","protected":false},"excerpt":{"rendered":"<p>Notre sacoche de selle la plus robuste et spacieuse, con\u00e7ue pour transporter v\u00eatements et \u00e9quipement lors de longues randonn\u00e9es bikepacking.<\/p>\n<p>Notre syst\u00e8me anti-balancement maintient ton \u00e9quipement en s\u00e9curit\u00e9 sous la selle, sans n\u00e9cessiter de porte-bagages arri\u00e8re. La fermeture roll-top et la valve de d\u00e9compression te permettent d&#8217;ajuster la capacit\u00e9 du sac selon tes besoins, que tu roules pendant des jours, des semaines ou des mois. <\/p>\n<p>\u2013 Construction robuste<br \/>\n\u2013 Valve de d\u00e9compression<br \/>\n\u2013 Fixation anti-balancement<br \/>\n\u2013 Capacit\u00e9 modulable<br \/>\n\u2013 \u00c9tanch\u00e9it\u00e9 par soudure des coutures<\/p>\n","protected":false},"featured_media":7663,"template":"","meta":{"_et_pb_use_builder":"","_et_pb_old_content":"","_et_gb_content_width":"","om_disable_all_campaigns":false,"_monsterinsights_skip_tracking":false,"_monsterinsights_sitenote_active":false,"_monsterinsights_sitenote_note":"","_monsterinsights_sitenote_category":0},"pwb-brand":[],"product_brand":[],"product_cat":[848],"product_tag":[],"class_list":{"0":"post-10390","1":"product","2":"type-product","3":"status-publish","4":"has-post-thumbnail","6":"product_cat-sacoches-de-bikepacking","8":"first","9":"instock","10":"taxable","11":"shipping-taxable","12":"purchasable","13":"product-type-variable"},"aioseo_notices":[],"brands":[],"_links":{"self":[{"href":"https:\/\/gravel-bikes.cc\/fr\/wp-json\/wp\/v2\/product\/10390","targetHints":{"allow":["GET"]}}],"collection":[{"href":"https:\/\/gravel-bikes.cc\/fr\/wp-json\/wp\/v2\/product"}],"about":[{"href":"https:\/\/gravel-bikes.cc\/fr\/wp-json\/wp\/v2\/types\/product"}],"wp:featuredmedia":[{"embeddable":true,"href":"https:\/\/gravel-bikes.cc\/fr\/wp-json\/wp\/v2\/media\/7663"}],"wp:attachment":[{"href":"https:\/\/gravel-bikes.cc\/fr\/wp-json\/wp\/v2\/media?parent=10390"}],"wp:term":[{"taxonomy":"pwb-brand","embeddable":true,"href":"https:\/\/gravel-bikes.cc\/fr\/wp-json\/wp\/v2\/pwb-brand?post=10390"},{"taxonomy":"product_brand","embeddable":true,"href":"https:\/\/gravel-bikes.cc\/fr\/wp-json\/wp\/v2\/product_brand?post=10390"},{"taxonomy":"product_cat","embeddable":true,"href":"https:\/\/gravel-bikes.cc\/fr\/wp-json\/wp\/v2\/product_cat?post=10390"},{"taxonomy":"product_tag","embeddable":true,"href":"https:\/\/gravel-bikes.cc\/fr\/wp-json\/wp\/v2\/product_tag?post=10390"}],"curies":[{"name":"wp","href":"https:\/\/api.w.org\/{rel}","templated":true}]}}