{"id":10391,"date":"2026-02-04T08:22:43","date_gmt":"2026-02-04T08:22:43","guid":{"rendered":"https:\/\/gravel-bikes.cc\/produkt\/selle-sq-lab-ergowave-2-2\/"},"modified":"2026-02-04T08:22:43","modified_gmt":"2026-02-04T08:22:43","slug":"selle-sq-lab-ergowave-2-2","status":"publish","type":"product","link":"https:\/\/gravel-bikes.cc\/fr\/produkt\/selle-sq-lab-ergowave-2-2\/","title":{"rendered":"Selle SQ LAB ERGOWAVE 2.2"},"content":{"rendered":"","protected":false},"excerpt":{"rendered":"<h3>Forme ERGOWAVE\u00ae \u00e9prouv\u00e9e<\/h3>\n<p>La forme \u00e9tag\u00e9e ERGOWAVE\u00ae guide les ischions vers une surface d&#8217;appui clairement d\u00e9finie et stabilise le bassin sous charge. Les zones sensibles sont ainsi soulag\u00e9es et une base stable est cr\u00e9\u00e9e pour un transfert de puissance efficace. <\/p>\n","protected":false},"featured_media":7146,"template":"","meta":{"_et_pb_use_builder":"","_et_pb_old_content":"","_et_gb_content_width":"","om_disable_all_campaigns":false,"_monsterinsights_skip_tracking":false,"_monsterinsights_sitenote_active":false,"_monsterinsights_sitenote_note":"","_monsterinsights_sitenote_category":0},"pwb-brand":[],"product_brand":[],"product_cat":[756,857],"product_tag":[],"class_list":{"0":"post-10391","1":"product","2":"type-product","3":"status-publish","4":"has-post-thumbnail","6":"product_cat-non-classe","7":"product_cat-selles","9":"first","10":"instock","11":"taxable","12":"shipping-taxable","13":"purchasable","14":"product-type-variable"},"aioseo_notices":[],"brands":[],"_links":{"self":[{"href":"https:\/\/gravel-bikes.cc\/fr\/wp-json\/wp\/v2\/product\/10391","targetHints":{"allow":["GET"]}}],"collection":[{"href":"https:\/\/gravel-bikes.cc\/fr\/wp-json\/wp\/v2\/product"}],"about":[{"href":"https:\/\/gravel-bikes.cc\/fr\/wp-json\/wp\/v2\/types\/product"}],"wp:featuredmedia":[{"embeddable":true,"href":"https:\/\/gravel-bikes.cc\/fr\/wp-json\/wp\/v2\/media\/7146"}],"wp:attachment":[{"href":"https:\/\/gravel-bikes.cc\/fr\/wp-json\/wp\/v2\/media?parent=10391"}],"wp:term":[{"taxonomy":"pwb-brand","embeddable":true,"href":"https:\/\/gravel-bikes.cc\/fr\/wp-json\/wp\/v2\/pwb-brand?post=10391"},{"taxonomy":"product_brand","embeddable":true,"href":"https:\/\/gravel-bikes.cc\/fr\/wp-json\/wp\/v2\/product_brand?post=10391"},{"taxonomy":"product_cat","embeddable":true,"href":"https:\/\/gravel-bikes.cc\/fr\/wp-json\/wp\/v2\/product_cat?post=10391"},{"taxonomy":"product_tag","embeddable":true,"href":"https:\/\/gravel-bikes.cc\/fr\/wp-json\/wp\/v2\/product_tag?post=10391"}],"curies":[{"name":"wp","href":"https:\/\/api.w.org\/{rel}","templated":true}]}}