{"id":10397,"date":"2026-02-03T11:18:11","date_gmt":"2026-02-03T11:18:11","guid":{"rendered":"https:\/\/gravel-bikes.cc\/produkt\/chaine-kmc-x-11\/"},"modified":"2026-02-03T11:18:11","modified_gmt":"2026-02-03T11:18:11","slug":"chaine-kmc-x-11","status":"publish","type":"product","link":"https:\/\/gravel-bikes.cc\/fr\/produkt\/chaine-kmc-x-11\/","title":{"rendered":"Cha\u00eene KMC X 11"},"content":{"rendered":"<ul>\n<li>Compatible avec tous les d\u00e9railleurs 11 vitesses<\/li>\n<li>MissingLink inclus<\/li>\n<li>Passages de vitesses parfaits gr\u00e2ce au Double X-Bridge (plaquettes biseaut\u00e9es)<\/li>\n<\/ul>\n<ul>\n<li><strong>Taille :<\/strong> 1\/2&#8243; X 11\/128&#8243;<\/li>\n<li><strong>Couleur :<\/strong> Argent\/Noir nickel\u00e9<\/li>\n<li><strong>Longueur de boulon :<\/strong> 5,65 mm<\/li>\n<li><strong>Longueur :<\/strong> 114 maillons<\/li>\n<\/ul>\n","protected":false},"excerpt":{"rendered":"<p>Compatible avec tous les d\u00e9railleurs 11 vitesses MissingLink inclus Passages de vitesses parfaits gr\u00e2ce au Double X-Bridge (plaquettes biseaut\u00e9es) Taille : 1\/2&#8243; X 11\/128&#8243; Couleur : Argent\/Noir nickel\u00e9 Longueur de boulon : 5,65 mm Longueur : 114 maillons<\/p>\n","protected":false},"featured_media":7131,"template":"","meta":{"_et_pb_use_builder":"","_et_pb_old_content":"","_et_gb_content_width":"","om_disable_all_campaigns":false,"_monsterinsights_skip_tracking":false,"_monsterinsights_sitenote_active":false,"_monsterinsights_sitenote_note":"","_monsterinsights_sitenote_category":0},"pwb-brand":[],"product_brand":[],"product_cat":[756],"product_tag":[],"class_list":{"0":"post-10397","1":"product","2":"type-product","3":"status-publish","4":"has-post-thumbnail","6":"product_cat-non-classe","8":"first","9":"instock","10":"taxable","11":"shipping-taxable","12":"product-type-simple"},"aioseo_notices":[],"brands":[],"_links":{"self":[{"href":"https:\/\/gravel-bikes.cc\/fr\/wp-json\/wp\/v2\/product\/10397","targetHints":{"allow":["GET"]}}],"collection":[{"href":"https:\/\/gravel-bikes.cc\/fr\/wp-json\/wp\/v2\/product"}],"about":[{"href":"https:\/\/gravel-bikes.cc\/fr\/wp-json\/wp\/v2\/types\/product"}],"wp:featuredmedia":[{"embeddable":true,"href":"https:\/\/gravel-bikes.cc\/fr\/wp-json\/wp\/v2\/media\/7131"}],"wp:attachment":[{"href":"https:\/\/gravel-bikes.cc\/fr\/wp-json\/wp\/v2\/media?parent=10397"}],"wp:term":[{"taxonomy":"pwb-brand","embeddable":true,"href":"https:\/\/gravel-bikes.cc\/fr\/wp-json\/wp\/v2\/pwb-brand?post=10397"},{"taxonomy":"product_brand","embeddable":true,"href":"https:\/\/gravel-bikes.cc\/fr\/wp-json\/wp\/v2\/product_brand?post=10397"},{"taxonomy":"product_cat","embeddable":true,"href":"https:\/\/gravel-bikes.cc\/fr\/wp-json\/wp\/v2\/product_cat?post=10397"},{"taxonomy":"product_tag","embeddable":true,"href":"https:\/\/gravel-bikes.cc\/fr\/wp-json\/wp\/v2\/product_tag?post=10397"}],"curies":[{"name":"wp","href":"https:\/\/api.w.org\/{rel}","templated":true}]}}