{"id":10404,"date":"2026-02-04T09:43:45","date_gmt":"2026-02-04T09:43:45","guid":{"rendered":"https:\/\/gravel-bikes.cc\/produkt\/sac-de-bikepacking-mwave-11-l-2\/"},"modified":"2026-02-04T09:43:45","modified_gmt":"2026-02-04T09:43:45","slug":"sac-de-bikepacking-mwave-11-l-2","status":"publish","type":"product","link":"https:\/\/gravel-bikes.cc\/fr\/produkt\/sac-de-bikepacking-mwave-11-l-2\/","title":{"rendered":"Sac de bikepacking MWAVE 11 L"},"content":{"rendered":"<ul>\n<li>100% imperm\u00e9able<\/li>\n<li>Mati\u00e8re ultra-r\u00e9sistante avec coutures soud\u00e9es<\/li>\n<li>Fixation par fermetures Velcro<\/li>\n<\/ul>\n","protected":false},"excerpt":{"rendered":"<p>100% imperm\u00e9able Mati\u00e8re ultra-r\u00e9sistante avec coutures soud\u00e9es Fixation par fermetures Velcro<\/p>\n","protected":false},"featured_media":7259,"template":"","meta":{"_et_pb_use_builder":"","_et_pb_old_content":"","_et_gb_content_width":"","om_disable_all_campaigns":false,"_monsterinsights_skip_tracking":false,"_monsterinsights_sitenote_active":false,"_monsterinsights_sitenote_note":"","_monsterinsights_sitenote_category":0},"pwb-brand":[],"product_brand":[],"product_cat":[848],"product_tag":[],"class_list":{"0":"post-10404","1":"product","2":"type-product","3":"status-publish","4":"has-post-thumbnail","6":"product_cat-sacoches-de-bikepacking","8":"first","9":"instock","10":"taxable","11":"shipping-taxable","12":"purchasable","13":"product-type-simple"},"aioseo_notices":[],"brands":[],"_links":{"self":[{"href":"https:\/\/gravel-bikes.cc\/fr\/wp-json\/wp\/v2\/product\/10404","targetHints":{"allow":["GET"]}}],"collection":[{"href":"https:\/\/gravel-bikes.cc\/fr\/wp-json\/wp\/v2\/product"}],"about":[{"href":"https:\/\/gravel-bikes.cc\/fr\/wp-json\/wp\/v2\/types\/product"}],"wp:featuredmedia":[{"embeddable":true,"href":"https:\/\/gravel-bikes.cc\/fr\/wp-json\/wp\/v2\/media\/7259"}],"wp:attachment":[{"href":"https:\/\/gravel-bikes.cc\/fr\/wp-json\/wp\/v2\/media?parent=10404"}],"wp:term":[{"taxonomy":"pwb-brand","embeddable":true,"href":"https:\/\/gravel-bikes.cc\/fr\/wp-json\/wp\/v2\/pwb-brand?post=10404"},{"taxonomy":"product_brand","embeddable":true,"href":"https:\/\/gravel-bikes.cc\/fr\/wp-json\/wp\/v2\/product_brand?post=10404"},{"taxonomy":"product_cat","embeddable":true,"href":"https:\/\/gravel-bikes.cc\/fr\/wp-json\/wp\/v2\/product_cat?post=10404"},{"taxonomy":"product_tag","embeddable":true,"href":"https:\/\/gravel-bikes.cc\/fr\/wp-json\/wp\/v2\/product_tag?post=10404"}],"curies":[{"name":"wp","href":"https:\/\/api.w.org\/{rel}","templated":true}]}}